{"id":31127,"date":"2024-12-12T10:24:06","date_gmt":"2024-12-12T10:24:06","guid":{"rendered":"https:\/\/thetenerifechannel.com\/product\/tour-de-velo-de-descente-du-teide\/"},"modified":"2026-05-05T13:20:08","modified_gmt":"2026-05-05T13:20:08","slug":"tour-de-velo-de-descente-du-teide","status":"publish","type":"product","link":"https:\/\/thetenerifechannel.com\/fr\/excursions\/tour-de-velo-de-descente-du-teide\/","title":{"rendered":"Tour de v\u00e9lo de descente du Teide"},"content":{"rendered":"<section class=\"l-section wpb_row height_huge\"><div class=\"l-section-h i-cf\"><div class=\"g-cols vc_row via_grid cols_1 laptops-cols_inherit tablets-cols_inherit mobiles-cols_1 valign_top type_default stacking_default\"><div class=\"wpb_column vc_column_container\"><div class=\"vc_column-inner\"><div class=\"wpb_text_column\"><div class=\"wpb_wrapper\"><div class=\"flex max-w-full flex-col flex-grow\">\n<div class=\"min-h-8 text-message flex w-full flex-col items-end gap-2 whitespace-normal break-words text-start &#091;.text-message+&amp;&#093;:mt-5\" dir=\"auto\" data-message-author-role=\"assistant\" data-message-id=\"43375018-f0f5-4884-b7da-62fad3812d9d\" data-message-model-slug=\"gpt-4o\">\n<div class=\"flex w-full flex-col gap-1 empty:hidden first:pt-&#091;3px&#093;\">\n<div class=\"markdown prose w-full break-words dark:prose-invert light\">\n<p>D\u00e9couvrez T\u00e9n\u00e9rife du volcan \u00e0 la mer, en descendant \u00e0 v\u00e9lo sans effort ! D\u00e9couvrez les joies d&#8217;une balade \u00e0 v\u00e9lo d\u00e9tendue et la beaut\u00e9 cach\u00e9e de l&#8217;authentique T\u00e9n\u00e9rife. Profitez de 36 kilom\u00e8tres de v\u00e9lo de descente sur des routes pav\u00e9es, guid\u00e9 par une \u00e9quipe professionnelle avec un v\u00e9hicule d&#8217;assistance. Prenez votre temps, arr\u00eatez-vous pour prendre des photos et laissez-vous s\u00e9duire par le charme de l&#8217;\u00eele.   <\/p>\n<p>Commen\u00e7ant dans le parc national de Teide, le voyage vous emm\u00e8ne \u00e0 travers les volcans, les for\u00eats, les villages pittoresques et les d\u00e9serts, pour se terminer au bord de l&#8217;oc\u00e9an. Nous viendrons vous chercher \u00e0 votre h\u00f4tel ou appartement \u00e0 Los Cristianos ou Las Americas et vous conduirons au point de d\u00e9part, en faisant m\u00eame un d\u00e9tour pour visiter le mont Teide si vous ne l&#8217;avez pas encore vu. <\/p>\n<p>Au d\u00e9part, nous vous fournissons tout l&#8217;\u00e9quipement n\u00e9cessaire &#8211; casque, gants, gilet r\u00e9fl\u00e9chissant, coupe-vent (en hiver), et un v\u00e9lo adapt\u00e9 \u00e0 votre taille. Un v\u00e9hicule d&#8217;assistance transportera vos affaires et vous assurera une conduite confortable. <\/p>\n<p>La descente dure environ 2,5 heures, avec diff\u00e9rents arr\u00eats. Apr\u00e8s la randonn\u00e9e, nous vous ram\u00e8nerons \u00e0 votre h\u00e9bergement. Cette excursion est \u00e9cologique, amusante et inoubliable.  <\/p>\n<p>La visite\/prise en charge commence entre 12h00 et 14h00.<\/p>\n<p><strong>INCLUS :<\/strong><\/p>\n<ul>\n<li><span><span>Prise en charge et transport jusqu&#8217;au point de d\u00e9part de l&#8217;excursion. A <\/span><\/span>lieux de prise en charge : Los Cristianos, Las Am\u00e9ricas, Costa Adeje. En dehors de ces zones, un suppl\u00e9ment de 10 \u20ac est demand\u00e9. <\/li>\n<li><span>Gants et casque inclus. Equipement adapt\u00e9 aux conditions m\u00e9t\u00e9orologiques. <\/span><\/li>\n<li><span>Accompagn\u00e9 d&#8217;un v\u00e9hicule d&#8217;assistance tout au long du trajet.<\/span><\/li>\n<\/ul>\n<\/div>\n<\/div>\n<\/div>\n<\/div>\n<\/div><\/div><\/div><\/div><\/div><\/div><\/section>\n","protected":false},"excerpt":{"rendered":"<p><span>Explorez les paysages \u00e9poustouflants de Tenerife lors d&#8217;une randonn\u00e9e guid\u00e9e de 36 km en v\u00e9lo de descente depuis le mont Teide, avec des arr\u00eats pittoresques et des activit\u00e9s respectueuses de l&#8217;environnement.<\/span><\/p>\n","protected":false},"featured_media":31103,"template":"","meta":{"_acf_changed":false,"_joinchat":[]},"product_brand":[],"product_cat":[151],"product_tag":[387,386,384,385,513,388,404],"class_list":{"0":"post-31127","1":"product","2":"type-product","3":"status-publish","4":"has-post-thumbnail","6":"product_cat-teide-tenerife-fr","7":"product_tag-a-group-solo","8":"product_tag-a-groupe-amis","9":"product_tag-a-groupe-couples","10":"product_tag-a-groupe-familles","11":"product_tag-a-must-teide-solo","12":"product_tag-a-vibe-adventure","13":"product_tag-a-vibe-nature","15":"first","16":"instock","17":"virtual","18":"sold-individually","19":"purchasable","20":"product-type-booking"},"acf":[],"_links":{"self":[{"href":"https:\/\/thetenerifechannel.com\/fr\/wp-json\/wp\/v2\/product\/31127","targetHints":{"allow":["GET"]}}],"collection":[{"href":"https:\/\/thetenerifechannel.com\/fr\/wp-json\/wp\/v2\/product"}],"about":[{"href":"https:\/\/thetenerifechannel.com\/fr\/wp-json\/wp\/v2\/types\/product"}],"wp:featuredmedia":[{"embeddable":true,"href":"https:\/\/thetenerifechannel.com\/fr\/wp-json\/wp\/v2\/media\/31103"}],"wp:attachment":[{"href":"https:\/\/thetenerifechannel.com\/fr\/wp-json\/wp\/v2\/media?parent=31127"}],"wp:term":[{"taxonomy":"product_brand","embeddable":true,"href":"https:\/\/thetenerifechannel.com\/fr\/wp-json\/wp\/v2\/product_brand?post=31127"},{"taxonomy":"product_cat","embeddable":true,"href":"https:\/\/thetenerifechannel.com\/fr\/wp-json\/wp\/v2\/product_cat?post=31127"},{"taxonomy":"product_tag","embeddable":true,"href":"https:\/\/thetenerifechannel.com\/fr\/wp-json\/wp\/v2\/product_tag?post=31127"}],"curies":[{"name":"wp","href":"https:\/\/api.w.org\/{rel}","templated":true}]}}