{"id":33864,"date":"2025-01-17T09:07:10","date_gmt":"2025-01-17T09:07:10","guid":{"rendered":"https:\/\/thetenerifechannel.com\/product\/equitation\/"},"modified":"2026-03-31T10:48:12","modified_gmt":"2026-03-31T10:48:12","slug":"equitation","status":"publish","type":"product","link":"https:\/\/thetenerifechannel.com\/fr\/excursions\/equitation\/","title":{"rendered":"\u00c9quitation"},"content":{"rendered":"<section class=\"l-section wpb_row height_huge\"><div class=\"l-section-h i-cf\"><div class=\"g-cols vc_row via_grid cols_1 laptops-cols_inherit tablets-cols_inherit mobiles-cols_1 valign_top type_default stacking_default\"><div class=\"wpb_column vc_column_container\"><div class=\"vc_column-inner\"><div class=\"wpb_text_column\"><div class=\"wpb_wrapper\"><p><span>Embarquez pour une promenade \u00e0 cheval d&#8217;une heure sur un sentier volcanique, o\u00f9 vous verrez des paysages typiques des Canaries et des formations de lave.<br \/>\nSi vous souhaitez vous aventurer un peu plus loin, choisissez l&#8217;itin\u00e9raire de deux heures qui descend jusqu&#8217;\u00e0 la mer et qui vous permettra de profiter de la vue sur la c\u00f4te.<\/span><\/p>\n<p><span>Les excursions sont disponibles pour les personnes \u00e2g\u00e9es de 6 ans et plus, avec une limite de poids maximale de 95 kg pour assurer le bien-\u00eatre des animaux. Il existe un service de ramassage dans le sud de Tenerife (de Callao Salvaje \u00e0 El M\u00e9dano), mais veuillez noter que ce service n&#8217;est pas disponible le week-end et qu&#8217;un co\u00fbt suppl\u00e9mentaire de 10 \u20ac par famille (jusqu&#8217;\u00e0 7 personnes au m\u00eame point de ramassage) doit \u00eatre pay\u00e9 directement \u00e0 l&#8217;organisateur le jour de l&#8217;excursion. <\/span><\/p>\n<\/div><\/div><\/div><\/div><\/div><\/div><\/section>\n","protected":false},"excerpt":{"rendered":"<p><span>Embarquez pour une randonn\u00e9e d&#8217;une heure sur un sentier volcanique typique des Canaries, ou optez pour un trajet de deux heures qui vous m\u00e8nera jusqu&#8217;\u00e0 la mer.<\/span><\/p>\n","protected":false},"featured_media":33829,"template":"","meta":{"_acf_changed":false,"_joinchat":[]},"product_brand":[],"product_cat":[274],"product_tag":[],"class_list":{"0":"post-33864","1":"product","2":"type-product","3":"status-publish","4":"has-post-thumbnail","6":"product_cat-aventure-dans-la-nature","7":"pa_depart-from-sud-de-lile","9":"first","10":"instock","11":"virtual","12":"sold-individually","13":"purchasable","14":"product-type-booking"},"acf":[],"_links":{"self":[{"href":"https:\/\/thetenerifechannel.com\/fr\/wp-json\/wp\/v2\/product\/33864","targetHints":{"allow":["GET"]}}],"collection":[{"href":"https:\/\/thetenerifechannel.com\/fr\/wp-json\/wp\/v2\/product"}],"about":[{"href":"https:\/\/thetenerifechannel.com\/fr\/wp-json\/wp\/v2\/types\/product"}],"wp:featuredmedia":[{"embeddable":true,"href":"https:\/\/thetenerifechannel.com\/fr\/wp-json\/wp\/v2\/media\/33829"}],"wp:attachment":[{"href":"https:\/\/thetenerifechannel.com\/fr\/wp-json\/wp\/v2\/media?parent=33864"}],"wp:term":[{"taxonomy":"product_brand","embeddable":true,"href":"https:\/\/thetenerifechannel.com\/fr\/wp-json\/wp\/v2\/product_brand?post=33864"},{"taxonomy":"product_cat","embeddable":true,"href":"https:\/\/thetenerifechannel.com\/fr\/wp-json\/wp\/v2\/product_cat?post=33864"},{"taxonomy":"product_tag","embeddable":true,"href":"https:\/\/thetenerifechannel.com\/fr\/wp-json\/wp\/v2\/product_tag?post=33864"}],"curies":[{"name":"wp","href":"https:\/\/api.w.org\/{rel}","templated":true}]}}