{"id":3478,"date":"2024-01-18T15:10:33","date_gmt":"2024-01-18T15:10:33","guid":{"rendered":"https:\/\/thetenerifechannel.com\/excursions\/royal-delfin-croisiere-de-3-heures-sur-latlantique\/"},"modified":"2026-03-09T14:11:54","modified_gmt":"2026-03-09T14:11:54","slug":"royal-delfin-croisiere-de-3-heures-sur-latlantique","status":"publish","type":"product","link":"https:\/\/thetenerifechannel.com\/fr\/excursions\/royal-delfin-croisiere-de-3-heures-sur-latlantique\/","title":{"rendered":"Royal Delfin &#8211; Croisi\u00e8re de 3 heures sur l&#8217;Atlantique"},"content":{"rendered":"<p>Rep\u00e9rez les baleines et les dauphins lors de cette croisi\u00e8re de 3 heures sur le catamaran Royal Delfin, avec une vision sous-marine exclusive. Ce circuit part de Puerto Colon, Costa Adeje. Il naviguera le long de la c\u00f4te, de Playa de Las Am\u00e9ricas \u00e0 La Caleta, o\u00f9 vous vous arr\u00eaterez dans la baie pour vous baigner et profiter d&#8217;un d\u00e9jeuner de courtoisie. Les boissons sont incluses pendant toute la dur\u00e9e du voyage.   <\/p>\n<p><strong>Inclus :<\/strong><\/p>\n<ul>\n<li>Billet \u00e9lectronique.<\/li>\n<li>Guides sp\u00e9cialis\u00e9s \u00e0 bord.<\/li>\n<li>Prise en charge dans les principaux h\u00f4tels du sud de T\u00e9n\u00e9rife.<\/li>\n<li>D\u00e9jeuner : repas chaud (possibilit\u00e9 d&#8217;un menu alternatif adapt\u00e9 aux v\u00e9g\u00e9tariens et aux personnes atteintes de la maladie c\u0153liaque sur r\u00e9servation).<\/li>\n<li>Boissons incluses pendant toute la dur\u00e9e de l&#8217;excursion : bi\u00e8re, sangria, jus, eau et boissons non alcoolis\u00e9es.<\/li>\n<li>Arr\u00eatez-vous pour faire trempette \u00e0 La Caleta.<\/li>\n<\/ul>\n<p><strong>Non inclus :<\/strong><\/p>\n<ul>\n<li>Cr\u00e8me solaire<\/li>\n<li>Serviettes<\/li>\n<li>Masques et tubas<\/li>\n<\/ul>\n<p>&nbsp;<\/p>\n","protected":false},"excerpt":{"rendered":"<p>Profitez d&#8217;une exp\u00e9rience unique en observant les baleines et les dauphins \u00e0 bord d&#8217;un catamaran \u00e0 vision sous-marine exclusive lors de cette croisi\u00e8re de 3 heures dans l&#8217;Atlantique.<\/p>\n","protected":false},"featured_media":3485,"template":"","meta":{"_acf_changed":false,"_joinchat":[]},"product_brand":[],"product_cat":[145],"product_tag":[],"class_list":{"0":"post-3478","1":"product","2":"type-product","3":"status-publish","4":"has-post-thumbnail","6":"product_cat-observation-des-baleines-a-tenerife","7":"pa_depart-from-sud-de-lile","9":"first","10":"instock","11":"virtual","12":"sold-individually","13":"purchasable","14":"product-type-booking"},"acf":[],"_links":{"self":[{"href":"https:\/\/thetenerifechannel.com\/fr\/wp-json\/wp\/v2\/product\/3478","targetHints":{"allow":["GET"]}}],"collection":[{"href":"https:\/\/thetenerifechannel.com\/fr\/wp-json\/wp\/v2\/product"}],"about":[{"href":"https:\/\/thetenerifechannel.com\/fr\/wp-json\/wp\/v2\/types\/product"}],"wp:featuredmedia":[{"embeddable":true,"href":"https:\/\/thetenerifechannel.com\/fr\/wp-json\/wp\/v2\/media\/3485"}],"wp:attachment":[{"href":"https:\/\/thetenerifechannel.com\/fr\/wp-json\/wp\/v2\/media?parent=3478"}],"wp:term":[{"taxonomy":"product_brand","embeddable":true,"href":"https:\/\/thetenerifechannel.com\/fr\/wp-json\/wp\/v2\/product_brand?post=3478"},{"taxonomy":"product_cat","embeddable":true,"href":"https:\/\/thetenerifechannel.com\/fr\/wp-json\/wp\/v2\/product_cat?post=3478"},{"taxonomy":"product_tag","embeddable":true,"href":"https:\/\/thetenerifechannel.com\/fr\/wp-json\/wp\/v2\/product_tag?post=3478"}],"curies":[{"name":"wp","href":"https:\/\/api.w.org\/{rel}","templated":true}]}}