{"id":35293,"date":"2024-12-26T09:47:02","date_gmt":"2024-12-26T09:47:02","guid":{"rendered":"https:\/\/thetenerifechannel.com\/product\/bat-4-all\/"},"modified":"2025-11-29T08:48:06","modified_gmt":"2025-11-29T08:48:06","slug":"bat-4-all","status":"publish","type":"product","link":"https:\/\/thetenerifechannel.com\/fr\/excursions\/bat-4-all\/","title":{"rendered":"Bat 4 All"},"content":{"rendered":"<p>Bat4All est un bateau inclusif con\u00e7u pour tout le monde, y compris les personnes \u00e0 mobilit\u00e9 r\u00e9duite. Il peut accueillir jusqu&#8217;\u00e0 10 personnes et 4 fauteuils roulants, ce qui garantit le confort et l&#8217;accessibilit\u00e9. La visite dure 3 heures.<\/p>\n<p>Profitez du spacieux pont arri\u00e8re, d\u00e9tendez-vous sur les coussins de proue ou rendez-vous sur le pont sup\u00e9rieur avec des si\u00e8ges et une terrasse couverte de gazon, id\u00e9ale pour observer les baleines. Une plate-forme hydraulique permet d&#8217;acc\u00e9der \u00e0 la mer en toute s\u00e9curit\u00e9, m\u00eame pour les personnes \u00e0 mobilit\u00e9 r\u00e9duite.<\/p>\n<p>Explorez la r\u00e9serve marine avec des guides experts et rep\u00e9rez les tortues, les dauphins et les baleines. Le mat\u00e9riel de plong\u00e9e avec tuba est inclus, et apr\u00e8s une baignade dans des eaux chaudes et calmes, d\u00e9gustez un d\u00e9licieux repas italien \u00e0 base de p\u00e2tes froides.<br \/>\nAvec une salle de bain accessible aux fauteuils roulants et une assistance fournie par l&#8217;\u00e9quipage, Bat4All s&#8217;assure que tout le monde peut profiter de la baignade, de la plong\u00e9e avec tuba et de la d\u00e9tente. Id\u00e9al pour les familles et les \u00e9v\u00e9nements priv\u00e9s, c&#8217;est le choix parfait pour une journ\u00e9e m\u00e9morable en mer.<\/p>\n<p><strong>INCLUS :<\/strong><\/p>\n<ul>\n<li>D\u00e9jeuner et boissons (eau et boissons non alcoolis\u00e9es)<\/li>\n<li>Groupe r\u00e9duit<\/li>\n<\/ul>\n<p><strong>NON COMPRIS :<\/strong><\/p>\n<ul>\n<li>Transport<\/li>\n<\/ul>\n","protected":false},"excerpt":{"rendered":"<p>Bat4All<span> est un bateau exceptionnel et inclusif, con\u00e7u pour offrir une <\/span> <span>exp\u00e9rience de navigation <\/span>accessible \u00e0 <span>tous, y compris aux <\/span>personnes \u00e0 mobilit\u00e9 r\u00e9duite.<span> Ce bateau sans barri\u00e8re peut accueillir jusqu&#8217;\u00e0 10 personnes et 4 fauteuils roulants, garantissant confort et personnalisation.<\/span><\/p>\n","protected":false},"featured_media":32018,"template":"","meta":{"_acf_changed":false,"_joinchat":[]},"product_brand":[],"product_cat":[145],"product_tag":[],"class_list":{"0":"post-35293","1":"product","2":"type-product","3":"status-publish","4":"has-post-thumbnail","6":"product_cat-observation-des-baleines-a-tenerife","8":"first","9":"instock","10":"sold-individually","11":"shipping-taxable","12":"purchasable","13":"product-type-booking"},"acf":[],"_links":{"self":[{"href":"https:\/\/thetenerifechannel.com\/fr\/wp-json\/wp\/v2\/product\/35293","targetHints":{"allow":["GET"]}}],"collection":[{"href":"https:\/\/thetenerifechannel.com\/fr\/wp-json\/wp\/v2\/product"}],"about":[{"href":"https:\/\/thetenerifechannel.com\/fr\/wp-json\/wp\/v2\/types\/product"}],"wp:featuredmedia":[{"embeddable":true,"href":"https:\/\/thetenerifechannel.com\/fr\/wp-json\/wp\/v2\/media\/32018"}],"wp:attachment":[{"href":"https:\/\/thetenerifechannel.com\/fr\/wp-json\/wp\/v2\/media?parent=35293"}],"wp:term":[{"taxonomy":"product_brand","embeddable":true,"href":"https:\/\/thetenerifechannel.com\/fr\/wp-json\/wp\/v2\/product_brand?post=35293"},{"taxonomy":"product_cat","embeddable":true,"href":"https:\/\/thetenerifechannel.com\/fr\/wp-json\/wp\/v2\/product_cat?post=35293"},{"taxonomy":"product_tag","embeddable":true,"href":"https:\/\/thetenerifechannel.com\/fr\/wp-json\/wp\/v2\/product_tag?post=35293"}],"curies":[{"name":"wp","href":"https:\/\/api.w.org\/{rel}","templated":true}]}}