{"id":3566,"date":"2024-01-17T15:39:14","date_gmt":"2024-01-17T15:39:14","guid":{"rendered":"https:\/\/thetenerifechannel.com\/excursions\/teide-by-night\/"},"modified":"2024-11-20T14:07:37","modified_gmt":"2024-11-20T14:07:37","slug":"teide-by-night","status":"publish","type":"product","link":"https:\/\/thetenerifechannel.com\/fr\/excursions\/teide-by-night\/","title":{"rendered":"Teide By Night"},"content":{"rendered":"<p>Venez d\u00e9couvrir le mont Teide et son parc national. Une destination de choix et un must absolu \u00e0 T\u00e9n\u00e9riffe. Vous verrez les m\u00eames choses que lors de n&#8217;importe quelle excursion d&#8217;une journ\u00e9e au Mont Teide, mais en plus vous aurez le coucher de soleil le plus romantique au-dessus des nuages et vous ferez l&#8217;exp\u00e9rience d&#8217;une s\u00e9ance magique d&#8217;observation des \u00e9toiles dans l&#8217;un des meilleurs ciels du monde. Tous aliment\u00e9s par des lasers et des t\u00e9lescopes.<br \/>\nTeide by Night est le meilleur rapport qualit\u00e9-prix, car il comprend plusieurs excursions en une, ce qui vous permet de profiter pleinement de tous les aspects du mont Teide.<br \/>\nVous serez \u00e9merveill\u00e9s par les vues \u00e0 couper le souffle au coucher du soleil. Levez votre verre aux paysages \u00e9poustouflants avant de vous familiariser avec le ciel profond, ses histoires et la mythologie c\u00e9leste. Ce voyage a pour but d&#8217;apprendre \u00e0 conna\u00eetre T\u00e9n\u00e9riffe. Vous serez pris en charge \u00e0 proximit\u00e9 de votre h\u00f4tel ou de votre logement dans l&#8217;apr\u00e8s-midi. Des boissons pour admirer le coucher du soleil, un repas \u00e0 trois plats avec des vins et des boissons non alcoolis\u00e9es sont tous inclus dans cette excursion.<\/p>\n<p>Teide by Night, la meilleure fa\u00e7on, la plus romantique et la plus magique de d\u00e9couvrir le mont Teide. \u00c0 ne pas manquer lors d&#8217;un s\u00e9jour \u00e0 T\u00e9n\u00e9riffe !<\/p>\n<p><strong>Qu&#8217;est-ce qui est inclus ?<\/strong><\/p>\n<ul>\n<li>D\u00eener de trois plats avec boissons.<\/li>\n<li>Observation des \u00e9toiles avec des t\u00e9lescopes professionnels et des lasers.<\/li>\n<li>Arr\u00eats dans le parc national.<\/li>\n<li>Guide sp\u00e9cialis\u00e9.<\/li>\n<li>Transport \u00e0 proximit\u00e9 de votre logement.<\/li>\n<li>Bus confortable avec air conditionn\u00e9.<\/li>\n<\/ul>\n","protected":false},"excerpt":{"rendered":"<p>Teide By Night est la meilleure fa\u00e7on de visiter le mont Teide. D\u00e9couvrez le parc national de Teide, trinquez \u00e0 un coucher de soleil au-dessus des nuages et admirez les \u00e9toiles et les constellations avec des guides experts, des lasers et des t\u00e9lescopes. D\u00e9couvrez les merveilles du ciel profond lors de cette excursion inoubliable.<br \/>\n<strong>*Langue de l&#8217;excursion : fran\u00e7ais<\/strong><\/p>\n","protected":false},"featured_media":3574,"template":"","meta":{"_acf_changed":false,"_joinchat":[]},"product_brand":[],"product_cat":[152,151],"product_tag":[266],"class_list":{"0":"post-3566","1":"product","2":"type-product","3":"status-publish","4":"has-post-thumbnail","6":"product_cat-circuits-ile-bus-tenerife","7":"product_cat-teide-tenerife-fr","8":"product_tag-cartes-de-visite","10":"first","11":"instock","12":"virtual","13":"sold-individually","14":"purchasable","15":"product-type-booking"},"acf":[],"_links":{"self":[{"href":"https:\/\/thetenerifechannel.com\/fr\/wp-json\/wp\/v2\/product\/3566","targetHints":{"allow":["GET"]}}],"collection":[{"href":"https:\/\/thetenerifechannel.com\/fr\/wp-json\/wp\/v2\/product"}],"about":[{"href":"https:\/\/thetenerifechannel.com\/fr\/wp-json\/wp\/v2\/types\/product"}],"wp:featuredmedia":[{"embeddable":true,"href":"https:\/\/thetenerifechannel.com\/fr\/wp-json\/wp\/v2\/media\/3574"}],"wp:attachment":[{"href":"https:\/\/thetenerifechannel.com\/fr\/wp-json\/wp\/v2\/media?parent=3566"}],"wp:term":[{"taxonomy":"product_brand","embeddable":true,"href":"https:\/\/thetenerifechannel.com\/fr\/wp-json\/wp\/v2\/product_brand?post=3566"},{"taxonomy":"product_cat","embeddable":true,"href":"https:\/\/thetenerifechannel.com\/fr\/wp-json\/wp\/v2\/product_cat?post=3566"},{"taxonomy":"product_tag","embeddable":true,"href":"https:\/\/thetenerifechannel.com\/fr\/wp-json\/wp\/v2\/product_tag?post=3566"}],"curies":[{"name":"wp","href":"https:\/\/api.w.org\/{rel}","templated":true}]}}