{"id":3596,"date":"2024-01-19T07:30:40","date_gmt":"2024-01-19T07:30:40","guid":{"rendered":"https:\/\/thetenerifechannel.com\/excursions\/rapidos-2-heures\/"},"modified":"2026-03-09T13:50:35","modified_gmt":"2026-03-09T13:50:35","slug":"rapidos-2-heures","status":"publish","type":"product","link":"https:\/\/thetenerifechannel.com\/fr\/excursions\/rapidos-2-heures\/","title":{"rendered":"Rapidos 2 heures"},"content":{"rendered":"<p>Au d\u00e9part du port de Los Gigantes, pour une excursion passionnante de 2 heures, nous partons \u00e0 la recherche de baleines ou de dauphins. Apr\u00e8s avoir pris de belles photos de ces cr\u00e9atures, nous nous rapprocherons des falaises de Masca et de Los Gigantes. Ces merveilles naturelles, dont les sommets atteignent pr\u00e8s de 600 m\u00e8tres, comptent parmi les falaises les plus hautes du monde. Dans l&#8217;une des baies, nous jetons l&#8217;ancre, ce qui vous permet de profiter d&#8217;une baignade rafra\u00eechissante. L&#8217;\u00e9quipage comp\u00e9tent veille \u00e0 votre s\u00e9curit\u00e9 et \u00e0 votre confort tout au long de l&#8217;excursion, ce qui en fait une exp\u00e9rience inoubliable.     Ce bateau est id\u00e9al pour les couples et les petits groupes.<\/p>\n<p>En raison du nombre limit\u00e9 de places (12), nous vous recommandons de r\u00e9server votre place \u00e0 l&#8217;avance.<\/p>\n<p><strong>Inclus :<\/strong><\/p>\n<ul>\n<li>Billet \u00e9lectronique.<\/li>\n<li>Petit groupe : max. 12 personnes <\/li>\n<li>Guides sp\u00e9cialis\u00e9s \u00e0 bord.<\/li>\n<li>Arr\u00eat baignade Visite des belles falaises de Los Gigantes et de la baie de Masca.<\/li>\n<\/ul>\n<p><strong>Non inclus :<\/strong><\/p>\n<ul>\n<li>Transport des masques et tubas.<\/li>\n<li>Collation ou boissons (\u00e0 apporter).<\/li>\n<\/ul>\n","protected":false},"excerpt":{"rendered":"<p>Participez \u00e0 une excursion en bateau de 2 heures au d\u00e9part de Los Gigantes pour apercevoir des baleines ou des dauphins. Naviguez pr\u00e8s des falaises imposantes de Masca et de Los Gigantes, et jetez l&#8217;ancre dans l&#8217;une des baies pour une baignade rafra\u00eechissante. Parfait pour les couples et les petits groupes.  <\/p>\n","protected":false},"featured_media":3665,"template":"","meta":{"_acf_changed":false,"_joinchat":[]},"product_brand":[],"product_cat":[145],"product_tag":[],"class_list":{"0":"post-3596","1":"product","2":"type-product","3":"status-publish","4":"has-post-thumbnail","6":"product_cat-observation-des-baleines-a-tenerife","7":"pa_depart-from-sud-de-lile","9":"first","10":"instock","11":"virtual","12":"sold-individually","13":"purchasable","14":"product-type-booking"},"acf":[],"_links":{"self":[{"href":"https:\/\/thetenerifechannel.com\/fr\/wp-json\/wp\/v2\/product\/3596","targetHints":{"allow":["GET"]}}],"collection":[{"href":"https:\/\/thetenerifechannel.com\/fr\/wp-json\/wp\/v2\/product"}],"about":[{"href":"https:\/\/thetenerifechannel.com\/fr\/wp-json\/wp\/v2\/types\/product"}],"wp:featuredmedia":[{"embeddable":true,"href":"https:\/\/thetenerifechannel.com\/fr\/wp-json\/wp\/v2\/media\/3665"}],"wp:attachment":[{"href":"https:\/\/thetenerifechannel.com\/fr\/wp-json\/wp\/v2\/media?parent=3596"}],"wp:term":[{"taxonomy":"product_brand","embeddable":true,"href":"https:\/\/thetenerifechannel.com\/fr\/wp-json\/wp\/v2\/product_brand?post=3596"},{"taxonomy":"product_cat","embeddable":true,"href":"https:\/\/thetenerifechannel.com\/fr\/wp-json\/wp\/v2\/product_cat?post=3596"},{"taxonomy":"product_tag","embeddable":true,"href":"https:\/\/thetenerifechannel.com\/fr\/wp-json\/wp\/v2\/product_tag?post=3596"}],"curies":[{"name":"wp","href":"https:\/\/api.w.org\/{rel}","templated":true}]}}