{"id":3598,"date":"2024-01-18T12:22:35","date_gmt":"2024-01-18T12:22:35","guid":{"rendered":"https:\/\/thetenerifechannel.com\/excursions\/croisiere-dobservation-des-baleines-freebird\/"},"modified":"2026-03-09T13:51:28","modified_gmt":"2026-03-09T13:51:28","slug":"croisiere-dobservation-des-baleines-freebird","status":"publish","type":"product","link":"https:\/\/thetenerifechannel.com\/fr\/excursions\/croisiere-dobservation-des-baleines-freebird\/","title":{"rendered":"Croisi\u00e8re d&#8217;observation des baleines Freebird 3 heures"},"content":{"rendered":"<section class=\"l-section wpb_row height_huge\"><div class=\"l-section-h i-cf\"><div class=\"g-cols vc_row via_grid cols_1 laptops-cols_inherit tablets-cols_inherit mobiles-cols_1 valign_top type_default stacking_default\"><div class=\"wpb_column vc_column_container\"><div class=\"vc_column-inner\"><div class=\"wpb_text_column\"><div class=\"wpb_wrapper\"><p><strong>CRUISE DE 3 HEURES COSTA ADEJE<br \/>\n<\/strong>Si vous cherchez des <span class=\"notion-enable-hover\" data-token-index=\"1\">excursions \u00e0 partir de Costa Adeje<\/span>, vous ne pouvez pas manquer l&#8217;exp\u00e9rience d&#8217;observer les baleines \u00e0 bord d&#8217;un catamaran. Vous pouvez profiter d&#8217;une excursion en bateau \u00e0 Costa Adeje, tout en ayant le plaisir d&#8217;observer les baleines dans leur habitat naturel. En naviguant \u00e0 la recherche de ces animaux incroyables, vous apprendrez des choses int\u00e9ressantes sur les diff\u00e9rentes esp\u00e8ces marines qui peuplent les eaux de Costa Adeje. Observez les globic\u00e9phales, les grands dauphins et les dauphins tachet\u00e9s nager le long du catamaran pour se faire des amis &#8211; n&#8217;oubliez pas de les saluer ! Apr\u00e8s avoir profit\u00e9 au maximum de l&#8217;exp\u00e9rience d&#8217;observation des baleines et des dauphins, vous aurez l&#8217;occasion de vous d\u00e9tendre et de profiter d&#8217;une baignade rafra\u00eechissante dans la mer. La fin parfaite d&#8217;une excursion magique en bateau ! \u00c0 la fin de votre croisi\u00e8re en catamaran autour de Costa Adeje, vous retournerez \u00e0 Puerto Col\u00f3n, d&#8217;o\u00f9 vous retournerez \u00e0 vos points de d\u00e9part.<\/p>\n<p><strong>Inclus :<\/strong><\/p>\n<ul>\n<li>Billet d&#8217;entr\u00e9e \u00e9lectronique.<\/li>\n<li>Rep\u00e9rer les baleines dans leur habitat naturel.<\/li>\n<li>Un sandwich, des boissons non alcoolis\u00e9es, de l&#8217;eau et de la bi\u00e8re (des options v\u00e9g\u00e9tariennes et sans gluten sont disponibles, veuillez les indiquer au moment de la r\u00e9servation).<\/li>\n<li>Guide parlant anglais.<\/li>\n<li>Transfert en bus depuis le sud de l&#8217;\u00eele.<\/li>\n<\/ul>\n<p><strong>Non inclus :<\/strong><\/p>\n<ul>\n<li>Location de transat : 15\u20ac par couple.<\/li>\n<li>Photo souvenir : 10\u20ac<\/li>\n<li>Glaces : 2,50<\/li>\n<li>Masques et tubas.<\/li>\n<\/ul>\n<\/div><\/div><\/div><\/div><\/div><\/div><\/section>\n","protected":false},"excerpt":{"rendered":"<p>Naviguez avec le catamaran Freebird pour une aventure amusante d&#8217;observation des baleines et des dauphins \u00e0 Tenerife. Profitez d&#8217;une promenade en bateau sur le grand catamaran pour observer les baleines dans leur habitat naturel. Admirez la vue, profitez de la chaleur du soleil et rafra\u00eechissez-vous en nageant dans la mer.  <\/p>\n","protected":false},"featured_media":3634,"template":"","meta":{"_acf_changed":false,"_joinchat":[]},"product_brand":[],"product_cat":[145],"product_tag":[266],"class_list":{"0":"post-3598","1":"product","2":"type-product","3":"status-publish","4":"has-post-thumbnail","6":"product_cat-observation-des-baleines-a-tenerife","7":"product_tag-cartes-de-visite","8":"pa_depart-from-sud-de-lile","10":"first","11":"instock","12":"virtual","13":"sold-individually","14":"purchasable","15":"product-type-booking"},"acf":[],"_links":{"self":[{"href":"https:\/\/thetenerifechannel.com\/fr\/wp-json\/wp\/v2\/product\/3598","targetHints":{"allow":["GET"]}}],"collection":[{"href":"https:\/\/thetenerifechannel.com\/fr\/wp-json\/wp\/v2\/product"}],"about":[{"href":"https:\/\/thetenerifechannel.com\/fr\/wp-json\/wp\/v2\/types\/product"}],"wp:featuredmedia":[{"embeddable":true,"href":"https:\/\/thetenerifechannel.com\/fr\/wp-json\/wp\/v2\/media\/3634"}],"wp:attachment":[{"href":"https:\/\/thetenerifechannel.com\/fr\/wp-json\/wp\/v2\/media?parent=3598"}],"wp:term":[{"taxonomy":"product_brand","embeddable":true,"href":"https:\/\/thetenerifechannel.com\/fr\/wp-json\/wp\/v2\/product_brand?post=3598"},{"taxonomy":"product_cat","embeddable":true,"href":"https:\/\/thetenerifechannel.com\/fr\/wp-json\/wp\/v2\/product_cat?post=3598"},{"taxonomy":"product_tag","embeddable":true,"href":"https:\/\/thetenerifechannel.com\/fr\/wp-json\/wp\/v2\/product_tag?post=3598"}],"curies":[{"name":"wp","href":"https:\/\/api.w.org\/{rel}","templated":true}]}}