{"id":3692,"date":"2024-01-19T08:32:35","date_gmt":"2024-01-19T08:32:35","guid":{"rendered":"https:\/\/thetenerifechannel.com\/excursions\/parc-siam\/"},"modified":"2026-03-09T13:50:54","modified_gmt":"2026-03-09T13:50:54","slug":"siam-park","status":"publish","type":"product","link":"https:\/\/thetenerifechannel.com\/fr\/excursions\/siam-park\/","title":{"rendered":"Siam Park"},"content":{"rendered":"<section class=\"l-section wpb_row height_huge\"><div class=\"l-section-h i-cf\"><div class=\"g-cols vc_row via_grid cols_1 laptops-cols_inherit tablets-cols_inherit mobiles-cols_1 valign_top type_default stacking_default\"><div class=\"wpb_column vc_column_container\"><div class=\"vc_column-inner\"><div class=\"wpb_text_column\"><div class=\"wpb_wrapper\"><p>D\u00e9couvrez Siam Park, le royaume aquatique de T\u00e9n\u00e9rife, reconnu comme l&#8217;un des meilleurs parcs aquatiques au monde. Avec en toile de fond une architecture tha\u00eflandaise spectaculaire, ce parc ne ressemble \u00e0 aucun autre et, d\u00e8s l&#8217;entr\u00e9e, vous saurez que cette journ\u00e9e ne sera pas ordinaire. D\u00e9couvrez les nombreuses attractions et les toboggans exaltants.  <\/p>\n<p>Siam Park promet une journ\u00e9e remplie d&#8217;excitation, de sensations fortes et de plaisir sans fin pour tous les \u00e2ges. Si vous \u00eates \u00e0 la recherche de sensations fortes, mettez vos nerfs \u00e0 l&#8217;\u00e9preuve lors d&#8217;une chute libre dans la Tour de la puissance ou faites l&#8217;exp\u00e9rience de l&#8217;apesanteur sur le puissant Dragon. Si vous pr\u00e9f\u00e9rez vous d\u00e9tendre pendant les vacances, \u00e9tendez-vous sur le sable blanc, serpentez le long de la lazy river ou surfez au Wave Palace.<br \/>\nExtr\u00eame ou serein ? C&#8217;est votre choix, plongez !   <\/p>\n<p><strong>Inclus :<\/strong><\/p>\n<ul>\n<li>Billet d&#8217;entr\u00e9e QR.<\/li>\n<li>Bus gratuit avec prise en charge \u00e0 Los Cristianos, Las Americas et Costa Adeje.<\/li>\n<li>L&#8217;utilisation de chaises longues, de gilets de sauvetage et de parasols.<\/li>\n<li>Acc\u00e8s \u00e0 toutes les attractions.<\/li>\n<\/ul>\n<p><strong>Non inclus :<\/strong><\/p>\n<ul>\n<li>Nourriture et boissons<\/li>\n<li>Location de casiers et de serviettes<\/li>\n<li>Places de parking<\/li>\n<\/ul>\n<p><b>*Les billets ne sont pas remboursables<\/b><\/p>\n<\/div><\/div><\/div><\/div><\/div><\/div><\/section>\n","protected":false},"excerpt":{"rendered":"<p>Vivez une journ\u00e9e inoubliable \u00e0 Siam Park, l&#8217;un des meilleurs parcs aquatiques au monde, qui promet une journ\u00e9e remplie d&#8217;excitation, de sensations fortes et d&#8217;amusement sans fin pour tous les \u00e2ges.<\/p>\n","protected":false},"featured_media":3737,"template":"","meta":{"_acf_changed":false,"_joinchat":[]},"product_brand":[],"product_cat":[159,160],"product_tag":[266],"class_list":{"0":"post-3692","1":"product","2":"type-product","3":"status-publish","4":"has-post-thumbnail","6":"product_cat-parcs-a-theme-tenerife","7":"product_cat-siam-park-tenerife-fr","8":"product_tag-cartes-de-visite","9":"pa_depart-from-sud-de-lile","11":"first","12":"instock","13":"virtual","14":"sold-individually","15":"purchasable","16":"product-type-booking"},"acf":[],"_links":{"self":[{"href":"https:\/\/thetenerifechannel.com\/fr\/wp-json\/wp\/v2\/product\/3692","targetHints":{"allow":["GET"]}}],"collection":[{"href":"https:\/\/thetenerifechannel.com\/fr\/wp-json\/wp\/v2\/product"}],"about":[{"href":"https:\/\/thetenerifechannel.com\/fr\/wp-json\/wp\/v2\/types\/product"}],"wp:featuredmedia":[{"embeddable":true,"href":"https:\/\/thetenerifechannel.com\/fr\/wp-json\/wp\/v2\/media\/3737"}],"wp:attachment":[{"href":"https:\/\/thetenerifechannel.com\/fr\/wp-json\/wp\/v2\/media?parent=3692"}],"wp:term":[{"taxonomy":"product_brand","embeddable":true,"href":"https:\/\/thetenerifechannel.com\/fr\/wp-json\/wp\/v2\/product_brand?post=3692"},{"taxonomy":"product_cat","embeddable":true,"href":"https:\/\/thetenerifechannel.com\/fr\/wp-json\/wp\/v2\/product_cat?post=3692"},{"taxonomy":"product_tag","embeddable":true,"href":"https:\/\/thetenerifechannel.com\/fr\/wp-json\/wp\/v2\/product_tag?post=3692"}],"curies":[{"name":"wp","href":"https:\/\/api.w.org\/{rel}","templated":true}]}}