{"id":3882,"date":"2024-01-22T12:02:19","date_gmt":"2024-01-22T12:02:19","guid":{"rendered":"https:\/\/thetenerifechannel.com\/excursions\/croisiere-ragnarok-viking-3-heures\/"},"modified":"2026-04-09T05:33:23","modified_gmt":"2026-04-09T05:33:23","slug":"croisiere-ragnarok-viking-3-heures","status":"publish","type":"product","link":"https:\/\/thetenerifechannel.com\/fr\/excursions\/croisiere-ragnarok-viking-3-heures\/","title":{"rendered":"Croisi\u00e8re Ragnarok Viking (3 heures)"},"content":{"rendered":"<p>Observation des baleines avec les Vikings !<br \/>\nCette excursion est un voyage inoubliable \u00e0 l&#8217;\u00e9poque des Vikings. Vous serez divertis \u00e0 bord par l&#8217;\u00e9quipage viking. Vous aurez l&#8217;occasion de d\u00e9couvrir les plus beaux sites de l&#8217;\u00eele et de voir des dauphins sauvages et des globic\u00e9phales dans leur habitat naturel.<br \/>\nLe bateau part de Los Cristianos et comprend un temps de baignade, des boissons et un grand spectacle ! Vous aurez l&#8217;impression d&#8217;\u00eatre un vrai viking !  <\/p>\n<p><strong>Inclus :<\/strong><\/p>\n<ul>\n<li class=\"li1\">Billet \u00e9lectronique.<\/li>\n<li class=\"li1\">Guides sp\u00e9cialis\u00e9s \u00e0 bord.<\/li>\n<li class=\"li1\">Boissons gratuites (boissons non alcoolis\u00e9es, bi\u00e8re locale, vin et eau)<\/li>\n<li class=\"li1\">Spectacle en direct<\/li>\n<li>Masques et tubas<\/li>\n<li class=\"li1\">Maquillage<\/li>\n<\/ul>\n<p><strong>Non inclus :<\/strong><\/p>\n<ul>\n<li>Transport<\/li>\n<li class=\"li1\">Cr\u00e8me solaire<\/li>\n<li class=\"li1\">Serviettes<\/li>\n<li class=\"li1\">Collations (peuvent \u00eatre achet\u00e9es \u00e0 bord)<\/li>\n<\/ul>\n","protected":false},"excerpt":{"rendered":"<p>Pr\u00e9parez-vous \u00e0 apercevoir des baleines lors de la croisi\u00e8re viking !<br \/>\nDevenez un vrai viking au cours de cette aventure de 3 heures avec de grands divertissements, des vues magnifiques et beaucoup de plaisir !<\/p>\n","protected":false},"featured_media":117504,"template":"","meta":{"_acf_changed":false,"_joinchat":[]},"product_brand":[],"product_cat":[145],"product_tag":[385],"class_list":{"0":"post-3882","1":"product","2":"type-product","3":"status-publish","4":"has-post-thumbnail","6":"product_cat-observation-des-baleines-a-tenerife","7":"product_tag-a-groupe-familles","8":"pa_depart-from-sud-de-lile","10":"first","11":"instock","12":"virtual","13":"sold-individually","14":"purchasable","15":"product-type-booking"},"acf":[],"_links":{"self":[{"href":"https:\/\/thetenerifechannel.com\/fr\/wp-json\/wp\/v2\/product\/3882","targetHints":{"allow":["GET"]}}],"collection":[{"href":"https:\/\/thetenerifechannel.com\/fr\/wp-json\/wp\/v2\/product"}],"about":[{"href":"https:\/\/thetenerifechannel.com\/fr\/wp-json\/wp\/v2\/types\/product"}],"wp:featuredmedia":[{"embeddable":true,"href":"https:\/\/thetenerifechannel.com\/fr\/wp-json\/wp\/v2\/media\/117504"}],"wp:attachment":[{"href":"https:\/\/thetenerifechannel.com\/fr\/wp-json\/wp\/v2\/media?parent=3882"}],"wp:term":[{"taxonomy":"product_brand","embeddable":true,"href":"https:\/\/thetenerifechannel.com\/fr\/wp-json\/wp\/v2\/product_brand?post=3882"},{"taxonomy":"product_cat","embeddable":true,"href":"https:\/\/thetenerifechannel.com\/fr\/wp-json\/wp\/v2\/product_cat?post=3882"},{"taxonomy":"product_tag","embeddable":true,"href":"https:\/\/thetenerifechannel.com\/fr\/wp-json\/wp\/v2\/product_tag?post=3882"}],"curies":[{"name":"wp","href":"https:\/\/api.w.org\/{rel}","templated":true}]}}