{"id":3920,"date":"2024-01-22T14:11:34","date_gmt":"2024-01-22T14:11:34","guid":{"rendered":"https:\/\/thetenerifechannel.com\/excursions\/loro-parque\/"},"modified":"2026-03-09T13:52:02","modified_gmt":"2026-03-09T13:52:02","slug":"loro-parque","status":"publish","type":"product","link":"https:\/\/thetenerifechannel.com\/fr\/excursions\/loro-parque\/","title":{"rendered":"Loro Parque"},"content":{"rendered":"<section class=\"l-section wpb_row height_huge\"><div class=\"l-section-h i-cf\"><div class=\"g-cols vc_row via_grid cols_1 laptops-cols_inherit tablets-cols_inherit mobiles-cols_1 valign_top type_default stacking_default\"><div class=\"wpb_column vc_column_container\"><div class=\"vc_column-inner\"><div class=\"wpb_text_column\"><div class=\"wpb_wrapper\"><p class=\"p3\">Loro Parque est un c\u00e9l\u00e8bre parc animalier de T\u00e9n\u00e9riffe.<br \/>\nVous pouvez rencontrer de pr\u00e8s de magnifiques animaux pour une exp\u00e9rience vraiment m\u00e9morable.<br \/>\nD\u00e9couvrez l&#8217;Antarctique \u00e0 Planet Penguin, qui abrite un v\u00e9ritable iceberg et ses centaines d&#8217;habitants pingouins.<\/p>\n<p class=\"p3\">Prenez place dans le spectaculaire Orca Ocean et observez les baleines faire preuve de force et d&#8217;agilit\u00e9, et voyez si vous pouvez garder le sourire lorsque les dauphins et les otaries acrobatiques vous montreront leurs mouvements d\u00e9fiant la gravit\u00e9.<\/p>\n<p class=\"p3\">Profitez de Katandra TreeTops, un endroit o\u00f9 vous rencontrerez les esp\u00e8ces d&#8217;oiseaux les plus \u00e9tonnantes de leur monde. Ouvrez l&#8217;\u0153il pour apercevoir des loris, des cacato\u00e8s, des \u00e9meus et des kookaburras en traversant des ponts suspendus et en vous frayant un chemin \u00e0 travers les sentiers de la jungle.<\/p>\n<p>Une journ\u00e9e pleine de plaisir pour tous les \u00e2ges !<\/p>\n<p class=\"p3\"><b>  Inclus<\/b><\/p>\n<ul class=\"ul1\">\n<li class=\"li3\">Billet d&#8217;entr\u00e9e QR<\/li>\n<li>Train gratuit depuis Puerto de la Cruz<\/li>\n<\/ul>\n<p class=\"p3\"><b>Non inclus<\/b><\/p>\n<ul class=\"ul1\">\n<li class=\"li3\">Transport<\/li>\n<li class=\"li3\">Nourriture et boissons<\/li>\n<li class=\"li3\">Souvenirs<\/li>\n<\/ul>\n<p><b>*Les billets ne sont pas remboursables<\/b><\/p>\n<\/div><\/div><\/div><\/div><\/div><\/div><\/section>\n","protected":false},"excerpt":{"rendered":"<p>D\u00e9couvrez le monde de la faune et de la flore au Loro Parque.<br \/>\nCet incroyable zoo de T\u00e9n\u00e9rife offre une exp\u00e9rience inoubliable avec des animaux exotiques, de superbes jardins botaniques et des spectacles palpitants.<\/p>\n","protected":false},"featured_media":3936,"template":"","meta":{"_acf_changed":false,"_joinchat":[]},"product_brand":[],"product_cat":[168,159],"product_tag":[],"class_list":{"0":"post-3920","1":"product","2":"type-product","3":"status-publish","4":"has-post-thumbnail","6":"product_cat-loro-park-tenerife-fr","7":"product_cat-parcs-a-theme-tenerife","8":"pa_depart-from-nord-de-lile","10":"first","11":"instock","12":"virtual","13":"sold-individually","14":"purchasable","15":"product-type-booking"},"acf":[],"_links":{"self":[{"href":"https:\/\/thetenerifechannel.com\/fr\/wp-json\/wp\/v2\/product\/3920","targetHints":{"allow":["GET"]}}],"collection":[{"href":"https:\/\/thetenerifechannel.com\/fr\/wp-json\/wp\/v2\/product"}],"about":[{"href":"https:\/\/thetenerifechannel.com\/fr\/wp-json\/wp\/v2\/types\/product"}],"wp:featuredmedia":[{"embeddable":true,"href":"https:\/\/thetenerifechannel.com\/fr\/wp-json\/wp\/v2\/media\/3936"}],"wp:attachment":[{"href":"https:\/\/thetenerifechannel.com\/fr\/wp-json\/wp\/v2\/media?parent=3920"}],"wp:term":[{"taxonomy":"product_brand","embeddable":true,"href":"https:\/\/thetenerifechannel.com\/fr\/wp-json\/wp\/v2\/product_brand?post=3920"},{"taxonomy":"product_cat","embeddable":true,"href":"https:\/\/thetenerifechannel.com\/fr\/wp-json\/wp\/v2\/product_cat?post=3920"},{"taxonomy":"product_tag","embeddable":true,"href":"https:\/\/thetenerifechannel.com\/fr\/wp-json\/wp\/v2\/product_tag?post=3920"}],"curies":[{"name":"wp","href":"https:\/\/api.w.org\/{rel}","templated":true}]}}