{"id":3941,"date":"2024-01-22T15:01:05","date_gmt":"2024-01-22T15:01:05","guid":{"rendered":"https:\/\/thetenerifechannel.com\/excursions\/parascending\/"},"modified":"2026-03-09T13:55:01","modified_gmt":"2026-03-09T13:55:01","slug":"parascending","status":"publish","type":"product","link":"https:\/\/thetenerifechannel.com\/fr\/excursions\/parascending\/","title":{"rendered":"Parascending"},"content":{"rendered":"<p>Le parachute ascensionnel consiste \u00e0 planer au-dessus de l&#8217;oc\u00e9an tout en \u00e9tant doucement remorqu\u00e9 par un bateau. Comme un cerf-volant, la voile et la vitesse du bateau g\u00e9n\u00e8rent la portance n\u00e9cessaire pour vous faire voler jusqu&#8217;\u00e0 50 m\u00e8tres au-dessus de l&#8217;eau. Le parachute ascensionnel est une activit\u00e9 unique et relaxante en mer qui convient aux enfants et aux adultes. Embarquez \u00e0 bord d&#8217;un bateau rapide moderne et laissez-vous glisser au-dessus de l&#8217;oc\u00e9an tout en admirant le magnifique environnement naturel depuis le ciel ! L&#8217;excursion dure environ 45 minutes, y compris le briefing, une courte promenade en bateau et le vol. Le temps de vol est de 10 minutes.     <\/p>\n<p><strong>Inclus :<\/strong><\/p>\n<ul>\n<li>Rendez-vous sur la plage la plus proche de votre h\u00e9bergement.<\/li>\n<li>Billet \u00e9lectronique. Gilet de sauvetage (obligatoire) <\/li>\n<\/ul>\n<p><strong>Non inclus :<\/strong><\/p>\n<ul>\n<li>Transport<\/li>\n<li>Photo souvenir<\/li>\n<\/ul>\n","protected":false},"excerpt":{"rendered":"<p>Pr\u00eat pour une belle exp\u00e9rience ?<br \/>\nEmbarquez \u00e0 bord d&#8217;un bateau rapide moderne et laissez-vous glisser au-dessus de l&#8217;oc\u00e9an tout en admirant le magnifique environnement naturel depuis le ciel.<\/p>\n","protected":false},"featured_media":3951,"template":"","meta":{"_acf_changed":false,"_joinchat":[]},"product_brand":[],"product_cat":[169],"product_tag":[],"class_list":{"0":"post-3941","1":"product","2":"type-product","3":"status-publish","4":"has-post-thumbnail","6":"product_cat-sports-nautiques-tenerife","7":"pa_depart-from-sud-de-lile","9":"first","10":"instock","11":"virtual","12":"sold-individually","13":"purchasable","14":"product-type-booking"},"acf":[],"_links":{"self":[{"href":"https:\/\/thetenerifechannel.com\/fr\/wp-json\/wp\/v2\/product\/3941","targetHints":{"allow":["GET"]}}],"collection":[{"href":"https:\/\/thetenerifechannel.com\/fr\/wp-json\/wp\/v2\/product"}],"about":[{"href":"https:\/\/thetenerifechannel.com\/fr\/wp-json\/wp\/v2\/types\/product"}],"wp:featuredmedia":[{"embeddable":true,"href":"https:\/\/thetenerifechannel.com\/fr\/wp-json\/wp\/v2\/media\/3951"}],"wp:attachment":[{"href":"https:\/\/thetenerifechannel.com\/fr\/wp-json\/wp\/v2\/media?parent=3941"}],"wp:term":[{"taxonomy":"product_brand","embeddable":true,"href":"https:\/\/thetenerifechannel.com\/fr\/wp-json\/wp\/v2\/product_brand?post=3941"},{"taxonomy":"product_cat","embeddable":true,"href":"https:\/\/thetenerifechannel.com\/fr\/wp-json\/wp\/v2\/product_cat?post=3941"},{"taxonomy":"product_tag","embeddable":true,"href":"https:\/\/thetenerifechannel.com\/fr\/wp-json\/wp\/v2\/product_tag?post=3941"}],"curies":[{"name":"wp","href":"https:\/\/api.w.org\/{rel}","templated":true}]}}