{"id":3944,"date":"2024-01-22T12:01:32","date_gmt":"2024-01-22T12:01:32","guid":{"rendered":"https:\/\/thetenerifechannel.com\/excursions\/sea-safari-masca-los-gigantes\/"},"modified":"2026-03-09T13:53:31","modified_gmt":"2026-03-09T13:53:31","slug":"sea-safari-masca-los-gigantes","status":"publish","type":"product","link":"https:\/\/thetenerifechannel.com\/fr\/excursions\/sea-safari-masca-los-gigantes\/","title":{"rendered":"Safari en mer 2 heures"},"content":{"rendered":"<div>Au d\u00e9part de Puerto Colon, nous partons en bateau rapide avec un maximum de 11 personnes.<\/div>\n<div>Ce bateau rapide aux mouvements fluides nous permet d&#8217;atteindre rapidement les zones o\u00f9 se trouvent les baleines et les dauphins, augmentant ainsi nos chances d&#8217;observation.<\/div>\n<p><span>Apr\u00e8s avoir observ\u00e9 des dauphins, des baleines et peut-\u00eatre des tortues ou d&#8217;autres esp\u00e8ces, nous nous dirigeons vers Palm-Mar ou La Caleta, o\u00f9 nous nous arr\u00eatons dans une baie pour nager (facultatif) ou faire du snorkeling (masques de plong\u00e9e fournis).<\/span><br \/>\n<span>Une boisson, une collation et une d\u00e9gustation de bananes locales (pl\u00e1tano) provenant des plantations de Tenerife sont incluses.<\/span><br \/>\n<span>Sur le chemin du retour, vous pourrez admirer la c\u00f4te sud de T\u00e9n\u00e9riffe : petits ports, plages, falaises, grottes, piscines naturelles, volcan Teide, La Gomera, etc.<\/span><\/p>\n<p>*Possibilit\u00e9 d&#8217;affr\u00e8tement priv\u00e9. Veuillez nous contacter pour plus d&#8217;informations. <\/p>\n<p><strong>Inclus :<\/strong><\/p>\n<ul>\n<li>Billet \u00e9lectronique.<\/li>\n<li>Guide sp\u00e9cialis\u00e9 \u00e0 bord.<\/li>\n<li>Une collation et une boisson<\/li>\n<li>Masque de plong\u00e9e<\/li>\n<li>Petit groupe : max 11 personnes<\/li>\n<\/ul>\n<p><strong>Non inclus :<\/strong><\/p>\n<ul>\n<li>Transport : point de rencontre au port de Puerto Colon.<\/li>\n<li>Serviettes<\/li>\n<li>Cr\u00e8me solaire<\/li>\n<\/ul>\n","protected":false},"excerpt":{"rendered":"<p>Naviguez avec la vedette Sea Safari pour apercevoir des baleines et des dauphins. Profitez d&#8217;une baignade <span>, d&#8217;une <\/span>collation et d&#8217;une boisson <span>devant une magnifique baie le long de la c\u00f4te sud de T\u00e9n\u00e9riffe.<\/span> <\/p>\n","protected":false},"featured_media":3959,"template":"","meta":{"_acf_changed":false,"_joinchat":[]},"product_brand":[],"product_cat":[145],"product_tag":[],"class_list":{"0":"post-3944","1":"product","2":"type-product","3":"status-publish","4":"has-post-thumbnail","6":"product_cat-observation-des-baleines-a-tenerife","7":"pa_depart-from-sud-de-lile","9":"first","10":"instock","11":"virtual","12":"sold-individually","13":"purchasable","14":"product-type-booking"},"acf":[],"_links":{"self":[{"href":"https:\/\/thetenerifechannel.com\/fr\/wp-json\/wp\/v2\/product\/3944","targetHints":{"allow":["GET"]}}],"collection":[{"href":"https:\/\/thetenerifechannel.com\/fr\/wp-json\/wp\/v2\/product"}],"about":[{"href":"https:\/\/thetenerifechannel.com\/fr\/wp-json\/wp\/v2\/types\/product"}],"wp:featuredmedia":[{"embeddable":true,"href":"https:\/\/thetenerifechannel.com\/fr\/wp-json\/wp\/v2\/media\/3959"}],"wp:attachment":[{"href":"https:\/\/thetenerifechannel.com\/fr\/wp-json\/wp\/v2\/media?parent=3944"}],"wp:term":[{"taxonomy":"product_brand","embeddable":true,"href":"https:\/\/thetenerifechannel.com\/fr\/wp-json\/wp\/v2\/product_brand?post=3944"},{"taxonomy":"product_cat","embeddable":true,"href":"https:\/\/thetenerifechannel.com\/fr\/wp-json\/wp\/v2\/product_cat?post=3944"},{"taxonomy":"product_tag","embeddable":true,"href":"https:\/\/thetenerifechannel.com\/fr\/wp-json\/wp\/v2\/product_tag?post=3944"}],"curies":[{"name":"wp","href":"https:\/\/api.w.org\/{rel}","templated":true}]}}