{"id":3964,"date":"2024-01-22T13:30:27","date_gmt":"2024-01-22T13:30:27","guid":{"rendered":"https:\/\/thetenerifechannel.com\/excursions\/croisiere-ragnarok-viking-2-heures\/"},"modified":"2026-03-09T13:52:04","modified_gmt":"2026-03-09T13:52:04","slug":"croisiere-ragnarok-viking-2-heures","status":"publish","type":"product","link":"https:\/\/thetenerifechannel.com\/fr\/excursions\/croisiere-ragnarok-viking-2-heures\/","title":{"rendered":"Croisi\u00e8re Ragnarok Viking (2 heures)"},"content":{"rendered":"<p>Observation des baleines avec les vikings !<br \/>\nCette excursion est un voyage inoubliable \u00e0 l&#8217;\u00e9poque des vikings avec un \u00e9quipage viking.<br \/>\nLe bateau part de Los Cristianos et vous aurez l&#8217;occasion de d\u00e9couvrir les plus beaux sites de l&#8217;\u00eele ainsi que de voir des dauphins sauvages et des globic\u00e9phales dans leur habitat naturel.<\/p>\n<p><strong>Inclus :<\/strong><\/p>\n<ul>\n<li class=\"li1\">Billet \u00e9lectronique.<\/li>\n<li class=\"li1\">Guides sp\u00e9cialis\u00e9s \u00e0 bord.<\/li>\n<li class=\"li1\">Observation des baleines<\/li>\n<li>L&#8217;\u00e9quipe Viking \u00e0 bord<\/li>\n<\/ul>\n<p><strong>Non inclus :<\/strong><\/p>\n<ul>\n<li>Transport<\/li>\n<li>Arr\u00eat de natation<\/li>\n<li>Spectacle en direct<\/li>\n<li>Nourriture ou boissons (\u00e0 acheter \u00e0 bord)<\/li>\n<li class=\"li1\">Cr\u00e8me solaire<\/li>\n<li class=\"li1\">Serviettes<\/li>\n<\/ul>\n","protected":false},"excerpt":{"rendered":"<p>Pr\u00e9parez-vous \u00e0 apercevoir des baleines et des dauphins lors de la croisi\u00e8re viking de 2 heures ! Vous serez pris en charge \u00e0 bord par l&#8217;\u00e9quipage Viking et aurez l&#8217;occasion de d\u00e9couvrir les plus beaux sites de l&#8217;\u00eele. <\/p>\n","protected":false},"featured_media":117504,"template":"","meta":{"_acf_changed":false,"_joinchat":[]},"product_brand":[],"product_cat":[145],"product_tag":[],"class_list":{"0":"post-3964","1":"product","2":"type-product","3":"status-publish","4":"has-post-thumbnail","6":"product_cat-observation-des-baleines-a-tenerife","7":"pa_depart-from-sud-de-lile","9":"first","10":"instock","11":"virtual","12":"sold-individually","13":"purchasable","14":"product-type-booking"},"acf":[],"_links":{"self":[{"href":"https:\/\/thetenerifechannel.com\/fr\/wp-json\/wp\/v2\/product\/3964","targetHints":{"allow":["GET"]}}],"collection":[{"href":"https:\/\/thetenerifechannel.com\/fr\/wp-json\/wp\/v2\/product"}],"about":[{"href":"https:\/\/thetenerifechannel.com\/fr\/wp-json\/wp\/v2\/types\/product"}],"wp:featuredmedia":[{"embeddable":true,"href":"https:\/\/thetenerifechannel.com\/fr\/wp-json\/wp\/v2\/media\/117504"}],"wp:attachment":[{"href":"https:\/\/thetenerifechannel.com\/fr\/wp-json\/wp\/v2\/media?parent=3964"}],"wp:term":[{"taxonomy":"product_brand","embeddable":true,"href":"https:\/\/thetenerifechannel.com\/fr\/wp-json\/wp\/v2\/product_brand?post=3964"},{"taxonomy":"product_cat","embeddable":true,"href":"https:\/\/thetenerifechannel.com\/fr\/wp-json\/wp\/v2\/product_cat?post=3964"},{"taxonomy":"product_tag","embeddable":true,"href":"https:\/\/thetenerifechannel.com\/fr\/wp-json\/wp\/v2\/product_tag?post=3964"}],"curies":[{"name":"wp","href":"https:\/\/api.w.org\/{rel}","templated":true}]}}