{"id":3986,"date":"2024-01-19T09:33:27","date_gmt":"2024-01-19T09:33:27","guid":{"rendered":"https:\/\/thetenerifechannel.com\/excursions\/siam-park-all-inclusive\/"},"modified":"2026-03-09T13:50:23","modified_gmt":"2026-03-09T13:50:23","slug":"siam-park-tout-compris","status":"publish","type":"product","link":"https:\/\/thetenerifechannel.com\/fr\/excursions\/siam-park-tout-compris\/","title":{"rendered":"Siam Park All Inclusive"},"content":{"rendered":"<p>D\u00e9couvrez Siam Park, le royaume aquatique de T\u00e9n\u00e9rife, reconnu comme l&#8217;un des meilleurs parcs aquatiques au monde. Le billet Siam Park All Inclusive comprend <strong><em>un acc\u00e8s pr\u00e9f\u00e9rentiel<\/em> <\/strong>aux attractions (fast pass), <em><br \/>\n  <strong>la consommation gratuite<\/strong><br \/>\n<\/em> de nourriture et de boissons,<em><br \/>\n  <strong> une serviette et un casier<\/strong><br \/>\n<\/em>. Tower of Power est exclu de l&#8217;acc\u00e8s pr\u00e9f\u00e9rentiel.  <\/p>\n<p>Avec en toile de fond une architecture tha\u00eflandaise spectaculaire, ce parc ne ressemble \u00e0 aucun autre et, d\u00e8s l&#8217;entr\u00e9e, vous saurez que cette journ\u00e9e ne sera pas ordinaire. D\u00e9couvrez les nombreuses attractions et les toboggans exaltants. Siam Park promet une journ\u00e9e remplie d&#8217;excitation, de sensations fortes et de plaisir sans fin pour tous les \u00e2ges. Si vous \u00eates \u00e0 la recherche de sensations fortes, mettez vos nerfs \u00e0 l&#8217;\u00e9preuve lors d&#8217;une chute libre dans la Tour de la puissance ou faites l&#8217;exp\u00e9rience de l&#8217;apesanteur sur le puissant Dragon. Si vous pr\u00e9f\u00e9rez vous d\u00e9tendre pendant les vacances, \u00e9tendez-vous sur le sable blanc, serpentez le long de la rivi\u00e8re paresseuse ou surfez au Palais des vagues. Extr\u00eame ou serein ? C&#8217;est votre choix, plongez !      <\/p>\n<p><strong>Inclus :<\/strong><\/p>\n<ul>\n<li>Billet d&#8217;entr\u00e9e QR.<\/li>\n<li>Acc\u00e8s rapide aux attractions (sauf Tower of Power)*<\/li>\n<li>Nourriture et boissons.<\/li>\n<li>Casier.<\/li>\n<li>Serviette de bain.<\/li>\n<li>Bus gratuit avec prise en charge \u00e0 Los Cristianos, Las Americas et Costa Adeje.<\/li>\n<li>L&#8217;utilisation de chaises longues, de gilets de sauvetage et de parasols.<\/li>\n<\/ul>\n<p><strong>Non inclus :<\/strong><\/p>\n<ul>\n<li>Places de parking<\/li>\n<li>Barres chocolat\u00e9es, cocktails ou certaines boissons alcoolis\u00e9es<\/li>\n<\/ul>\n","protected":false},"excerpt":{"rendered":"<p>Vivez une journ\u00e9e inoubliable \u00e0 Siam Park avec des billets tout compris : un acc\u00e8s rapide aux attractions, la consommation gratuite de nourriture et de boissons, une serviette et un casier !<br \/>\nPr\u00e9parez-vous \u00e0 vivre une exp\u00e9rience incroyable !<\/p>\n","protected":false},"featured_media":3737,"template":"","meta":{"_acf_changed":false,"_joinchat":[]},"product_brand":[],"product_cat":[159,160],"product_tag":[],"class_list":{"0":"post-3986","1":"product","2":"type-product","3":"status-publish","4":"has-post-thumbnail","6":"product_cat-parcs-a-theme-tenerife","7":"product_cat-siam-park-tenerife-fr","8":"pa_depart-from-sud-de-lile","10":"first","11":"instock","12":"virtual","13":"sold-individually","14":"purchasable","15":"product-type-booking"},"acf":[],"_links":{"self":[{"href":"https:\/\/thetenerifechannel.com\/fr\/wp-json\/wp\/v2\/product\/3986","targetHints":{"allow":["GET"]}}],"collection":[{"href":"https:\/\/thetenerifechannel.com\/fr\/wp-json\/wp\/v2\/product"}],"about":[{"href":"https:\/\/thetenerifechannel.com\/fr\/wp-json\/wp\/v2\/types\/product"}],"wp:featuredmedia":[{"embeddable":true,"href":"https:\/\/thetenerifechannel.com\/fr\/wp-json\/wp\/v2\/media\/3737"}],"wp:attachment":[{"href":"https:\/\/thetenerifechannel.com\/fr\/wp-json\/wp\/v2\/media?parent=3986"}],"wp:term":[{"taxonomy":"product_brand","embeddable":true,"href":"https:\/\/thetenerifechannel.com\/fr\/wp-json\/wp\/v2\/product_brand?post=3986"},{"taxonomy":"product_cat","embeddable":true,"href":"https:\/\/thetenerifechannel.com\/fr\/wp-json\/wp\/v2\/product_cat?post=3986"},{"taxonomy":"product_tag","embeddable":true,"href":"https:\/\/thetenerifechannel.com\/fr\/wp-json\/wp\/v2\/product_tag?post=3986"}],"curies":[{"name":"wp","href":"https:\/\/api.w.org\/{rel}","templated":true}]}}