{"id":4024,"date":"2024-01-23T09:06:27","date_gmt":"2024-01-23T09:06:27","guid":{"rendered":"https:\/\/thetenerifechannel.com\/excursions\/croisiere-royal-delfin-de-45-heures-a-los-gigantes-et-masca\/"},"modified":"2026-04-06T13:49:26","modified_gmt":"2026-04-06T13:49:26","slug":"croisiere-royal-delfin-de-45-heures-a-los-gigantes-et-masca","status":"publish","type":"product","link":"https:\/\/thetenerifechannel.com\/fr\/excursions\/croisiere-royal-delfin-de-45-heures-a-los-gigantes-et-masca\/","title":{"rendered":"Croisi\u00e8re Royal Delfin de 4,5 heures \u00e0 Los Gigantes et Masca"},"content":{"rendered":"<p>Vivez une exp\u00e9rience unique en observant les baleines et les dauphins sous l&#8217;eau. Le catamaran partira de Puerto Colon et naviguera le long de la c\u00f4te sud-ouest, de Costa Adeje aux majestueuses falaises Acantilados de Los Gigantes, \u00e0 la recherche de baleines libres \u00e0 observer dans leur habitat naturel. Nous nous arr\u00eaterons \u00e0 la baie de Masca, avec ses vues splendides sur les falaises, pour nous baigner et vous offrir un d\u00e9jeuner de courtoisie. Les boissons sont incluses pendant toute l&#8217;excursion. Profitez d&#8217;une exp\u00e9rience unique pour observer les baleines et les dauphins gr\u00e2ce \u00e0 ce catamaran \u00e0 vision sous-marine exclusive.    <\/p>\n<p><strong>Inclus :<\/strong><\/p>\n<ul>\n<li>Billet \u00e9lectronique.<\/li>\n<li>Guides sp\u00e9cialis\u00e9s \u00e0 bord.<\/li>\n<li>Transfert en bus depuis le sud de l&#8217;\u00eele<\/li>\n<li>Entr\u00e9e : fruits de saison.<\/li>\n<li>D\u00e9jeuner : repas chaud (possibilit\u00e9 d&#8217;un menu alternatif adapt\u00e9 aux v\u00e9g\u00e9tariens et aux personnes atteintes de la maladie c\u0153liaque sur r\u00e9servation).<\/li>\n<li>Boissons incluses pendant toute la dur\u00e9e de l&#8217;excursion : bi\u00e8re, sangria, jus, eau et boissons non alcoolis\u00e9es.<\/li>\n<\/ul>\n<p><strong>Non inclus :<\/strong><\/p>\n<ul>\n<li>Cr\u00e8me solaire<\/li>\n<li>Serviettes<\/li>\n<li>Masques et tubas<\/li>\n<\/ul>\n<p>&nbsp;<\/p>\n","protected":false},"excerpt":{"rendered":"<p>Observez les baleines et les dauphins \u00e0 bord du catamaran Royal Delfin \u00e9quip\u00e9 d&#8217;un syst\u00e8me de vision sous-marine. Visite des majestueuses falaises de Los Gigantes, d\u00e9jeuner et baignade rafra\u00eechissante dans le magnifique paysage de la baie de Masca. <\/p>\n","protected":false},"featured_media":3485,"template":"","meta":{"_acf_changed":false,"_joinchat":[]},"product_brand":[],"product_cat":[145],"product_tag":[353],"class_list":{"0":"post-4024","1":"product","2":"type-product","3":"status-publish","4":"has-post-thumbnail","6":"product_cat-observation-des-baleines-a-tenerife","7":"product_tag-a-vibe-boats","8":"pa_depart-from-nord-de-lile","9":"pa_depart-from-sud-de-lile","11":"first","12":"instock","13":"virtual","14":"sold-individually","15":"purchasable","16":"product-type-booking"},"acf":[],"_links":{"self":[{"href":"https:\/\/thetenerifechannel.com\/fr\/wp-json\/wp\/v2\/product\/4024","targetHints":{"allow":["GET"]}}],"collection":[{"href":"https:\/\/thetenerifechannel.com\/fr\/wp-json\/wp\/v2\/product"}],"about":[{"href":"https:\/\/thetenerifechannel.com\/fr\/wp-json\/wp\/v2\/types\/product"}],"wp:featuredmedia":[{"embeddable":true,"href":"https:\/\/thetenerifechannel.com\/fr\/wp-json\/wp\/v2\/media\/3485"}],"wp:attachment":[{"href":"https:\/\/thetenerifechannel.com\/fr\/wp-json\/wp\/v2\/media?parent=4024"}],"wp:term":[{"taxonomy":"product_brand","embeddable":true,"href":"https:\/\/thetenerifechannel.com\/fr\/wp-json\/wp\/v2\/product_brand?post=4024"},{"taxonomy":"product_cat","embeddable":true,"href":"https:\/\/thetenerifechannel.com\/fr\/wp-json\/wp\/v2\/product_cat?post=4024"},{"taxonomy":"product_tag","embeddable":true,"href":"https:\/\/thetenerifechannel.com\/fr\/wp-json\/wp\/v2\/product_tag?post=4024"}],"curies":[{"name":"wp","href":"https:\/\/api.w.org\/{rel}","templated":true}]}}