{"id":4087,"date":"2024-01-23T13:23:26","date_gmt":"2024-01-23T13:23:26","guid":{"rendered":"https:\/\/thetenerifechannel.com\/excursions\/billet-jumele-siam-park-loro-parque\/"},"modified":"2026-03-09T13:53:29","modified_gmt":"2026-03-09T13:53:29","slug":"billet-jumele-siam-park-loro-parque","status":"publish","type":"product","link":"https:\/\/thetenerifechannel.com\/fr\/excursions\/billet-jumele-siam-park-loro-parque\/","title":{"rendered":"Billet jumel\u00e9 Siam Park &#8211; Loro Parque"},"content":{"rendered":"<section class=\"l-section wpb_row height_huge\"><div class=\"l-section-h i-cf\"><div class=\"g-cols vc_row via_grid cols_1 laptops-cols_inherit tablets-cols_inherit mobiles-cols_1 valign_top type_default stacking_default\"><div class=\"wpb_column vc_column_container\"><div class=\"vc_column-inner\"><div class=\"wpb_text_column\"><div class=\"wpb_wrapper\"><p>D\u00e9couvrez ces deux parcs extraordinaires avec l&#8217;ultime billet jumel\u00e9 pour Loro Parque et Siam Park.<br \/>\nPlongez dans un monde de merveilles \u00e0 Loro Parque, o\u00f9 vous pourrez observer une faune \u00e9tonnante et des spectacles captivants. Si vous \u00eates pr\u00eat \u00e0 vous amuser dans l&#8217;eau, rendez-vous au Siam Park, un des meilleurs parcs aquatiques d&#8217;Europe, avec ses toboggans qui font monter l&#8217;adr\u00e9naline. <\/p>\n<p>Ne manquez pas cette incroyable opportunit\u00e9 de doubler le plaisir et de cr\u00e9er des souvenirs inoubliables !<\/p>\n<p><strong>Inclus :<\/strong><\/p>\n<ul>\n<li>Billet d&#8217;entr\u00e9e QR pour Siam Park et Loro Parque.<\/li>\n<li>Bus gratuit pour Siam Park avec prise en charge \u00e0 Los Cristianos, Las Americas et Costa Adeje.<\/li>\n<li>L&#8217;utilisation de chaises longues, de gilets de sauvetage et de parasols.<\/li>\n<li>Train gratuit pour Loro Parque avec prise en charge \u00e0 Puerto de la Cruz.<\/li>\n<\/ul>\n<p><strong>Non inclus :<\/strong><\/p>\n<ul>\n<li>Nourriture et boissons<\/li>\n<li>Location de casiers et de serviettes<\/li>\n<li>Places de parking<\/li>\n<\/ul>\n<\/div><\/div><\/div><\/div><\/div><\/div><\/section>\n","protected":false},"excerpt":{"rendered":"<p>D\u00e9couvrez \u00e0 la fois Siam Park et Loro Parque avec le meilleur billet jumel\u00e9 ! Deux fois plus de plaisir ! <\/p>\n","protected":false},"featured_media":4104,"template":"","meta":{"_acf_changed":false,"_joinchat":[]},"product_brand":[],"product_cat":[168,159,160],"product_tag":[],"class_list":{"0":"post-4087","1":"product","2":"type-product","3":"status-publish","4":"has-post-thumbnail","6":"product_cat-loro-park-tenerife-fr","7":"product_cat-parcs-a-theme-tenerife","8":"product_cat-siam-park-tenerife-fr","9":"pa_depart-from-nord-de-lile","10":"pa_depart-from-sud-de-lile","12":"first","13":"instock","14":"virtual","15":"sold-individually","16":"purchasable","17":"product-type-booking"},"acf":[],"_links":{"self":[{"href":"https:\/\/thetenerifechannel.com\/fr\/wp-json\/wp\/v2\/product\/4087","targetHints":{"allow":["GET"]}}],"collection":[{"href":"https:\/\/thetenerifechannel.com\/fr\/wp-json\/wp\/v2\/product"}],"about":[{"href":"https:\/\/thetenerifechannel.com\/fr\/wp-json\/wp\/v2\/types\/product"}],"wp:featuredmedia":[{"embeddable":true,"href":"https:\/\/thetenerifechannel.com\/fr\/wp-json\/wp\/v2\/media\/4104"}],"wp:attachment":[{"href":"https:\/\/thetenerifechannel.com\/fr\/wp-json\/wp\/v2\/media?parent=4087"}],"wp:term":[{"taxonomy":"product_brand","embeddable":true,"href":"https:\/\/thetenerifechannel.com\/fr\/wp-json\/wp\/v2\/product_brand?post=4087"},{"taxonomy":"product_cat","embeddable":true,"href":"https:\/\/thetenerifechannel.com\/fr\/wp-json\/wp\/v2\/product_cat?post=4087"},{"taxonomy":"product_tag","embeddable":true,"href":"https:\/\/thetenerifechannel.com\/fr\/wp-json\/wp\/v2\/product_tag?post=4087"}],"curies":[{"name":"wp","href":"https:\/\/api.w.org\/{rel}","templated":true}]}}