{"id":4126,"date":"2024-01-23T14:29:48","date_gmt":"2024-01-23T14:29:48","guid":{"rendered":"https:\/\/thetenerifechannel.com\/excursions\/castillo-san-miguel-diner-spectacle\/"},"modified":"2026-04-04T13:53:44","modified_gmt":"2026-04-04T13:53:44","slug":"castillo-san-miguel-diner-spectacle","status":"publish","type":"product","link":"https:\/\/thetenerifechannel.com\/fr\/excursions\/castillo-san-miguel-diner-spectacle\/","title":{"rendered":"Castillo San Miguel &#8211; D\u00eener-spectacle"},"content":{"rendered":"<p class=\"p1\">Pr\u00e9parez-vous \u00e0 vivre une exp\u00e9rience m\u00e9di\u00e9vale avec les Chevaliers de la Table Ronde au magique Castillo San Miguel. Profitez d&#8217;un festin somptueux, criez, huez ou encouragez le gentleman qui vous repr\u00e9sente et qui est pr\u00eat \u00e0 gagner ou \u00e0 mourir en votre honneur ! <\/p>\n<p class=\"p1\">En entrant dans la salle royale, les membres de la famille royale vous accueillent et des sujets amicaux vous escortent jusqu&#8217;\u00e0 la salle de tournoi, vous donnant l&#8217;impression de vous trouver dans un monde m\u00e9di\u00e9val authentique, au milieu d&#8217;armures, de coffres, d&#8217;\u00e9crits et de d\u00e9corations d&#8217;\u00e9poque.<\/p>\n<p class=\"p1\">Deux \u00e9quipes s&#8217;affronteront, six chevaliers se battront pour l&#8217;honneur sur leurs chevaux, javelot \u00e0 la main, tandis que vous, en tant qu&#8217;invit\u00e9 du comte, aurez le plaisir d&#8217;assister au spectacle depuis la loge, avec d\u00eener, vin et eau compris ! Mangez, buvez, criez et encouragez votre chevalier comme vous l&#8217;auriez fait au Moyen \u00c2ge. <\/p>\n<p class=\"p1\">D\u00e9couvrez l&#8217;habilet\u00e9 de nos chevaliers au javelot ou \u00e0 l&#8217;\u00e9p\u00e9e, les acrobaties des chevaux espagnols, le vol de nos oiseaux majestueux, un spectacle de feu et bien d&#8217;autres choses encore. Faites monter l&#8217;adr\u00e9naline ! <\/p>\n<p><strong>Inclus :<\/strong><\/p>\n<ul class=\"ul1\">\n<li class=\"li1\">D\u00eener avec boissons<\/li>\n<li>Parking gratuit<\/li>\n<\/ul>\n<p class=\"p1\"><i>D\u00e9but de l&#8217;\u00e9mission : 19 h 00<br \/>\nFin du spectacle : 21h30<\/i><\/p>\n","protected":false},"excerpt":{"rendered":"<p>Vivez une aventure m\u00e9di\u00e9vale au Castillo San Miguel avec les Chevaliers de la Table Ronde, o\u00f9 vous d\u00e9gusterez un grand festin et encouragerez le champion de votre choix. Entrez dans la salle royale, entour\u00e9e de d\u00e9cors d&#8217;\u00e9poque, puis assistez \u00e0 un combat de six chevaliers \u00e0 cheval avec des javelots. Vous assisterez \u00e0 des d\u00e9monstrations d&#8217;habilet\u00e9, \u00e0 des acrobaties et m\u00eame \u00e0 un spectacle de feu, pour un d\u00eener-spectacle inoubliable.  <\/p>\n","protected":false},"featured_media":4149,"template":"","meta":{"_acf_changed":false,"_joinchat":[]},"product_brand":[],"product_cat":[172],"product_tag":[343,348,266],"class_list":{"0":"post-4126","1":"product","2":"type-product","3":"status-publish","4":"has-post-thumbnail","6":"product_cat-spectacles-en-soiree-tenerife","7":"product_tag-a-vibe-nightlife","8":"product_tag-a-vibe-romantique","9":"product_tag-cartes-de-visite","10":"pa_depart-from-nord-de-lile","11":"pa_depart-from-sud-de-lile","13":"first","14":"instock","15":"virtual","16":"sold-individually","17":"purchasable","18":"product-type-booking"},"acf":[],"_links":{"self":[{"href":"https:\/\/thetenerifechannel.com\/fr\/wp-json\/wp\/v2\/product\/4126","targetHints":{"allow":["GET"]}}],"collection":[{"href":"https:\/\/thetenerifechannel.com\/fr\/wp-json\/wp\/v2\/product"}],"about":[{"href":"https:\/\/thetenerifechannel.com\/fr\/wp-json\/wp\/v2\/types\/product"}],"wp:featuredmedia":[{"embeddable":true,"href":"https:\/\/thetenerifechannel.com\/fr\/wp-json\/wp\/v2\/media\/4149"}],"wp:attachment":[{"href":"https:\/\/thetenerifechannel.com\/fr\/wp-json\/wp\/v2\/media?parent=4126"}],"wp:term":[{"taxonomy":"product_brand","embeddable":true,"href":"https:\/\/thetenerifechannel.com\/fr\/wp-json\/wp\/v2\/product_brand?post=4126"},{"taxonomy":"product_cat","embeddable":true,"href":"https:\/\/thetenerifechannel.com\/fr\/wp-json\/wp\/v2\/product_cat?post=4126"},{"taxonomy":"product_tag","embeddable":true,"href":"https:\/\/thetenerifechannel.com\/fr\/wp-json\/wp\/v2\/product_tag?post=4126"}],"curies":[{"name":"wp","href":"https:\/\/api.w.org\/{rel}","templated":true}]}}