{"id":4130,"date":"2024-01-25T18:22:02","date_gmt":"2024-01-25T18:22:02","guid":{"rendered":"https:\/\/thetenerifechannel.com\/excursions\/parc-de-la-jungle\/"},"modified":"2026-03-09T13:54:48","modified_gmt":"2026-03-09T13:54:48","slug":"jungle-park","status":"publish","type":"product","link":"https:\/\/thetenerifechannel.com\/fr\/excursions\/jungle-park\/","title":{"rendered":"Parc de la jungle"},"content":{"rendered":"<p>Jungle Park est un parc animalier connu pour son environnement luxuriant, semblable \u00e0 une jungle. Le parc abrite une grande diversit\u00e9 d&#8217;animaux, notamment des oiseaux exotiques, des primates, des grands f\u00e9lins, etc. Vous pourrez y assister \u00e0 des spectacles spectaculaires d&#8217;oiseaux de proie, o\u00f9 aigles et faucons montrent leurs impressionnantes capacit\u00e9s de vol.<br \/>\nL&#8217;am\u00e9nagement du parc ressemble \u00e0 une for\u00eat tropicale, avec des sentiers de promenade amusants.<br \/>\nAvec ses rencontres avec les animaux et ses expositions \u00e9ducatives, Jungle Park offre une exp\u00e9rience amusante et instructive pour tous les \u00e2ges, ce qui en fait une destination id\u00e9ale pour les familles et les amoureux de la nature.  <\/p>\n<p><em>Ouvert tous les jours de 10h00 \u00e0 17h30.<br \/>\n<strong>Flexibilit\u00e9 de visite !<\/strong> Votre entr\u00e9e au Jungle Park pour une journ\u00e9e.<br \/>\n<\/em><em>Achetez votre ticket maintenant et d\u00e9cidez plus tard quand vous voulez visiter.<\/em><\/p>\n<p><em> <\/em><\/p>\n<p><strong>Spectacles<\/strong><em><br \/>\n<\/em><\/p>\n<ul>\n<li><em><strong>Nourrir les ratons laveurs : <\/strong>12:00 h<\/em><\/li>\n<li><em><br \/>\n  <strong>Nourrir les manchots :<\/strong><br \/>\n<\/em> 12:15 h<\/li>\n<li><em><br \/>\n  <strong>Spectacle d&#8217;oiseaux de proie : <\/strong><br \/>\n<\/em>12:30 h<\/li>\n<li><em><br \/>\n  <strong>Spectacle de lions de mer : <\/strong><br \/>\n<\/em>13:30 h<\/li>\n<li><em><br \/>\n  <strong>Voli\u00e8re : <\/strong><br \/>\n<\/em>de 11:00 h \u00e0 16:00 h<\/li>\n<li><em><br \/>\n  <strong>Promenade le long des l\u00e9muriens : <\/strong><br \/>\n<\/em>de 11:00 h \u00e0 16:00 h<\/li>\n<\/ul>\n<p>&nbsp;<\/p>\n","protected":false},"excerpt":{"rendered":"<p>Jungle Park est un parc animalier dynamique qui pr\u00e9sente une grande vari\u00e9t\u00e9 d&#8217;animaux, notamment des oiseaux exotiques, des primates et bien plus encore. Ne manquez pas les spectaculaires spectacles d&#8217;oiseaux de proie et les sentiers qui ressemblent \u00e0 une for\u00eat tropicale.<br \/>\nId\u00e9al pour une journ\u00e9e amusante avec toute la famille ! <\/p>\n","protected":false},"featured_media":4156,"template":"","meta":{"_acf_changed":false,"_joinchat":[]},"product_brand":[],"product_cat":[159],"product_tag":[],"class_list":{"0":"post-4130","1":"product","2":"type-product","3":"status-publish","4":"has-post-thumbnail","6":"product_cat-parcs-a-theme-tenerife","7":"pa_depart-from-sud-de-lile","9":"first","10":"instock","11":"virtual","12":"sold-individually","13":"purchasable","14":"product-type-booking"},"acf":[],"_links":{"self":[{"href":"https:\/\/thetenerifechannel.com\/fr\/wp-json\/wp\/v2\/product\/4130","targetHints":{"allow":["GET"]}}],"collection":[{"href":"https:\/\/thetenerifechannel.com\/fr\/wp-json\/wp\/v2\/product"}],"about":[{"href":"https:\/\/thetenerifechannel.com\/fr\/wp-json\/wp\/v2\/types\/product"}],"wp:featuredmedia":[{"embeddable":true,"href":"https:\/\/thetenerifechannel.com\/fr\/wp-json\/wp\/v2\/media\/4156"}],"wp:attachment":[{"href":"https:\/\/thetenerifechannel.com\/fr\/wp-json\/wp\/v2\/media?parent=4130"}],"wp:term":[{"taxonomy":"product_brand","embeddable":true,"href":"https:\/\/thetenerifechannel.com\/fr\/wp-json\/wp\/v2\/product_brand?post=4130"},{"taxonomy":"product_cat","embeddable":true,"href":"https:\/\/thetenerifechannel.com\/fr\/wp-json\/wp\/v2\/product_cat?post=4130"},{"taxonomy":"product_tag","embeddable":true,"href":"https:\/\/thetenerifechannel.com\/fr\/wp-json\/wp\/v2\/product_tag?post=4130"}],"curies":[{"name":"wp","href":"https:\/\/api.w.org\/{rel}","templated":true}]}}