{"id":4164,"date":"2024-01-25T16:56:05","date_gmt":"2024-01-25T16:56:05","guid":{"rendered":"https:\/\/thetenerifechannel.com\/excursions\/tour-des-iles-teide-masca-garachico-icod\/"},"modified":"2026-04-18T12:19:37","modified_gmt":"2026-04-18T12:19:37","slug":"tour-des-iles-teide-masca-garachico-icod","status":"publish","type":"product","link":"https:\/\/thetenerifechannel.com\/fr\/excursions\/tour-des-iles-teide-masca-garachico-icod\/","title":{"rendered":"Tour de l&#8217;\u00eele : Teide &#8211; Masca &#8211; Garachico &#8211; Icod (depuis le nord)"},"content":{"rendered":"<p>Au d\u00e9part de Puerto de la Cruz, vous vous dirigerez vers le parc national du Teide, en traversant toute la zone foresti\u00e8re de la vall\u00e9e d&#8217;Orotava et en faisant un bref arr\u00eat pour prendre des photos et admirer la vue panoramique.<\/p>\n<p>Une fois arriv\u00e9s au parc national du Teide, nous nous arr\u00eaterons pour admirer les magnifiques vues et, si les conditions m\u00e9t\u00e9orologiques le permettent, nous verrons les \u00eeles de La Gomera, La Palma et El Hierro.<\/p>\n<p>Vous vous rendrez ensuite au village de Masca (situ\u00e9 dans le parc rural de Teno), o\u00f9 vous aurez du temps libre pour explorer.<\/p>\n<p>La prochaine \u00e9tape sera Garachico, o\u00f9 vous aurez le temps de visiter la vieille ville. Ensuite, vous vous dirigerez vers la municipalit\u00e9 d&#8217;Icod pour visiter son dragonnier mill\u00e9naire. <\/p>\n<p>Enfin, nous terminerons notre voyage de retour vers Puerto de la Cruz, en passant par les municipalit\u00e9s de San Juan de la Rambla et Los Realejos.<\/p>\n<p><strong>Inclus :<\/strong><\/p>\n<ul>\n<li>Bus discr\u00e9tionnaire climatis\u00e9<\/li>\n<li>Guide officiel<\/li>\n<\/ul>\n<p><strong>Non inclus :<\/strong><\/p>\n<ul>\n<li>D\u00e9jeuner<\/li>\n<\/ul>\n","protected":false},"excerpt":{"rendered":"<p>D\u00e9couvrez les plus beaux sites de T\u00e9n\u00e9rife lors de ce tour de l&#8217;\u00eele, qui vous m\u00e8nera \u00e0 Masca, Garachico, Teide et son magnifique parc national, ainsi qu&#8217;\u00e0 Icod de los Vinos.<\/p>\n","protected":false},"featured_media":4176,"template":"","meta":{"_acf_changed":false,"_joinchat":[]},"product_brand":[],"product_cat":[152],"product_tag":[403],"class_list":{"0":"post-4164","1":"product","2":"type-product","3":"status-publish","4":"has-post-thumbnail","6":"product_cat-circuits-ile-bus-tenerife","7":"product_tag-a-vibe-explore","8":"pa_depart-from-nord-de-lile","10":"first","11":"instock","12":"virtual","13":"sold-individually","14":"purchasable","15":"product-type-booking"},"acf":[],"_links":{"self":[{"href":"https:\/\/thetenerifechannel.com\/fr\/wp-json\/wp\/v2\/product\/4164","targetHints":{"allow":["GET"]}}],"collection":[{"href":"https:\/\/thetenerifechannel.com\/fr\/wp-json\/wp\/v2\/product"}],"about":[{"href":"https:\/\/thetenerifechannel.com\/fr\/wp-json\/wp\/v2\/types\/product"}],"wp:featuredmedia":[{"embeddable":true,"href":"https:\/\/thetenerifechannel.com\/fr\/wp-json\/wp\/v2\/media\/4176"}],"wp:attachment":[{"href":"https:\/\/thetenerifechannel.com\/fr\/wp-json\/wp\/v2\/media?parent=4164"}],"wp:term":[{"taxonomy":"product_brand","embeddable":true,"href":"https:\/\/thetenerifechannel.com\/fr\/wp-json\/wp\/v2\/product_brand?post=4164"},{"taxonomy":"product_cat","embeddable":true,"href":"https:\/\/thetenerifechannel.com\/fr\/wp-json\/wp\/v2\/product_cat?post=4164"},{"taxonomy":"product_tag","embeddable":true,"href":"https:\/\/thetenerifechannel.com\/fr\/wp-json\/wp\/v2\/product_tag?post=4164"}],"curies":[{"name":"wp","href":"https:\/\/api.w.org\/{rel}","templated":true}]}}