{"id":4205,"date":"2024-01-23T13:49:50","date_gmt":"2024-01-23T13:49:50","guid":{"rendered":"https:\/\/thetenerifechannel.com\/excursions\/tour-de-diamant-de-loro-parque\/"},"modified":"2026-03-31T14:30:42","modified_gmt":"2026-03-31T14:30:42","slug":"tour-de-diamant-de-loro-parque","status":"publish","type":"product","link":"https:\/\/thetenerifechannel.com\/fr\/excursions\/tour-de-diamant-de-loro-parque\/","title":{"rendered":"Tour de diamant de Loro Parque"},"content":{"rendered":"<section class=\"l-section wpb_row height_huge\"><div class=\"l-section-h i-cf\"><div class=\"g-cols vc_row via_grid cols_1 laptops-cols_inherit tablets-cols_inherit mobiles-cols_1 valign_top type_default stacking_default\"><div class=\"wpb_column vc_column_container\"><div class=\"vc_column-inner\"><div class=\"wpb_text_column\"><div class=\"wpb_wrapper\"><p>Pr\u00e9parez-vous \u00e0 vivre l&#8217;ultime aventure de Loro Parque !<br \/>\nAvec la visite Loro Explore (90 minutes de plaisir guid\u00e9), des places VIP pour les incroyables spectacles d&#8217;orques, de dauphins et de lions de mer, et un d\u00e9licieux d\u00e9jeuner au Brunelli&#8217;s Steakhouse (qui sert un menu savoureux de 13h00 \u00e0 15h30), ce forfait est fait pour vous !<br \/>\nVeillez \u00e0 arriver au parc avant 9 h 45 pour profiter au mieux de l&#8217;exp\u00e9rience.<\/p>\n<p><strong>Inclus :<\/strong><\/p>\n<ul>\n<li>Billets d&#8217;entr\u00e9e<\/li>\n<li>Visite guid\u00e9e de 90 minutes<\/li>\n<li>Si\u00e8ges VIP pour les spectacles<\/li>\n<li>D\u00e9jeuner au Brunelli&#8217;s Steakhouse<\/li>\n<\/ul>\n<\/div><\/div><\/div><\/div><\/div><\/div><\/section>\n","protected":false},"excerpt":{"rendered":"<p>Vivez toute l&#8217;aventure Loro Parque !<br \/>\nProfitez d&#8217;une visite guid\u00e9e de 90 minutes de Loro Explore, de places VIP pour les spectacles d&#8217;orques, de dauphins et d&#8217;otaries, et d&#8217;un savoureux d\u00e9jeuner.<\/p>\n","protected":false},"featured_media":4210,"template":"","meta":{"_acf_changed":false,"_joinchat":[]},"product_brand":[],"product_cat":[168,159],"product_tag":[],"class_list":{"0":"post-4205","1":"product","2":"type-product","3":"status-publish","4":"has-post-thumbnail","6":"product_cat-loro-park-tenerife-fr","7":"product_cat-parcs-a-theme-tenerife","8":"pa_depart-from-nord-de-lile","10":"first","11":"instock","12":"virtual","13":"sold-individually","14":"purchasable","15":"product-type-booking"},"acf":[],"_links":{"self":[{"href":"https:\/\/thetenerifechannel.com\/fr\/wp-json\/wp\/v2\/product\/4205","targetHints":{"allow":["GET"]}}],"collection":[{"href":"https:\/\/thetenerifechannel.com\/fr\/wp-json\/wp\/v2\/product"}],"about":[{"href":"https:\/\/thetenerifechannel.com\/fr\/wp-json\/wp\/v2\/types\/product"}],"wp:featuredmedia":[{"embeddable":true,"href":"https:\/\/thetenerifechannel.com\/fr\/wp-json\/wp\/v2\/media\/4210"}],"wp:attachment":[{"href":"https:\/\/thetenerifechannel.com\/fr\/wp-json\/wp\/v2\/media?parent=4205"}],"wp:term":[{"taxonomy":"product_brand","embeddable":true,"href":"https:\/\/thetenerifechannel.com\/fr\/wp-json\/wp\/v2\/product_brand?post=4205"},{"taxonomy":"product_cat","embeddable":true,"href":"https:\/\/thetenerifechannel.com\/fr\/wp-json\/wp\/v2\/product_cat?post=4205"},{"taxonomy":"product_tag","embeddable":true,"href":"https:\/\/thetenerifechannel.com\/fr\/wp-json\/wp\/v2\/product_tag?post=4205"}],"curies":[{"name":"wp","href":"https:\/\/api.w.org\/{rel}","templated":true}]}}