{"id":4245,"date":"2024-01-23T15:01:13","date_gmt":"2024-01-23T15:01:13","guid":{"rendered":"https:\/\/thetenerifechannel.com\/excursions\/diner-spectacle-scandal\/"},"modified":"2026-03-09T13:51:46","modified_gmt":"2026-03-09T13:51:46","slug":"diner-spectacle-scandal","status":"publish","type":"product","link":"https:\/\/thetenerifechannel.com\/fr\/excursions\/diner-spectacle-scandal\/","title":{"rendered":"D\u00eener-spectacle Scandal"},"content":{"rendered":"<p>Scandal Dinner Show est un spectacle burlesque destin\u00e9 \u00e0 un public adulte, qui associe diff\u00e9rentes disciplines artistiques, la sensualit\u00e9 et la gastronomie.<br \/>\nCommentaire en direct, musique, danse, \u00e9clat et humour composent Scandal Dinner Show. Une proposition de vie nocturne qui captivera vos six sens gr\u00e2ce \u00e0 un mariage entre la haute cuisine et le divertissement. <\/p>\n<p><strong>Billet d&#8217;or inclus :<\/strong><\/p>\n<ul>\n<li>Boissons et d\u00eener<\/li>\n<\/ul>\n<p><strong>Billet d&#8217;argent inclus<\/strong><\/p>\n<ul>\n<li>Boissons et d\u00eener<\/li>\n<li>Table priv\u00e9e pour deux personnes<\/li>\n<\/ul>\n<p>*<span>Le code vestimentaire pour le d\u00eener-spectacle est une tenue \u00e9l\u00e9gante. Les pantalons sont obligatoires pour les hommes et les v\u00eatements de plage ne sont pas autoris\u00e9s. <\/span><\/p>\n","protected":false},"excerpt":{"rendered":"<p>Plongez dans une exp\u00e9rience unique o\u00f9 l&#8217;art, la sensualit\u00e9 et la gastronomie fusionnent pour \u00e9veiller vos &#8220;6 sens&#8221;.<br \/>\nScandal Dinner Show, organis\u00e9 au luxueux GF Victoria, est plus qu&#8217;un spectacle ; c&#8217;est un voyage \u00e0 travers une voix en direct, une musique vibrante, des danses captivantes et un humour qui vous fera rire \u00e0 gorge d\u00e9ploy\u00e9e.<\/p>\n","protected":false},"featured_media":4258,"template":"","meta":{"_acf_changed":false,"_joinchat":[]},"product_brand":[],"product_cat":[172],"product_tag":[],"class_list":{"0":"post-4245","1":"product","2":"type-product","3":"status-publish","4":"has-post-thumbnail","6":"product_cat-spectacles-en-soiree-tenerife","7":"pa_depart-from-sud-de-lile","9":"first","10":"instock","11":"virtual","12":"sold-individually","13":"purchasable","14":"product-type-booking"},"acf":[],"_links":{"self":[{"href":"https:\/\/thetenerifechannel.com\/fr\/wp-json\/wp\/v2\/product\/4245","targetHints":{"allow":["GET"]}}],"collection":[{"href":"https:\/\/thetenerifechannel.com\/fr\/wp-json\/wp\/v2\/product"}],"about":[{"href":"https:\/\/thetenerifechannel.com\/fr\/wp-json\/wp\/v2\/types\/product"}],"wp:featuredmedia":[{"embeddable":true,"href":"https:\/\/thetenerifechannel.com\/fr\/wp-json\/wp\/v2\/media\/4258"}],"wp:attachment":[{"href":"https:\/\/thetenerifechannel.com\/fr\/wp-json\/wp\/v2\/media?parent=4245"}],"wp:term":[{"taxonomy":"product_brand","embeddable":true,"href":"https:\/\/thetenerifechannel.com\/fr\/wp-json\/wp\/v2\/product_brand?post=4245"},{"taxonomy":"product_cat","embeddable":true,"href":"https:\/\/thetenerifechannel.com\/fr\/wp-json\/wp\/v2\/product_cat?post=4245"},{"taxonomy":"product_tag","embeddable":true,"href":"https:\/\/thetenerifechannel.com\/fr\/wp-json\/wp\/v2\/product_tag?post=4245"}],"curies":[{"name":"wp","href":"https:\/\/api.w.org\/{rel}","templated":true}]}}