{"id":4330,"date":"2024-01-23T15:04:30","date_gmt":"2024-01-23T15:04:30","guid":{"rendered":"https:\/\/thetenerifechannel.com\/excursions\/ole-spectacle-de-flamenco\/"},"modified":"2026-03-09T13:55:40","modified_gmt":"2026-03-09T13:55:40","slug":"ole-spectacle-de-flamenco","status":"publish","type":"product","link":"https:\/\/thetenerifechannel.com\/fr\/excursions\/ole-spectacle-de-flamenco\/","title":{"rendered":"Ol\u00e9 &#8211; Spectacle de flamenco"},"content":{"rendered":"<p>Ol\u00e9 ! Flamenco Show&#8221; est un spectacle de danse espagnole et de flamenco qui propose un voyage \u00e0 travers la danse espagnole et se termine par l&#8217;introduction du flamenco le plus pur. La composition chor\u00e9graphique, les arrangements musicaux, la mise en sc\u00e8ne, l&#8217;\u00e9clairage et les costumes conf\u00e8rent \u00e0 ce spectacle magistral<br \/>\nsa propre identit\u00e9.  <\/p>\n<p><strong>Billet d&#8217;or inclus :<\/strong><\/p>\n<ul>\n<li>Billet d&#8217;entr\u00e9e<\/li>\n<\/ul>\n<p><strong>Billet platine inclus<\/strong><\/p>\n<ul>\n<li>1 verre de vin<\/li>\n<li>1 tapa par personne<\/li>\n<\/ul>\n","protected":false},"excerpt":{"rendered":"<p>Profitez de l&#8217;authenticit\u00e9 du flamenco avec le spectacle Ol\u00e9 Flamenco.<br \/>\nUne exp\u00e9rience qui se distingue par sa sc\u00e8ne de lumi\u00e8re, de couleur, de force et de caract\u00e8re pour les soir\u00e9es du sud de T\u00e9n\u00e9rife.<\/p>\n","protected":false},"featured_media":4350,"template":"","meta":{"_acf_changed":false,"_joinchat":[]},"product_brand":[],"product_cat":[172],"product_tag":[],"class_list":{"0":"post-4330","1":"product","2":"type-product","3":"status-publish","4":"has-post-thumbnail","6":"product_cat-spectacles-en-soiree-tenerife","7":"pa_depart-from-sud-de-lile","9":"first","10":"instock","11":"virtual","12":"sold-individually","13":"purchasable","14":"product-type-booking"},"acf":[],"_links":{"self":[{"href":"https:\/\/thetenerifechannel.com\/fr\/wp-json\/wp\/v2\/product\/4330","targetHints":{"allow":["GET"]}}],"collection":[{"href":"https:\/\/thetenerifechannel.com\/fr\/wp-json\/wp\/v2\/product"}],"about":[{"href":"https:\/\/thetenerifechannel.com\/fr\/wp-json\/wp\/v2\/types\/product"}],"wp:featuredmedia":[{"embeddable":true,"href":"https:\/\/thetenerifechannel.com\/fr\/wp-json\/wp\/v2\/media\/4350"}],"wp:attachment":[{"href":"https:\/\/thetenerifechannel.com\/fr\/wp-json\/wp\/v2\/media?parent=4330"}],"wp:term":[{"taxonomy":"product_brand","embeddable":true,"href":"https:\/\/thetenerifechannel.com\/fr\/wp-json\/wp\/v2\/product_brand?post=4330"},{"taxonomy":"product_cat","embeddable":true,"href":"https:\/\/thetenerifechannel.com\/fr\/wp-json\/wp\/v2\/product_cat?post=4330"},{"taxonomy":"product_tag","embeddable":true,"href":"https:\/\/thetenerifechannel.com\/fr\/wp-json\/wp\/v2\/product_tag?post=4330"}],"curies":[{"name":"wp","href":"https:\/\/api.w.org\/{rel}","templated":true}]}}