{"id":4354,"date":"2024-01-25T17:53:26","date_gmt":"2024-01-25T17:53:26","guid":{"rendered":"https:\/\/thetenerifechannel.com\/excursions\/aqualand\/"},"modified":"2026-03-09T13:55:01","modified_gmt":"2026-03-09T13:55:01","slug":"aqualand","status":"publish","type":"product","link":"https:\/\/thetenerifechannel.com\/fr\/excursions\/aqualand\/","title":{"rendered":"Aqualand"},"content":{"rendered":"<p>Aqualand est un parc aquatique bien connu situ\u00e9 \u00e0 Costa Adeje<br \/>\nIl propose une s\u00e9rie d&#8217;attractions aquatiques, notamment des toboggans, des piscines \u00e0 vagues et une rivi\u00e8re \u00e0 courant, ce qui en fait une destination id\u00e9ale pour une journ\u00e9e en famille.<br \/>\nNe manquez pas les spectacles de dauphins, qui ajoutent une couche suppl\u00e9mentaire de divertissement \u00e0 votre visite.<br \/>\nVenez profiter d&#8217;une journ\u00e9e rafra\u00eechissante et agr\u00e9able \u00e0 Aqualand Tenerife !<\/p>\n<p><em> <\/em><\/p>\n","protected":false},"excerpt":{"rendered":"<p>D\u00e9couvrez les divertissements aquatiques et les plaisirs familiaux \u00e0 Aqualand Tenerife.<br \/>\nCe parc aquatique propose une s\u00e9rie d&#8217;attractions aquatiques, notamment des toboggans, des piscines \u00e0 vagues et une rivi\u00e8re paresseuse, ainsi qu&#8217;un spectacle de dauphins.<\/p>\n","protected":false},"featured_media":4362,"template":"","meta":{"_acf_changed":false,"_joinchat":[]},"product_brand":[],"product_cat":[159],"product_tag":[],"class_list":{"0":"post-4354","1":"product","2":"type-product","3":"status-publish","4":"has-post-thumbnail","6":"product_cat-parcs-a-theme-tenerife","7":"pa_depart-from-sud-de-lile","9":"first","10":"instock","11":"virtual","12":"sold-individually","13":"purchasable","14":"product-type-booking"},"acf":[],"_links":{"self":[{"href":"https:\/\/thetenerifechannel.com\/fr\/wp-json\/wp\/v2\/product\/4354","targetHints":{"allow":["GET"]}}],"collection":[{"href":"https:\/\/thetenerifechannel.com\/fr\/wp-json\/wp\/v2\/product"}],"about":[{"href":"https:\/\/thetenerifechannel.com\/fr\/wp-json\/wp\/v2\/types\/product"}],"wp:featuredmedia":[{"embeddable":true,"href":"https:\/\/thetenerifechannel.com\/fr\/wp-json\/wp\/v2\/media\/4362"}],"wp:attachment":[{"href":"https:\/\/thetenerifechannel.com\/fr\/wp-json\/wp\/v2\/media?parent=4354"}],"wp:term":[{"taxonomy":"product_brand","embeddable":true,"href":"https:\/\/thetenerifechannel.com\/fr\/wp-json\/wp\/v2\/product_brand?post=4354"},{"taxonomy":"product_cat","embeddable":true,"href":"https:\/\/thetenerifechannel.com\/fr\/wp-json\/wp\/v2\/product_cat?post=4354"},{"taxonomy":"product_tag","embeddable":true,"href":"https:\/\/thetenerifechannel.com\/fr\/wp-json\/wp\/v2\/product_tag?post=4354"}],"curies":[{"name":"wp","href":"https:\/\/api.w.org\/{rel}","templated":true}]}}