{"id":4361,"date":"2024-01-22T14:33:26","date_gmt":"2024-01-22T14:33:26","guid":{"rendered":"https:\/\/thetenerifechannel.com\/excursions\/safari-en-jet-ski-1-heure\/"},"modified":"2026-03-09T13:55:26","modified_gmt":"2026-03-09T13:55:26","slug":"safari-en-jet-ski-1-heure","status":"publish","type":"product","link":"https:\/\/thetenerifechannel.com\/fr\/excursions\/safari-en-jet-ski-1-heure\/","title":{"rendered":"Safari en jet ski (1 heure)"},"content":{"rendered":"<p>Le jet ski est une activit\u00e9 amusante et rapide qui peut \u00eatre pratiqu\u00e9e par des personnes de tous \u00e2ges et de tous niveaux. Que vous soyez d\u00e9butant ou exp\u00e9riment\u00e9, le jet ski \u00e0 T\u00e9n\u00e9rife est une exp\u00e9rience exaltante.<br \/>\nVous participerez \u00e0 une visite guid\u00e9e qui vous permettra d&#8217;admirer le paysage \u00e9poustouflant depuis l&#8217;eau, vous donnant une perspective unique du littoral et des montagnes environnantes. Vous pouvez choisir de rouler en solo ou en tandem pour partager l&#8217;exp\u00e9rience.<br \/>\nUn safari d&#8217;une heure en jetski est le moyen id\u00e9al de d\u00e9couvrir l&#8217;une des meilleures activit\u00e9s nautiques qui soient.  D\u00e9tendez-vous et laissez-nous nous occuper de tous les d\u00e9tails pour que vous puissiez vivre ce voyage d&#8217;adr\u00e9naline en toute s\u00e9r\u00e9nit\u00e9 !<\/p>\n<p><strong>Inclus :<\/strong><\/p>\n<ul>\n<li>Randonn\u00e9e le long de la c\u00f4te sud-ouest de T\u00e9n\u00e9riffe<\/li>\n<li>Rendez-vous sur la plage la plus proche de votre h\u00e9bergement.<\/li>\n<li>Billet \u00e9lectronique.<\/li>\n<li>Gilet de sauvetage (obligatoire)<\/li>\n<li>Guide sp\u00e9cialis\u00e9<\/li>\n<\/ul>\n<p><strong>Non inclus :<\/strong><\/p>\n<ul>\n<li>Transport<\/li>\n<li>Photo souvenir<\/li>\n<\/ul>\n<p><strong>Lors de la r\u00e9servation, veuillez nous contacter pour v\u00e9rifier la disponibilit\u00e9.<\/strong><\/p>\n<p>*Age minimum du passager : 10 ans<br \/>\n*Jet ski simple : \u00e2ge minimum : 16 ans (autorisation des parents requise)<br \/>\n*Jet ski double : \u00e2ge minimum 18 ans<br \/>\n*Restriction de poids jet ski double : 150-170 kg.<\/p>\n<p>&nbsp;<\/p>\n","protected":false},"excerpt":{"rendered":"<p>Faites le plein de vagues lors de cette excursion guid\u00e9e d&#8217;une heure en jet-ski qui vous permettra d&#8217;admirer le paysage \u00e9poustouflant depuis l&#8217;eau, vous donnant ainsi une perspective unique du littoral et des montagnes environnantes.<\/p>\n","protected":false},"featured_media":3971,"template":"","meta":{"_acf_changed":false,"_joinchat":[]},"product_brand":[],"product_cat":[169],"product_tag":[],"class_list":{"0":"post-4361","1":"product","2":"type-product","3":"status-publish","4":"has-post-thumbnail","6":"product_cat-sports-nautiques-tenerife","7":"pa_depart-from-sud-de-lile","9":"first","10":"instock","11":"virtual","12":"sold-individually","13":"purchasable","14":"product-type-booking"},"acf":[],"_links":{"self":[{"href":"https:\/\/thetenerifechannel.com\/fr\/wp-json\/wp\/v2\/product\/4361","targetHints":{"allow":["GET"]}}],"collection":[{"href":"https:\/\/thetenerifechannel.com\/fr\/wp-json\/wp\/v2\/product"}],"about":[{"href":"https:\/\/thetenerifechannel.com\/fr\/wp-json\/wp\/v2\/types\/product"}],"wp:featuredmedia":[{"embeddable":true,"href":"https:\/\/thetenerifechannel.com\/fr\/wp-json\/wp\/v2\/media\/3971"}],"wp:attachment":[{"href":"https:\/\/thetenerifechannel.com\/fr\/wp-json\/wp\/v2\/media?parent=4361"}],"wp:term":[{"taxonomy":"product_brand","embeddable":true,"href":"https:\/\/thetenerifechannel.com\/fr\/wp-json\/wp\/v2\/product_brand?post=4361"},{"taxonomy":"product_cat","embeddable":true,"href":"https:\/\/thetenerifechannel.com\/fr\/wp-json\/wp\/v2\/product_cat?post=4361"},{"taxonomy":"product_tag","embeddable":true,"href":"https:\/\/thetenerifechannel.com\/fr\/wp-json\/wp\/v2\/product_tag?post=4361"}],"curies":[{"name":"wp","href":"https:\/\/api.w.org\/{rel}","templated":true}]}}