{"id":4397,"date":"2024-01-25T18:23:12","date_gmt":"2024-01-25T18:23:12","guid":{"rendered":"https:\/\/thetenerifechannel.com\/excursions\/billet-jumele-jungle-park-aqualand\/"},"modified":"2026-03-09T13:54:38","modified_gmt":"2026-03-09T13:54:38","slug":"billet-jumele-jungle-park-aqualand","status":"publish","type":"product","link":"https:\/\/thetenerifechannel.com\/fr\/excursions\/billet-jumele-jungle-park-aqualand\/","title":{"rendered":"Billet jumel\u00e9 Jungle Park + Aqualand"},"content":{"rendered":"<div><strong>Appr\u00e9ciez<\/strong> <strong>Jungle Park &amp; Aqualand Costa Adeje !<\/strong><\/div>\n<div>Amusez-vous bien dans ces deux parcs.<\/div>\n<div>Ce forfait comprend un billet journalier pour Jungle Park et un billet journalier pour Aqualand Costa Adeje.<\/div>\n<div>Achetez votre billet maintenant et d\u00e9cidez plus tard de la date de votre visite. Les jours de visite ne doivent pas n\u00e9cessairement \u00eatre cons\u00e9cutifs. <\/div>\n<p><strong>Jungle Park<\/strong> est un parc animalier dynamique qui pr\u00e9sente une grande vari\u00e9t\u00e9 d&#8217;animaux, notamment des oiseaux exotiques, des primates et bien plus encore. Ne manquez pas les spectaculaires spectacles d&#8217;oiseaux de proie et les sentiers qui ressemblent \u00e0 une for\u00eat tropicale.<br \/>\nId\u00e9al pour une journ\u00e9e amusante avec toute la famille ! <\/p>\n<p><em>Ouvert tous les jours de 10h00 \u00e0 17h30.<\/em><\/p>\n<p>D\u00e9couvrez les divertissements aquatiques et les plaisirs familiaux \u00e0 <strong>Aqualand Tenerife.<\/strong><br \/>\nCe parc aquatique propose une s\u00e9rie d&#8217;attractions aquatiques, notamment des toboggans, des piscines \u00e0 vagues et une rivi\u00e8re paresseuse, ainsi qu&#8217;un spectacle de dauphins.<\/p>\n<p><em>Ouvert tous les jours de 10h00 \u00e0 17h00.<br \/>\n<\/em><em> <\/em><\/p>\n<p>&nbsp;<\/p>\n","protected":false},"excerpt":{"rendered":"<div>Profitez de Jungle Park &amp; Aqualand Costa Adeje !<\/div>\n<div>Amusez-vous bien dans ces deux parcs. Ce forfait comprend un billet journalier pour Jungle Park et un billet journalier pour Aqualand Costa Adeje. <\/div>\n","protected":false},"featured_media":4401,"template":"","meta":{"_acf_changed":false,"_joinchat":[]},"product_brand":[],"product_cat":[159],"product_tag":[],"class_list":{"0":"post-4397","1":"product","2":"type-product","3":"status-publish","4":"has-post-thumbnail","6":"product_cat-parcs-a-theme-tenerife","7":"pa_depart-from-sud-de-lile","9":"first","10":"instock","11":"virtual","12":"sold-individually","13":"purchasable","14":"product-type-booking"},"acf":[],"_links":{"self":[{"href":"https:\/\/thetenerifechannel.com\/fr\/wp-json\/wp\/v2\/product\/4397","targetHints":{"allow":["GET"]}}],"collection":[{"href":"https:\/\/thetenerifechannel.com\/fr\/wp-json\/wp\/v2\/product"}],"about":[{"href":"https:\/\/thetenerifechannel.com\/fr\/wp-json\/wp\/v2\/types\/product"}],"wp:featuredmedia":[{"embeddable":true,"href":"https:\/\/thetenerifechannel.com\/fr\/wp-json\/wp\/v2\/media\/4401"}],"wp:attachment":[{"href":"https:\/\/thetenerifechannel.com\/fr\/wp-json\/wp\/v2\/media?parent=4397"}],"wp:term":[{"taxonomy":"product_brand","embeddable":true,"href":"https:\/\/thetenerifechannel.com\/fr\/wp-json\/wp\/v2\/product_brand?post=4397"},{"taxonomy":"product_cat","embeddable":true,"href":"https:\/\/thetenerifechannel.com\/fr\/wp-json\/wp\/v2\/product_cat?post=4397"},{"taxonomy":"product_tag","embeddable":true,"href":"https:\/\/thetenerifechannel.com\/fr\/wp-json\/wp\/v2\/product_tag?post=4397"}],"curies":[{"name":"wp","href":"https:\/\/api.w.org\/{rel}","templated":true}]}}