{"id":4413,"date":"2024-01-25T18:54:47","date_gmt":"2024-01-25T18:54:47","guid":{"rendered":"https:\/\/thetenerifechannel.com\/excursions\/tour-des-iles-teide-masca-garachico-icod-2\/"},"modified":"2026-03-09T13:54:41","modified_gmt":"2026-03-09T13:54:41","slug":"tour-des-iles-teide-masca-garachico-icod-2","status":"publish","type":"product","link":"https:\/\/thetenerifechannel.com\/fr\/excursions\/tour-des-iles-teide-masca-garachico-icod-2\/","title":{"rendered":"Tour de l&#8217;\u00eele : Teide &#8211; Masca &#8211; Garachico (depuis le sud)"},"content":{"rendered":"<div class=\"flex-shrink-0 flex flex-col relative items-end\">\n<div>\n<div class=\"pt-0.5\">\n<div class=\"gizmo-shadow-stroke flex h-6 w-6 items-center justify-center overflow-hidden rounded-full\">Participez \u00e0 un voyage pittoresque \u00e0 travers les magnifiques sites de T\u00e9n\u00e9riffe.<\/div>\n<\/div>\n<\/div>\n<\/div>\n<div class=\"relative flex w-full flex-col lg:w-[calc(100%-115px)] agent-turn\">\n<div class=\"flex-col gap-1 md:gap-3\">\n<div class=\"flex flex-grow flex-col max-w-full\">\n<div class=\"min-h-[20px] text-message flex flex-col items-start gap-3 whitespace-pre-wrap break-words [.text-message+&amp;]:mt-5 overflow-x-auto\" data-message-author-role=\"assistant\" data-message-id=\"1b594d4d-875f-4ede-8698-e67da448c8b8\">\n<div class=\"markdown prose w-full break-words dark:prose-invert light\">\n<p>En partant du sud, nous nous rendrons d&#8217;abord au parc national du Teide, o\u00f9 nous ferons une petite halte dans la charmante ville de Vilaflor. En arrivant dans le parc, class\u00e9 au patrimoine mondial de l&#8217;UNESCO depuis 2007, vous serez accueillis par le plus haut sommet d&#8217;Espagne, El Teide, et par l&#8217;un des paysages volcaniques les plus \u00e9tonnants au monde. Il s&#8217;agit d&#8217;un v\u00e9ritable spectacle naturel au c\u0153ur des \u00eeles Canaries.  <\/p>\n<\/div>\n<p>L&#8217;excursion se poursuit jusqu&#8217;\u00e0 Icod de los Vinos, o\u00f9 se trouve le l\u00e9gendaire arbre du dragon. Ensuite, nous explorerons les rues pittoresques de Garachico, o\u00f9 vous pourrez d\u00e9couvrir sa vieille ville bien pr\u00e9serv\u00e9e.<br \/>\nLe voyage nous m\u00e8ne ensuite au village pittoresque de Masca, nich\u00e9 dans le parc rural de Teno, o\u00f9 vous disposerez d&#8217;un peu de temps libre pour appr\u00e9cier les magnifiques panoramas.<\/p>\n<p>Pour conclure cette excursion m\u00e9morable, nous rentrerons \u00e0 l&#8217;h\u00f4tel.<\/p>\n<p><strong>Inclus :<\/strong><\/p>\n<\/div>\n<\/div>\n<\/div>\n<\/div>\n<ul>\n<li>Bus discr\u00e9tionnaire climatis\u00e9<\/li>\n<li>Guide officiel<\/li>\n<\/ul>\n<p><strong>Non inclus :<\/strong><\/p>\n<ul>\n<li>D\u00e9jeuner<\/li>\n<\/ul>\n","protected":false},"excerpt":{"rendered":"<p>D\u00e9couvrez les plus beaux sites de T\u00e9n\u00e9rife lors de ce tour de l&#8217;\u00eele, qui vous emm\u00e8ne \u00e0 Masca, Garachico, Teide et son magnifique parc national, et Icod de los Vinos, au d\u00e9part du sud de T\u00e9n\u00e9rife.<\/p>\n","protected":false},"featured_media":4176,"template":"","meta":{"_acf_changed":false,"_joinchat":[]},"product_brand":[],"product_cat":[152,151],"product_tag":[],"class_list":{"0":"post-4413","1":"product","2":"type-product","3":"status-publish","4":"has-post-thumbnail","6":"product_cat-circuits-ile-bus-tenerife","7":"product_cat-teide-tenerife-fr","8":"pa_depart-from-sud-de-lile","10":"first","11":"instock","12":"virtual","13":"sold-individually","14":"purchasable","15":"product-type-booking"},"acf":[],"_links":{"self":[{"href":"https:\/\/thetenerifechannel.com\/fr\/wp-json\/wp\/v2\/product\/4413","targetHints":{"allow":["GET"]}}],"collection":[{"href":"https:\/\/thetenerifechannel.com\/fr\/wp-json\/wp\/v2\/product"}],"about":[{"href":"https:\/\/thetenerifechannel.com\/fr\/wp-json\/wp\/v2\/types\/product"}],"wp:featuredmedia":[{"embeddable":true,"href":"https:\/\/thetenerifechannel.com\/fr\/wp-json\/wp\/v2\/media\/4176"}],"wp:attachment":[{"href":"https:\/\/thetenerifechannel.com\/fr\/wp-json\/wp\/v2\/media?parent=4413"}],"wp:term":[{"taxonomy":"product_brand","embeddable":true,"href":"https:\/\/thetenerifechannel.com\/fr\/wp-json\/wp\/v2\/product_brand?post=4413"},{"taxonomy":"product_cat","embeddable":true,"href":"https:\/\/thetenerifechannel.com\/fr\/wp-json\/wp\/v2\/product_cat?post=4413"},{"taxonomy":"product_tag","embeddable":true,"href":"https:\/\/thetenerifechannel.com\/fr\/wp-json\/wp\/v2\/product_tag?post=4413"}],"curies":[{"name":"wp","href":"https:\/\/api.w.org\/{rel}","templated":true}]}}