{"id":4425,"date":"2024-01-26T19:09:22","date_gmt":"2024-01-26T19:09:22","guid":{"rendered":"https:\/\/thetenerifechannel.com\/excursions\/safari-sous-marin\/"},"modified":"2026-03-09T13:53:34","modified_gmt":"2026-03-09T13:53:34","slug":"safari-sous-marin","status":"publish","type":"product","link":"https:\/\/thetenerifechannel.com\/fr\/excursions\/safari-sous-marin\/","title":{"rendered":"Safari sous-marin"},"content":{"rendered":"<p>Plongez dans une aventure inoubliable avec le Safari sous-marin de T\u00e9n\u00e9rife, o\u00f9 vous descendrez avec un sous-marin \u00e0 une profondeur de 30 m\u00e8tres.<br \/>\nD\u00e9couvrez la vie marine anim\u00e9e gr\u00e2ce \u00e0 un port d&#8217;observation personnel, chacun \u00e9quip\u00e9 d&#8217;un \u00e9cran de t\u00e9l\u00e9vision affichant des vues alternatives et fournissant des informations sur le sous-marin et son environnement.<\/p>\n<p>Vous aurez \u00e9galement la possibilit\u00e9 de prendre des photos avec le pilote dans le cockpit.<br \/>\nApr\u00e8s la plong\u00e9e, vous recevrez un certificat de plong\u00e9e personnalis\u00e9 et aurez du temps libre pour explorer la marina. L&#8217;exp\u00e9rience dure environ 50 minutes. <\/p>\n<p class=\"p1\"><b>  Inclus<\/b><\/p>\n<ul class=\"ul1\">\n<li class=\"li2\">Billet d&#8217;entr\u00e9e \u00e9lectronique.<\/li>\n<li class=\"li2\">Transfert en bus depuis le sud.<\/li>\n<li>Certificat de plong\u00e9e<\/li>\n<\/ul>\n<p class=\"p1\"><b>Non inclus<\/b><\/p>\n<ul class=\"ul1\">\n<li class=\"li2\">Boissons ou en-cas<\/li>\n<\/ul>\n<p><em>*Les enfants de moins de 2 ans ne peuvent pas plonger pour des raisons de s\u00e9curit\u00e9.<\/em><\/p>\n","protected":false},"excerpt":{"rendered":"<p>Plongez dans une aventure inoubliable avec le Safari sous-marin de T\u00e9n\u00e9rife, o\u00f9 vous descendrez avec un sous-marin \u00e0 une profondeur de 30 m\u00e8tres.<br \/>\nD\u00e9couvrez la vie marine anim\u00e9e gr\u00e2ce \u00e0 un port d&#8217;observation personnel, chacun \u00e9quip\u00e9 d&#8217;un \u00e9cran de t\u00e9l\u00e9vision affichant des vues alternatives et fournissant des informations sur le sous-marin et son environnement.<\/p>\n","protected":false},"featured_media":4436,"template":"","meta":{"_acf_changed":false,"_joinchat":[]},"product_brand":[],"product_cat":[169],"product_tag":[],"class_list":{"0":"post-4425","1":"product","2":"type-product","3":"status-publish","4":"has-post-thumbnail","6":"product_cat-sports-nautiques-tenerife","7":"pa_depart-from-sud-de-lile","9":"first","10":"instock","11":"virtual","12":"sold-individually","13":"purchasable","14":"product-type-booking"},"acf":[],"_links":{"self":[{"href":"https:\/\/thetenerifechannel.com\/fr\/wp-json\/wp\/v2\/product\/4425","targetHints":{"allow":["GET"]}}],"collection":[{"href":"https:\/\/thetenerifechannel.com\/fr\/wp-json\/wp\/v2\/product"}],"about":[{"href":"https:\/\/thetenerifechannel.com\/fr\/wp-json\/wp\/v2\/types\/product"}],"wp:featuredmedia":[{"embeddable":true,"href":"https:\/\/thetenerifechannel.com\/fr\/wp-json\/wp\/v2\/media\/4436"}],"wp:attachment":[{"href":"https:\/\/thetenerifechannel.com\/fr\/wp-json\/wp\/v2\/media?parent=4425"}],"wp:term":[{"taxonomy":"product_brand","embeddable":true,"href":"https:\/\/thetenerifechannel.com\/fr\/wp-json\/wp\/v2\/product_brand?post=4425"},{"taxonomy":"product_cat","embeddable":true,"href":"https:\/\/thetenerifechannel.com\/fr\/wp-json\/wp\/v2\/product_cat?post=4425"},{"taxonomy":"product_tag","embeddable":true,"href":"https:\/\/thetenerifechannel.com\/fr\/wp-json\/wp\/v2\/product_tag?post=4425"}],"curies":[{"name":"wp","href":"https:\/\/api.w.org\/{rel}","templated":true}]}}