{"id":4601,"date":"2024-01-26T16:26:15","date_gmt":"2024-01-26T16:26:15","guid":{"rendered":"https:\/\/thetenerifechannel.com\/excursions\/la-gomera\/"},"modified":"2026-03-09T13:53:57","modified_gmt":"2026-03-09T13:53:57","slug":"la-gomera","status":"publish","type":"product","link":"https:\/\/thetenerifechannel.com\/fr\/excursions\/la-gomera\/","title":{"rendered":"La Gomera"},"content":{"rendered":"<p>Cette excursion partira du port de Los Cristianos &#8211; Tenerife, en prenant le ferry pour San Sebasti\u00e1n de la Gomera, le port et la capitale de l&#8217;\u00eele.<br \/>\nUne fois arriv\u00e9s \u00e0 ce point, nous commencerons notre ascension vers le parc national de Garajonay, un v\u00e9ritable paradis de for\u00eats de lauriers, une r\u00e9serve naturelle et un site du patrimoine mondial de l&#8217;UNESCO.<br \/>\nNous ferons un arr\u00eat au point de vue Degollada de Peraza, o\u00f9 vous aurez l&#8217;occasion d&#8217;appr\u00e9cier les belles vues panoramiques qu&#8217;offre l&#8217;\u00eele.<\/p>\n<p>Nous poursuivrons notre route en passant par La Palmita et en entrant directement dans le parc national de Garajonay, jusqu&#8217;\u00e0 ce que nous atteignions les petits villages de Las Rosas et Agulo.<br \/>\nDans ces villages, vous aurez du temps libre pour d\u00e9jeuner dans un restaurant typique de Gom\u00e9ranie, o\u00f9 vous assisterez \u00e0 une d\u00e9monstration en direct du c\u00e9l\u00e8bre Silbo Gomero, une m\u00e9thode de communication unique en son genre. Si le temps le permet, nous visiterons le centre des visiteurs, o\u00f9 vous aurez l&#8217;occasion de d\u00e9couvrir le jeu de boules. <\/p>\n<p>Nous reviendrons \u00e0 San Sebasti\u00e1n en passant par la vall\u00e9e de Hermigua, o\u00f9 vous pourrez voir les vestiges historiques du passage de Christophe Colomb avant son d\u00e9part pour le continent am\u00e9ricain, notamment la Torre del Conde et la Casa de Col\u00f3n.<\/p>\n<p><strong>Comprend :<\/strong><\/p>\n<ul>\n<li>Transfert au port de Los Cristianos et retour \u00e0 l&#8217;h\u00f4tel<\/li>\n<li>Guide officiel<\/li>\n<li>Bus climatis\u00e9<\/li>\n<li>D\u00e9jeuner<\/li>\n<li>Billets de ferry<\/li>\n<\/ul>\n<p><strong>Important : <\/strong>N&#8217;oubliez pas de vous munir de l&#8217;original de votre carte d&#8217;identit\u00e9 ou de votre passeport.<\/p>\n","protected":false},"excerpt":{"rendered":"<div class=\"flex-shrink-0 flex flex-col relative items-end\">\n<div>\n<div class=\"pt-0.5\">\n<div class=\"gizmo-shadow-stroke flex h-6 w-6 items-center justify-center overflow-hidden rounded-full\">Visitez la magnifique \u00eele de La Gomera.<br \/>\nEmbarquez pour une journ\u00e9e d&#8217;excursion captivante \u00e0 la d\u00e9couverte de ses paysages \u00e9poustouflants et de sa beaut\u00e9 naturelle lors de cette visite guid\u00e9e.<\/div>\n<\/div>\n<\/div>\n<\/div>\n","protected":false},"featured_media":4607,"template":"","meta":{"_acf_changed":false,"_joinchat":[]},"product_brand":[],"product_cat":[261,152],"product_tag":[266],"class_list":{"0":"post-4601","1":"product","2":"type-product","3":"status-publish","4":"has-post-thumbnail","6":"product_cat-circuits-des-autres-iles","7":"product_cat-circuits-ile-bus-tenerife","8":"product_tag-cartes-de-visite","9":"pa_depart-from-sud-de-lile","11":"first","12":"instock","13":"virtual","14":"sold-individually","15":"purchasable","16":"product-type-booking"},"acf":[],"_links":{"self":[{"href":"https:\/\/thetenerifechannel.com\/fr\/wp-json\/wp\/v2\/product\/4601","targetHints":{"allow":["GET"]}}],"collection":[{"href":"https:\/\/thetenerifechannel.com\/fr\/wp-json\/wp\/v2\/product"}],"about":[{"href":"https:\/\/thetenerifechannel.com\/fr\/wp-json\/wp\/v2\/types\/product"}],"wp:featuredmedia":[{"embeddable":true,"href":"https:\/\/thetenerifechannel.com\/fr\/wp-json\/wp\/v2\/media\/4607"}],"wp:attachment":[{"href":"https:\/\/thetenerifechannel.com\/fr\/wp-json\/wp\/v2\/media?parent=4601"}],"wp:term":[{"taxonomy":"product_brand","embeddable":true,"href":"https:\/\/thetenerifechannel.com\/fr\/wp-json\/wp\/v2\/product_brand?post=4601"},{"taxonomy":"product_cat","embeddable":true,"href":"https:\/\/thetenerifechannel.com\/fr\/wp-json\/wp\/v2\/product_cat?post=4601"},{"taxonomy":"product_tag","embeddable":true,"href":"https:\/\/thetenerifechannel.com\/fr\/wp-json\/wp\/v2\/product_tag?post=4601"}],"curies":[{"name":"wp","href":"https:\/\/api.w.org\/{rel}","templated":true}]}}