{"id":4619,"date":"2024-01-19T13:43:49","date_gmt":"2024-01-19T13:43:49","guid":{"rendered":"https:\/\/thetenerifechannel.com\/excursions\/parapente-en-tandem-vol-standard\/"},"modified":"2026-03-09T13:50:23","modified_gmt":"2026-03-09T13:50:23","slug":"parapente-en-tandem-vol-standard","status":"publish","type":"product","link":"https:\/\/thetenerifechannel.com\/fr\/excursions\/parapente-en-tandem-vol-standard\/","title":{"rendered":"Parapente en tandem &#8211; Vol standard"},"content":{"rendered":"<p>D\u00e9couvrez le plaisir de voler gr\u00e2ce \u00e0 notre formule &#8220;bapt\u00eame de l&#8217;air&#8221;, id\u00e9ale pour les jeunes enfants et tous ceux qui souhaitent s&#8217;envoler dans les airs.<br \/>\nD\u00e9collez d&#8217;Adeje et admirez la vue sur Costa Adeje et La Gomera \u00e0 l&#8217;horizon.<\/p>\n<p>Chaque vol offre un voyage unique guid\u00e9 par les conditions m\u00e9t\u00e9orologiques du jour.<br \/>\nUne introduction parfaite au monde de l&#8217;aviation !<\/p>\n<ul>\n<li>15-20 minutes de vol.<\/li>\n<li>700-900m d&#8217;altitude.<\/li>\n<\/ul>\n","protected":false},"excerpt":{"rendered":"<p>D\u00e9couvrez la beaut\u00e9 du vol en tandem et admirez les vues \u00e9poustouflantes de Costa Adeje.<br \/>\nParfait pour une premi\u00e8re exp\u00e9rience ou pour les enfants.<\/p>\n","protected":false},"featured_media":3848,"template":"","meta":{"_acf_changed":false,"_joinchat":[]},"product_brand":[],"product_cat":[162],"product_tag":[],"class_list":{"0":"post-4619","1":"product","2":"type-product","3":"status-publish","4":"has-post-thumbnail","6":"product_cat-parapente-tenerife","7":"pa_depart-from-sud-de-lile","9":"first","10":"instock","11":"virtual","12":"sold-individually","13":"purchasable","14":"product-type-booking"},"acf":[],"_links":{"self":[{"href":"https:\/\/thetenerifechannel.com\/fr\/wp-json\/wp\/v2\/product\/4619","targetHints":{"allow":["GET"]}}],"collection":[{"href":"https:\/\/thetenerifechannel.com\/fr\/wp-json\/wp\/v2\/product"}],"about":[{"href":"https:\/\/thetenerifechannel.com\/fr\/wp-json\/wp\/v2\/types\/product"}],"wp:featuredmedia":[{"embeddable":true,"href":"https:\/\/thetenerifechannel.com\/fr\/wp-json\/wp\/v2\/media\/3848"}],"wp:attachment":[{"href":"https:\/\/thetenerifechannel.com\/fr\/wp-json\/wp\/v2\/media?parent=4619"}],"wp:term":[{"taxonomy":"product_brand","embeddable":true,"href":"https:\/\/thetenerifechannel.com\/fr\/wp-json\/wp\/v2\/product_brand?post=4619"},{"taxonomy":"product_cat","embeddable":true,"href":"https:\/\/thetenerifechannel.com\/fr\/wp-json\/wp\/v2\/product_cat?post=4619"},{"taxonomy":"product_tag","embeddable":true,"href":"https:\/\/thetenerifechannel.com\/fr\/wp-json\/wp\/v2\/product_tag?post=4619"}],"curies":[{"name":"wp","href":"https:\/\/api.w.org\/{rel}","templated":true}]}}