{"id":4630,"date":"2024-01-26T17:25:27","date_gmt":"2024-01-26T17:25:27","guid":{"rendered":"https:\/\/thetenerifechannel.com\/excursions\/tour-du-teide-billet-de-telepherique\/"},"modified":"2026-03-09T13:53:45","modified_gmt":"2026-03-09T13:53:45","slug":"tour-du-teide-billet-de-telepherique","status":"publish","type":"product","link":"https:\/\/thetenerifechannel.com\/fr\/excursions\/tour-du-teide-billet-de-telepherique\/","title":{"rendered":"Tour du Teide + billet de t\u00e9l\u00e9ph\u00e9rique"},"content":{"rendered":"<p class=\"p1\">Cette excursion organis\u00e9e au mont Teide, avec billets aller-retour en t\u00e9l\u00e9ph\u00e9rique et audioguide num\u00e9rique des sentiers, vous permettra de d\u00e9couvrir le parc national du Teide, le plus visit\u00e9 d&#8217;Europe.<\/p>\n<p class=\"p1\">Depuis le confort du bus et accompagn\u00e9 d&#8217;un guide officiel, vous d\u00e9couvrirez des paysages qui vous \u00e9merveilleront lors de votre ascension vers le sommet. Parce que Tenerife est une \u00e9norme montagne au milieu de l&#8217;oc\u00e9an, ses routes grimpent pour atteindre le c\u0153ur de l&#8217;\u00eele : le mont Teide. En cours de route, vous traverserez diff\u00e9rents niveaux bioclimatiques.  <\/p>\n<p class=\"p1\">De plus, comme les billets de t\u00e9l\u00e9ph\u00e9rique pour l&#8217;ascension du mont Teide sont d\u00e9j\u00e0 inclus, vous n&#8217;avez pas \u00e0 vous inqui\u00e9ter de manquer l&#8217;occasion de r\u00e9server votre place.<\/p>\n<p class=\"p1\">Le Teide Tour comprend les billets pour l&#8217;ascension et la descente, ainsi qu&#8217;un audioguide num\u00e9rique des sentiers qui vous m\u00e8neront \u00e0 une altitude de 3 555 m\u00e8tres, afin que vous puissiez profiter d&#8217;une vue imprenable sur Tenerife et certaines des \u00eeles voisines, tout en d\u00e9couvrant l&#8217;un des paysages volcaniques les plus extraordinaires au monde.<\/p>\n<p class=\"p2\"><b><i>Dur\u00e9e approx. 07:00 Hrs Approx. <\/i><\/b><\/p>\n<p class=\"p1\"><b>Qu&#8217;est-ce qui est inclus ?<\/b><\/p>\n<ul class=\"ul1\">\n<li class=\"li1\">Billet \u00e9lectronique<\/li>\n<li class=\"li1\">Tickets de t\u00e9l\u00e9ph\u00e9rique + audioguide (sans obligation d&#8217;utilisation)<\/li>\n<li class=\"li1\">Transport<\/li>\n<li class=\"li1\">Guide officiel (multilingue)<\/li>\n<li class=\"li1\">Prise en charge au sud de l&#8217;\u00eele (Playa de Las Americas, Los Cristianos, Costa Adeje, Callao Salvaje, Golf del Sur)<\/li>\n<\/ul>\n<p class=\"p1\"><b>Non inclus :<\/b><\/p>\n<ul class=\"ul1\">\n<li class=\"li3\">Nourriture et\/ou boissons (vous pouvez apporter votre propre snack ou l&#8217;acheter dans notre restaurant-snack bar)<\/li>\n<li class=\"li4\">Acc\u00e8s au sentier qui m\u00e8ne au crat\u00e8re du Teide (n\u00e9cessite un permis du parc national)<\/li>\n<li class=\"li5\">Acc\u00e8s pour les visiteurs souffrant d&#8217;un handicap physique ou d&#8217;une d\u00e9ficience motrice<\/li>\n<\/ul>\n","protected":false},"excerpt":{"rendered":"<p>Participez \u00e0 notre excursion organis\u00e9e sur le mont Teide, avec billets aller-retour en t\u00e9l\u00e9ph\u00e9rique et audioguide num\u00e9rique pour les sentiers.<br \/>\nExplorez le parc national du Teide, le parc national le plus visit\u00e9 d&#8217;Europe !<\/p>\n","protected":false},"featured_media":4643,"template":"","meta":{"_acf_changed":false,"_joinchat":[]},"product_brand":[],"product_cat":[152,151],"product_tag":[],"class_list":{"0":"post-4630","1":"product","2":"type-product","3":"status-publish","4":"has-post-thumbnail","6":"product_cat-circuits-ile-bus-tenerife","7":"product_cat-teide-tenerife-fr","8":"pa_depart-from-nord-de-lile","9":"pa_depart-from-sud-de-lile","11":"first","12":"instock","13":"virtual","14":"sold-individually","15":"purchasable","16":"product-type-booking"},"acf":[],"_links":{"self":[{"href":"https:\/\/thetenerifechannel.com\/fr\/wp-json\/wp\/v2\/product\/4630","targetHints":{"allow":["GET"]}}],"collection":[{"href":"https:\/\/thetenerifechannel.com\/fr\/wp-json\/wp\/v2\/product"}],"about":[{"href":"https:\/\/thetenerifechannel.com\/fr\/wp-json\/wp\/v2\/types\/product"}],"wp:featuredmedia":[{"embeddable":true,"href":"https:\/\/thetenerifechannel.com\/fr\/wp-json\/wp\/v2\/media\/4643"}],"wp:attachment":[{"href":"https:\/\/thetenerifechannel.com\/fr\/wp-json\/wp\/v2\/media?parent=4630"}],"wp:term":[{"taxonomy":"product_brand","embeddable":true,"href":"https:\/\/thetenerifechannel.com\/fr\/wp-json\/wp\/v2\/product_brand?post=4630"},{"taxonomy":"product_cat","embeddable":true,"href":"https:\/\/thetenerifechannel.com\/fr\/wp-json\/wp\/v2\/product_cat?post=4630"},{"taxonomy":"product_tag","embeddable":true,"href":"https:\/\/thetenerifechannel.com\/fr\/wp-json\/wp\/v2\/product_tag?post=4630"}],"curies":[{"name":"wp","href":"https:\/\/api.w.org\/{rel}","templated":true}]}}