{"id":4633,"date":"2024-01-25T16:56:59","date_gmt":"2024-01-25T16:56:59","guid":{"rendered":"https:\/\/thetenerifechannel.com\/excursions\/tour-de-lile-la-laguna-taganana-santa-cruz\/"},"modified":"2026-03-09T13:55:13","modified_gmt":"2026-03-09T13:55:13","slug":"tour-de-lile-la-laguna-taganana-santa-cruz","status":"publish","type":"product","link":"https:\/\/thetenerifechannel.com\/fr\/excursions\/tour-de-lile-la-laguna-taganana-santa-cruz\/","title":{"rendered":"Tour de l&#8217;\u00eele : La Laguna &#8211; Anaga &#8211; Santa Cruz (depuis le nord)"},"content":{"rendered":"<p>Nous commencerons notre excursion dans la partie nord de T\u00e9n\u00e9rife, vers la ville historique de La Laguna, class\u00e9e au patrimoine mondial de l&#8217;UNESCO. C&#8217;est la premi\u00e8re ville coloniale sans remparts, qui a conserv\u00e9 pratiquement intact son trac\u00e9 original du XVe si\u00e8cle. Nous explorerons les lieux les plus importants et les plus pittoresques de la ville, notamment la Plaza del Adelantado, l&#8217;\u00e9glise du Saint Christ de La Laguna, le march\u00e9 du Cristo, la vieille ville et le palais de l&#8217;\u00e9v\u00eaque.  <\/p>\n<p>Ensuite, nous nous dirigerons vers le mont Las Mercedes, en passant par des for\u00eats de lauriers qui m\u00e8nent au village de Taganana. Ce village conserve les coutumes et l&#8217;architecture traditionnelle de l&#8217;\u00eele, encadr\u00e9e par des plages et des formations rocheuses \u00e9mergeant de la mer \u00e0 quelques m\u00e8tres de la c\u00f4te. <\/p>\n<p>Nous continuerons vers le quartier des p\u00eacheurs de San Andr\u00e9s et, apr\u00e8s avoir travers\u00e9 l&#8217;autoroute, nous atteindrons le centre-ville de Santa Cruz de Tenerife, la capitale de l&#8217;\u00eele. C&#8217;est une ville cosmopolite, fascinante, joyeuse et lumineuse. Vous aurez du temps libre pour explorer ses lieux les plus embl\u00e9matiques, tels que la Plaza de Espa\u00f1a, la Plaza de La Candelaria et la Calle Castillo.  <\/p>\n<p>Une fois la visite termin\u00e9e, nous retournerons vers le nord par l&#8217;autoroute jusqu&#8217;\u00e0 Puerto de la Cruz.<\/p>\n<p><strong>Inclus :<\/strong><\/p>\n<ul>\n<li>Bus climatis\u00e9<\/li>\n<li>Guide officiel<\/li>\n<\/ul>\n<p><strong>Non inclus :<\/strong><\/p>\n<ul>\n<li>Repas<\/li>\n<\/ul>\n","protected":false},"excerpt":{"rendered":"<p>Rejoignez-nous pour une belle aventure insulaire dans le nord de Tenerife, en visitant la ville de La Laguna, les for\u00eats luxuriantes, en d\u00e9couvrant le village pittoresque de Taganana et en vous impr\u00e9gnant de l&#8217;atmosph\u00e8re anim\u00e9e de Santa Cruz de Tenerife.<br \/>\nCette excursion promet un m\u00e9lange parfait de culture, de nature et d&#8217;amusement !<\/p>\n","protected":false},"featured_media":4644,"template":"","meta":{"_acf_changed":false,"_joinchat":[]},"product_brand":[],"product_cat":[152],"product_tag":[],"class_list":{"0":"post-4633","1":"product","2":"type-product","3":"status-publish","4":"has-post-thumbnail","6":"product_cat-circuits-ile-bus-tenerife","7":"pa_depart-from-nord-de-lile","9":"first","10":"instock","11":"virtual","12":"sold-individually","13":"purchasable","14":"product-type-booking"},"acf":[],"_links":{"self":[{"href":"https:\/\/thetenerifechannel.com\/fr\/wp-json\/wp\/v2\/product\/4633","targetHints":{"allow":["GET"]}}],"collection":[{"href":"https:\/\/thetenerifechannel.com\/fr\/wp-json\/wp\/v2\/product"}],"about":[{"href":"https:\/\/thetenerifechannel.com\/fr\/wp-json\/wp\/v2\/types\/product"}],"wp:featuredmedia":[{"embeddable":true,"href":"https:\/\/thetenerifechannel.com\/fr\/wp-json\/wp\/v2\/media\/4644"}],"wp:attachment":[{"href":"https:\/\/thetenerifechannel.com\/fr\/wp-json\/wp\/v2\/media?parent=4633"}],"wp:term":[{"taxonomy":"product_brand","embeddable":true,"href":"https:\/\/thetenerifechannel.com\/fr\/wp-json\/wp\/v2\/product_brand?post=4633"},{"taxonomy":"product_cat","embeddable":true,"href":"https:\/\/thetenerifechannel.com\/fr\/wp-json\/wp\/v2\/product_cat?post=4633"},{"taxonomy":"product_tag","embeddable":true,"href":"https:\/\/thetenerifechannel.com\/fr\/wp-json\/wp\/v2\/product_tag?post=4633"}],"curies":[{"name":"wp","href":"https:\/\/api.w.org\/{rel}","templated":true}]}}