{"id":4735,"date":"2024-01-26T15:56:59","date_gmt":"2024-01-26T15:56:59","guid":{"rendered":"https:\/\/thetenerifechannel.com\/excursions\/demi-journee-au-teide-matin\/"},"modified":"2026-03-09T13:54:27","modified_gmt":"2026-03-09T13:54:27","slug":"demi-journee-au-teide-matin","status":"publish","type":"product","link":"https:\/\/thetenerifechannel.com\/fr\/excursions\/demi-journee-au-teide-matin\/","title":{"rendered":"Demi-journ\u00e9e Teide (matin) &#8211; depuis le nord"},"content":{"rendered":"<p>Cette excursion de 6 heures, avec d\u00e9part le matin, vous permettra d&#8217;explorer le parc national du Teide, un site class\u00e9 au patrimoine mondial de l&#8217;UNESCO et l&#8217;un des exemples les plus spectaculaires d&#8217;activit\u00e9 volcanique au monde.<br \/>\nSon sommet, \u00e0 3 718 m\u00e8tres, est le plus haut d&#8217;Espagne.<br \/>\nNous entrerons dans le parc par la vall\u00e9e de l&#8217;Orotava, o\u00f9 nous aurons l&#8217;occasion d&#8217;admirer de superbes vues.<\/p>\n<p>Une fois \u00e0 l&#8217;int\u00e9rieur du parc, nous ferons plusieurs arr\u00eats, et \u00e0 Los Roques de Garc\u00eda, nous aurons du temps libre pour nous promener dans la zone d\u00e9sign\u00e9e et admirer les vues \u00e0 couper le souffle. D&#8217;ici, nous pouvons admirer le Pico Viejo et le majestueux Teide, des structures uniques sur la plan\u00e8te.<br \/>\nLes centaines de c\u00f4nes, de coul\u00e9es de lave et de grottes enrichissent son importance scientifique et paysag\u00e8re. Le parc abrite \u00e9galement une grande vari\u00e9t\u00e9 de faune et de flore end\u00e9miques.  <\/p>\n<p><em>*En option et toujours sous r\u00e9serve de disponibilit\u00e9, vous pouvez choisir d&#8217;acc\u00e9der au t\u00e9l\u00e9ph\u00e9rique. Si le client choisit cette option, il ne pourra pas profiter de certaines parties du parc national.<br \/>\n*Le t\u00e9l\u00e9ph\u00e9rique est d\u00e9conseill\u00e9 aux enfants de moins de 3 ans, aux femmes enceintes et aux personnes souffrant de maladies cardiovasculaires.<\/em><\/p>\n<p><strong>Inclus :<br \/>\n<\/strong><\/p>\n<ul>\n<li>Transport.<\/li>\n<li>Bus climatis\u00e9.<\/li>\n<\/ul>\n<p><strong>Non inclus :<\/strong><\/p>\n<ul>\n<li>Tickets pour le t\u00e9l\u00e9ph\u00e9rique.<\/li>\n<li>Repas\/boissons.<\/li>\n<\/ul>\n","protected":false},"excerpt":{"rendered":"<p>Embarquez pour une excursion d&#8217;une demi-journ\u00e9e \u00e0 la d\u00e9couverte du mont Teide et de son parc national, o\u00f9 vous d\u00e9couvrirez des paysages \u00e0 couper le souffle et le terrain volcanique de cette merveille naturelle.<\/p>\n","protected":false},"featured_media":4188,"template":"","meta":{"_acf_changed":false,"_joinchat":[]},"product_brand":[],"product_cat":[152,151],"product_tag":[],"class_list":{"0":"post-4735","1":"product","2":"type-product","3":"status-publish","4":"has-post-thumbnail","6":"product_cat-circuits-ile-bus-tenerife","7":"product_cat-teide-tenerife-fr","8":"pa_depart-from-nord-de-lile","10":"first","11":"instock","12":"virtual","13":"sold-individually","14":"purchasable","15":"product-type-booking"},"acf":[],"_links":{"self":[{"href":"https:\/\/thetenerifechannel.com\/fr\/wp-json\/wp\/v2\/product\/4735","targetHints":{"allow":["GET"]}}],"collection":[{"href":"https:\/\/thetenerifechannel.com\/fr\/wp-json\/wp\/v2\/product"}],"about":[{"href":"https:\/\/thetenerifechannel.com\/fr\/wp-json\/wp\/v2\/types\/product"}],"wp:featuredmedia":[{"embeddable":true,"href":"https:\/\/thetenerifechannel.com\/fr\/wp-json\/wp\/v2\/media\/4188"}],"wp:attachment":[{"href":"https:\/\/thetenerifechannel.com\/fr\/wp-json\/wp\/v2\/media?parent=4735"}],"wp:term":[{"taxonomy":"product_brand","embeddable":true,"href":"https:\/\/thetenerifechannel.com\/fr\/wp-json\/wp\/v2\/product_brand?post=4735"},{"taxonomy":"product_cat","embeddable":true,"href":"https:\/\/thetenerifechannel.com\/fr\/wp-json\/wp\/v2\/product_cat?post=4735"},{"taxonomy":"product_tag","embeddable":true,"href":"https:\/\/thetenerifechannel.com\/fr\/wp-json\/wp\/v2\/product_tag?post=4735"}],"curies":[{"name":"wp","href":"https:\/\/api.w.org\/{rel}","templated":true}]}}