{"id":47515,"date":"2025-04-27T15:11:52","date_gmt":"2025-04-27T15:11:52","guid":{"rendered":"https:\/\/thetenerifechannel.com\/product\/tour-en-tuk-tuk\/"},"modified":"2025-11-28T18:09:42","modified_gmt":"2025-11-28T18:09:42","slug":"tour-en-tuk-tuk","status":"publish","type":"product","link":"https:\/\/thetenerifechannel.com\/fr\/excursions\/tour-en-tuk-tuk\/","title":{"rendered":"Tour en Tuk Tuk"},"content":{"rendered":"<p class=\"\" data-start=\"158\" data-end=\"284\">Montez \u00e0 bord d&#8217;un Tuk Tuk et explorez le meilleur de la c\u00f4te sud de T\u00e9n\u00e9riffe gr\u00e2ce \u00e0 nos visites guid\u00e9es. Choisissez l&#8217;aventure qui vous convient : <\/p>\n<ul data-start=\"286\" data-end=\"1000\">\n<li class=\"\" data-start=\"286\" data-end=\"524\">\n<p class=\"\" data-start=\"288\" data-end=\"524\"><strong data-start=\"288\" data-end=\"318\">Visite de Costa Adeje (1 heure) :<\/strong><br data-start=\"318\" data-end=\"321\">Visitez les charmants villages de la c\u00f4te comme La Caleta, Torviscas et Fa\u00f1ab\u00e9. D\u00e9couvrez les meilleures plages, les meilleurs h\u00f4tels et les meilleurs restaurants tout en apprenant l&#8217;histoire et la culture locales de T\u00e9n\u00e9rife gr\u00e2ce \u00e0 votre guide. <\/p>\n<\/li>\n<li class=\"\" data-start=\"526\" data-end=\"784\">\n<p class=\"\" data-start=\"528\" data-end=\"784\"><strong data-start=\"528\" data-end=\"561\">Visite du volcan secret (1 heure) :<\/strong><br data-start=\"561\" data-end=\"564\">D\u00e9couvrez la marina de Puerto Col\u00f3n et le monument naturel de la &#8220;Caldera del Rey&#8221;. Admirez la vue sur les plantations de bananes et La Gomera tout en d\u00e9couvrant des faits fascinants sur le pass\u00e9 volcanique de T\u00e9n\u00e9riffe et les bananes canariennes. <\/p>\n<\/li>\n<li class=\"\" data-start=\"786\" data-end=\"1000\">\n<p class=\"\" data-start=\"788\" data-end=\"1000\"><strong data-start=\"788\" data-end=\"816\">Double tour (2 heures) :<\/strong><br data-start=\"816\" data-end=\"819\">L&#8217;exp\u00e9rience ultime ! Combinez les deux circuits en un seul pour une aventure compl\u00e8te &#8211; c\u00f4te, montagnes, villages, et plus encore. Des arr\u00eats suppl\u00e9mentaires sont pr\u00e9vus et vous d\u00e9couvrirez les secrets de l&#8217;\u00eele.  <\/p>\n<\/li>\n<\/ul>\n<p class=\"\" data-start=\"1002\" data-end=\"1183\">Des visites priv\u00e9es sont \u00e9galement disponibles pour une exp\u00e9rience plus personnelle et plus confortable. Elles sont id\u00e9ales pour les personnes plus nombreuses, \u00e0 mobilit\u00e9 r\u00e9duite, ou si vous pr\u00e9f\u00e9rez un guide parlant uniquement votre langue.<\/p>\n","protected":false},"excerpt":{"rendered":"<p><span>Profitez d&#8217;un tour en Tuk Tuk facile et amusant le long de la c\u00f4te, \u00e0 travers des villages traditionnels et jusqu&#8217;\u00e0 des paysages volcaniques. Choisissez entre la route c\u00f4ti\u00e8re et la route des volcans, ou combinez les deux pour une exp\u00e9rience compl\u00e8te ! <\/span><\/p>\n","protected":false},"featured_media":47482,"template":"","meta":{"_acf_changed":false,"_joinchat":[]},"product_brand":[],"product_cat":[152],"product_tag":[],"class_list":{"0":"post-47515","1":"product","2":"type-product","3":"status-publish","4":"has-post-thumbnail","6":"product_cat-circuits-ile-bus-tenerife","8":"first","9":"instock","10":"virtual","11":"sold-individually","12":"purchasable","13":"product-type-booking"},"acf":[],"_links":{"self":[{"href":"https:\/\/thetenerifechannel.com\/fr\/wp-json\/wp\/v2\/product\/47515","targetHints":{"allow":["GET"]}}],"collection":[{"href":"https:\/\/thetenerifechannel.com\/fr\/wp-json\/wp\/v2\/product"}],"about":[{"href":"https:\/\/thetenerifechannel.com\/fr\/wp-json\/wp\/v2\/types\/product"}],"wp:featuredmedia":[{"embeddable":true,"href":"https:\/\/thetenerifechannel.com\/fr\/wp-json\/wp\/v2\/media\/47482"}],"wp:attachment":[{"href":"https:\/\/thetenerifechannel.com\/fr\/wp-json\/wp\/v2\/media?parent=47515"}],"wp:term":[{"taxonomy":"product_brand","embeddable":true,"href":"https:\/\/thetenerifechannel.com\/fr\/wp-json\/wp\/v2\/product_brand?post=47515"},{"taxonomy":"product_cat","embeddable":true,"href":"https:\/\/thetenerifechannel.com\/fr\/wp-json\/wp\/v2\/product_cat?post=47515"},{"taxonomy":"product_tag","embeddable":true,"href":"https:\/\/thetenerifechannel.com\/fr\/wp-json\/wp\/v2\/product_tag?post=47515"}],"curies":[{"name":"wp","href":"https:\/\/api.w.org\/{rel}","templated":true}]}}