{"id":4760,"date":"2024-01-25T19:11:23","date_gmt":"2024-01-25T19:11:23","guid":{"rendered":"https:\/\/thetenerifechannel.com\/excursions\/tour-de-lile-la-laguna-taganana-santa-cruz-2\/"},"modified":"2026-03-09T13:54:30","modified_gmt":"2026-03-09T13:54:30","slug":"tour-de-lile-la-laguna-taganana-santa-cruz-2","status":"publish","type":"product","link":"https:\/\/thetenerifechannel.com\/fr\/excursions\/tour-de-lile-la-laguna-taganana-santa-cruz-2\/","title":{"rendered":"Tour de l&#8217;\u00eele : La Laguna &#8211; Anaga &#8211; Santa Cruz (depuis le sud)"},"content":{"rendered":"<p>Participez \u00e0 cette excursion \u00e0 travers des lieux magnifiques et embl\u00e9matiques de Tenerife.<br \/>\nNous commencerons l&#8217;excursion par la visite de la ville historique de La Laguna, class\u00e9e au patrimoine mondial de l&#8217;UNESCO. Nous visiterons les principales attractions comme la Plaza del Adelantado, l&#8217;\u00e9glise du Saint Christ de La Laguna, El Mercado del Cristo, la vieille ville, le palais de l&#8217;\u00e9v\u00eaque, et bien plus encore. <\/p>\n<p>Ensuite, nous nous rendrons au Monte de Las Mercedes, en descendant par la route du Bailadero, \u00e0 travers de luxuriantes for\u00eats de lauriers, jusqu&#8217;aux montagnes d&#8217;Anaga. Ce village pittoresque pr\u00e9serve les coutumes et l&#8217;architecture traditionnelles, entour\u00e9 de plages et d&#8217;imposantes falaises. <\/p>\n<p>Notre itin\u00e9raire nous m\u00e8ne ensuite au quartier de p\u00eacheurs de San Andr\u00e9s, puis au c\u0153ur de Santa Cruz de Tenerife, la capitale cosmopolite et anim\u00e9e de l&#8217;\u00eele. Nous explorerons bri\u00e8vement ses lieux les plus embl\u00e9matiques, notamment la Plaza de Espa\u00f1a, la Plaza de La Candelaria et la Calle Castillo. <\/p>\n<p>Pour conclure notre visite, nous nous dirigeons vers le sud par l&#8217;autoroute, concluant ainsi un voyage inoubliable \u00e0 travers la richesse de l&#8217;histoire et de la culture de T\u00e9n\u00e9riffe.<\/p>\n<p><strong>Inclus :<\/strong><\/p>\n<ul>\n<li>Bus climatis\u00e9<\/li>\n<li>Guide officiel<\/li>\n<\/ul>\n<p><strong>Non inclus :<\/strong><\/p>\n<ul>\n<li>Repas<\/li>\n<\/ul>\n","protected":false},"excerpt":{"rendered":"<p>Rejoignez-nous pour une belle aventure insulaire dans le nord de Tenerife, en visitant la ville de La Laguna, les for\u00eats luxuriantes, en d\u00e9couvrant le village pittoresque de Taganana et en vous impr\u00e9gnant de l&#8217;atmosph\u00e8re anim\u00e9e de Santa Cruz de Tenerife.<br \/>\nCette excursion promet un m\u00e9lange parfait de culture, de nature et d&#8217;amusement !<\/p>\n","protected":false},"featured_media":4644,"template":"","meta":{"_acf_changed":false,"_joinchat":[]},"product_brand":[],"product_cat":[152],"product_tag":[],"class_list":{"0":"post-4760","1":"product","2":"type-product","3":"status-publish","4":"has-post-thumbnail","6":"product_cat-circuits-ile-bus-tenerife","7":"pa_depart-from-sud-de-lile","9":"first","10":"instock","11":"virtual","12":"sold-individually","13":"purchasable","14":"product-type-booking"},"acf":[],"_links":{"self":[{"href":"https:\/\/thetenerifechannel.com\/fr\/wp-json\/wp\/v2\/product\/4760","targetHints":{"allow":["GET"]}}],"collection":[{"href":"https:\/\/thetenerifechannel.com\/fr\/wp-json\/wp\/v2\/product"}],"about":[{"href":"https:\/\/thetenerifechannel.com\/fr\/wp-json\/wp\/v2\/types\/product"}],"wp:featuredmedia":[{"embeddable":true,"href":"https:\/\/thetenerifechannel.com\/fr\/wp-json\/wp\/v2\/media\/4644"}],"wp:attachment":[{"href":"https:\/\/thetenerifechannel.com\/fr\/wp-json\/wp\/v2\/media?parent=4760"}],"wp:term":[{"taxonomy":"product_brand","embeddable":true,"href":"https:\/\/thetenerifechannel.com\/fr\/wp-json\/wp\/v2\/product_brand?post=4760"},{"taxonomy":"product_cat","embeddable":true,"href":"https:\/\/thetenerifechannel.com\/fr\/wp-json\/wp\/v2\/product_cat?post=4760"},{"taxonomy":"product_tag","embeddable":true,"href":"https:\/\/thetenerifechannel.com\/fr\/wp-json\/wp\/v2\/product_tag?post=4760"}],"curies":[{"name":"wp","href":"https:\/\/api.w.org\/{rel}","templated":true}]}}