{"id":48860,"date":"2025-05-01T15:44:28","date_gmt":"2025-05-01T15:44:28","guid":{"rendered":"https:\/\/thetenerifechannel.com\/product\/excursion-en-buggy-hors-route-et-degustation-de-vins\/"},"modified":"2025-12-01T15:08:26","modified_gmt":"2025-12-01T15:08:26","slug":"excursion-en-buggy-hors-route-et-degustation-de-vins","status":"publish","type":"product","link":"https:\/\/thetenerifechannel.com\/fr\/excursions\/excursion-en-buggy-hors-route-et-degustation-de-vins\/","title":{"rendered":"Excursion en buggy hors route et d\u00e9gustation de vins"},"content":{"rendered":"<p class=\"\" data-start=\"48\" data-end=\"211\">Participez \u00e0 cette excursion de 3 heures en buggy pour une balade inoubliable ! Nous viendrons vous chercher \u00e0 votre h\u00f4tel et commencerons par une rapide introduction \u00e0 la s\u00e9curit\u00e9 et \u00e0 la conduite (ne vous inqui\u00e9tez pas, c&#8217;est tr\u00e8s facile).<br \/>\nVotre aventure commence par 15 minutes de vrai plaisir tout-terrain sur un circuit plein de bosses, de collines et de creux. Nous nous dirigeons ensuite vers le parc national du Teide, avec quelques arr\u00eats en cours de route pour des photos et des pauses toilettes. <\/p>\n<p class=\"\" data-start=\"440\" data-end=\"629\">Apr\u00e8s avoir admir\u00e9 la vue sur le plus haut sommet d&#8217;Espagne, nous nous arr\u00eaterons pour d\u00e9guster du vin local, des pommes de terre canariennes, du fromage et de l&#8217;<em data-start=\"588\" data-end=\"599\">almogrote<\/em> (une d\u00e9licieuse p\u00e2te \u00e0 tartiner locale).<br \/>\nUne fois l&#8217;excursion termin\u00e9e, nous vous ram\u00e8nerons \u00e0 votre h\u00f4tel, poussi\u00e9reux, heureux et plein d&#8217;histoires !<\/p>\n<p><strong>INCLUS :<\/strong><\/p>\n<ul>\n<li>Prise en charge \/ D\u00e9pose<\/li>\n<li>L&#8217;eau<\/li>\n<li>Lunettes de protection contre la poussi\u00e8re<\/li>\n<li><span style=\"letter-spacing: 0em;\">Vestes chaudes et gants (si n\u00e9cessaire)<\/span><\/li>\n<\/ul>\n<p>*Possibilit\u00e9 d&#8217;acheter des photos, des vid\u00e9os et des bandanas moyennant un suppl\u00e9ment.<br \/>\n*Nous vous recommandons vivement de porter des chaussures et des v\u00eatements confortables.<br \/>\n*Prenez une veste, il peut faire froid dans les montagnes.<br \/>\n*N&#8217;oubliez pas de mettre de la cr\u00e8me solaire, car le soleil peut \u00eatre incroyablement puissant, surtout en \u00e9t\u00e9.<br \/>\n*Votre permis de conduire (les conducteurs \u00e2g\u00e9s de moins de 23 ans ou ayant moins de 2 ans d&#8217;exp\u00e9rience de conduite doivent d\u00e9poser une caution de 250 \u20ac).<\/p>\n<p>&nbsp;<\/p>\n","protected":false},"excerpt":{"rendered":"<p><span>Explorez T\u00e9n\u00e9rife en buggy avec des activit\u00e9s tout-terrain, un trajet pittoresque vers le parc national du Teide et une halte d\u00e9gustation de vins locaux et de tapas.<\/span><\/p>\n","protected":false},"featured_media":48417,"template":"","meta":{"_acf_changed":false,"_joinchat":[]},"product_brand":[],"product_cat":[153,151],"product_tag":[],"class_list":{"0":"post-48860","1":"product","2":"type-product","3":"status-publish","4":"has-post-thumbnail","6":"product_cat-quad-tenerife","7":"product_cat-teide-tenerife-fr","9":"first","10":"instock","11":"virtual","12":"sold-individually","13":"purchasable","14":"product-type-booking"},"acf":[],"_links":{"self":[{"href":"https:\/\/thetenerifechannel.com\/fr\/wp-json\/wp\/v2\/product\/48860","targetHints":{"allow":["GET"]}}],"collection":[{"href":"https:\/\/thetenerifechannel.com\/fr\/wp-json\/wp\/v2\/product"}],"about":[{"href":"https:\/\/thetenerifechannel.com\/fr\/wp-json\/wp\/v2\/types\/product"}],"wp:featuredmedia":[{"embeddable":true,"href":"https:\/\/thetenerifechannel.com\/fr\/wp-json\/wp\/v2\/media\/48417"}],"wp:attachment":[{"href":"https:\/\/thetenerifechannel.com\/fr\/wp-json\/wp\/v2\/media?parent=48860"}],"wp:term":[{"taxonomy":"product_brand","embeddable":true,"href":"https:\/\/thetenerifechannel.com\/fr\/wp-json\/wp\/v2\/product_brand?post=48860"},{"taxonomy":"product_cat","embeddable":true,"href":"https:\/\/thetenerifechannel.com\/fr\/wp-json\/wp\/v2\/product_cat?post=48860"},{"taxonomy":"product_tag","embeddable":true,"href":"https:\/\/thetenerifechannel.com\/fr\/wp-json\/wp\/v2\/product_tag?post=48860"}],"curies":[{"name":"wp","href":"https:\/\/api.w.org\/{rel}","templated":true}]}}