{"id":48863,"date":"2025-05-01T16:08:03","date_gmt":"2025-05-01T16:08:03","guid":{"rendered":"https:\/\/thetenerifechannel.com\/product\/karting\/"},"modified":"2026-03-09T13:56:13","modified_gmt":"2026-03-09T13:56:13","slug":"karting","status":"publish","type":"product","link":"https:\/\/thetenerifechannel.com\/fr\/excursions\/karting\/","title":{"rendered":"Karting"},"content":{"rendered":"<p><span>Vivez le frisson de la course au Karting Las Am\u00e9ricas. Cette piste en plein air offre du plaisir pour tous les \u00e2ges, avec des karts rapides, des virages passionnants et une atmosph\u00e8re agr\u00e9able. Que vous soyez d\u00e9butant ou fan de course, venez faire l&#8217;exp\u00e9rience de la vitesse et de l&#8217;excitation sous le soleil de T\u00e9n\u00e9riffe !  <\/span><\/p>\n<p><strong>OPTIONS :<\/strong><\/p>\n<ul>\n<li><strong>S\u00e9rie de courses<\/strong>: <span>1 s\u00e9rie de courses de 10 minutes.<\/span><\/li>\n<li><span><strong>Course en 2 s\u00e9ries<\/strong>: 2 s\u00e9ries de 10 minutes chacune.<br \/>\n<\/span><\/li>\n<li><span><span><strong>Kart biplace :<\/strong> 1 s\u00e9rie de course de 10 minutes. L&#8217;accompagnateur doit \u00eatre \u00e2g\u00e9 de plus de 2 ans. <\/span><\/span><strong><br \/>\nCOURSES (MINIMUM 8 PERSONNES)<\/strong><\/li>\n<li><span><strong>Mini Prix :<\/strong> 10 minutes d&#8217;entra\u00eenement chronom\u00e9tr\u00e9 + 10 minutes de course.<\/span><\/li>\n<li><strong>Grand Prix :<\/strong> <span>10 minutes d&#8217;entra\u00eenement + 10 minutes chronom\u00e9tr\u00e9es + 10 minutes de course. Cava et troph\u00e9e pour le vainqueur. <\/span><\/li>\n<\/ul>\n<p><span>-La taille minimale pour le kart junior est de 125 cm et l&#8217;\u00e2ge minimal est de 7 ans.<br \/>\n-Ouvert de 10h00 \u00e0 20h30<\/span><\/p>\n","protected":false},"excerpt":{"rendered":"<p><span>Faites monter l&#8217;adr\u00e9naline avec une journ\u00e9e de karting en plein air \u00e0 Las Am\u00e9ricas !<\/span><\/p>\n","protected":false},"featured_media":45789,"template":"","meta":{"_acf_changed":false,"_joinchat":[]},"product_brand":[],"product_cat":[179],"product_tag":[],"class_list":{"0":"post-48863","1":"product","2":"type-product","3":"status-publish","4":"has-post-thumbnail","6":"product_cat-sans-categorie","8":"first","9":"instock","10":"virtual","11":"sold-individually","12":"purchasable","13":"product-type-booking"},"acf":[],"_links":{"self":[{"href":"https:\/\/thetenerifechannel.com\/fr\/wp-json\/wp\/v2\/product\/48863","targetHints":{"allow":["GET"]}}],"collection":[{"href":"https:\/\/thetenerifechannel.com\/fr\/wp-json\/wp\/v2\/product"}],"about":[{"href":"https:\/\/thetenerifechannel.com\/fr\/wp-json\/wp\/v2\/types\/product"}],"wp:featuredmedia":[{"embeddable":true,"href":"https:\/\/thetenerifechannel.com\/fr\/wp-json\/wp\/v2\/media\/45789"}],"wp:attachment":[{"href":"https:\/\/thetenerifechannel.com\/fr\/wp-json\/wp\/v2\/media?parent=48863"}],"wp:term":[{"taxonomy":"product_brand","embeddable":true,"href":"https:\/\/thetenerifechannel.com\/fr\/wp-json\/wp\/v2\/product_brand?post=48863"},{"taxonomy":"product_cat","embeddable":true,"href":"https:\/\/thetenerifechannel.com\/fr\/wp-json\/wp\/v2\/product_cat?post=48863"},{"taxonomy":"product_tag","embeddable":true,"href":"https:\/\/thetenerifechannel.com\/fr\/wp-json\/wp\/v2\/product_tag?post=48863"}],"curies":[{"name":"wp","href":"https:\/\/api.w.org\/{rel}","templated":true}]}}