{"id":49619,"date":"2025-05-06T17:43:25","date_gmt":"2025-05-06T17:43:25","guid":{"rendered":"https:\/\/thetenerifechannel.com\/?post_type=product&#038;p=49619"},"modified":"2026-03-09T15:03:50","modified_gmt":"2026-03-09T15:03:50","slug":"siam-park-copy","status":"publish","type":"product","link":"https:\/\/thetenerifechannel.com\/fr\/excursions\/siam-park-copy\/","title":{"rendered":"Siam Day &amp; Night"},"content":{"rendered":"<section class=\"l-section wpb_row height_huge\"><div class=\"l-section-h i-cf\"><div class=\"g-cols vc_row via_grid cols_1 laptops-cols_inherit tablets-cols_inherit mobiles-cols_1 valign_top type_default stacking_default\"><div class=\"wpb_column vc_column_container\"><div class=\"vc_column-inner\"><div class=\"wpb_text_column\"><div class=\"wpb_wrapper\"><p class=\"\" data-start=\"181\" data-end=\"341\">D\u00e9couvrez Siam Park comme jamais auparavant avec le Siam Day &amp; Night Ticket, votre laissez-passer exclusif pour profiter du premier parc aquatique au monde sous le soleil et les \u00e9toiles.<br \/>\nCe billet vous permet de visiter le parc deux fois &#8211; une fois pendant la journ\u00e9e et une autre fois pendant la nuit, lorsque le parc se transforme en un pays des merveilles magique avec des \u00e9clairages atmosph\u00e9riques et une toute nouvelle ambiance. Appr\u00e9ciez  <span style=\"letter-spacing: 0em;\">le meilleur des deux mondes.<br \/>\nCe billet vous permet d&#8217;acc\u00e9der au parc \u00e0 deux moments diff\u00e9rents : soit le m\u00eame jour, soit des jours diff\u00e9rents. Si vous l&#8217;utilisez le m\u00eame jour, vous devez quitter le parc \u00e0 18 heures et revenir \u00e0 20 heures.<br \/>\n<\/span><\/p>\n<p><strong style=\"letter-spacing: 0em;\">Inclus :<\/strong><\/p>\n<ul>\n<li>Billet d&#8217;entr\u00e9e QR.<\/li>\n<li>Bus gratuit avec prise en charge \u00e0 Los Cristianos, Las Americas et Costa Adeje.<\/li>\n<li>L&#8217;utilisation de chaises longues, de gilets de sauvetage et de parasols.<\/li>\n<li>Acc\u00e8s \u00e0 toutes les attractions.<\/li>\n<\/ul>\n<p><strong>Non inclus :<\/strong><\/p>\n<ul>\n<li>Nourriture et boissons<\/li>\n<li>Location de casiers et de serviettes<\/li>\n<li>Places de parking<\/li>\n<\/ul>\n<\/div><\/div><\/div><\/div><\/div><\/div><\/section>\n","protected":false},"excerpt":{"rendered":"<p>Vivez une journ\u00e9e inoubliable \u00e0 Siam Park, l&#8217;un des meilleurs parcs aquatiques au monde, qui promet une journ\u00e9e remplie d&#8217;excitation, de sensations fortes et d&#8217;amusement sans fin pour tous les \u00e2ges.<\/p>\n","protected":false},"featured_media":53137,"template":"","meta":{"_acf_changed":false,"_joinchat":[]},"product_brand":[],"product_cat":[159,160],"product_tag":[266],"class_list":{"0":"post-49619","1":"product","2":"type-product","3":"status-publish","4":"has-post-thumbnail","6":"product_cat-parcs-a-theme-tenerife","7":"product_cat-siam-park-tenerife-fr","8":"product_tag-cartes-de-visite","9":"pa_depart-from-sud-de-lile","11":"first","12":"instock","13":"virtual","14":"sold-individually","15":"purchasable","16":"product-type-booking"},"acf":[],"_links":{"self":[{"href":"https:\/\/thetenerifechannel.com\/fr\/wp-json\/wp\/v2\/product\/49619","targetHints":{"allow":["GET"]}}],"collection":[{"href":"https:\/\/thetenerifechannel.com\/fr\/wp-json\/wp\/v2\/product"}],"about":[{"href":"https:\/\/thetenerifechannel.com\/fr\/wp-json\/wp\/v2\/types\/product"}],"wp:featuredmedia":[{"embeddable":true,"href":"https:\/\/thetenerifechannel.com\/fr\/wp-json\/wp\/v2\/media\/53137"}],"wp:attachment":[{"href":"https:\/\/thetenerifechannel.com\/fr\/wp-json\/wp\/v2\/media?parent=49619"}],"wp:term":[{"taxonomy":"product_brand","embeddable":true,"href":"https:\/\/thetenerifechannel.com\/fr\/wp-json\/wp\/v2\/product_brand?post=49619"},{"taxonomy":"product_cat","embeddable":true,"href":"https:\/\/thetenerifechannel.com\/fr\/wp-json\/wp\/v2\/product_cat?post=49619"},{"taxonomy":"product_tag","embeddable":true,"href":"https:\/\/thetenerifechannel.com\/fr\/wp-json\/wp\/v2\/product_tag?post=49619"}],"curies":[{"name":"wp","href":"https:\/\/api.w.org\/{rel}","templated":true}]}}