{"id":49654,"date":"2025-05-06T17:52:08","date_gmt":"2025-05-06T17:52:08","guid":{"rendered":"https:\/\/thetenerifechannel.com\/?post_type=product&#038;p=49654"},"modified":"2026-04-24T11:08:33","modified_gmt":"2026-04-24T11:08:33","slug":"croisiere-dobservation-des-baleines-freebird-3-heures-copy","status":"publish","type":"product","link":"https:\/\/thetenerifechannel.com\/fr\/excursions\/croisiere-dobservation-des-baleines-freebird-3-heures-copy\/","title":{"rendered":"Croisi\u00e8re d&#8217;observation des baleines Freebird 4,5 heures"},"content":{"rendered":"<p><span>Au d\u00e9part de Puerto Col\u00f3n, ce catamaran confortable vous emm\u00e8nera le long de la c\u00f4te sud-ouest de T\u00e9n\u00e9rife vers les falaises de Los Gigantes et la baie cach\u00e9e de Masca. En chemin, vous aurez la chance d&#8217;apercevoir des globic\u00e9phales et des dauphins dans leur habitat naturel. Profitez d&#8217;un arr\u00eat baignade relaxant, d&#8217;un d\u00e9licieux d\u00e9jeuner \u00e0 bord et de boissons gratuites \u00e0 l&#8217;open bar, tout en profitant du soleil et des superbes vues sur la c\u00f4te. Un m\u00e9lange parfait de nature, de d\u00e9tente et d&#8217;aventure sur l&#8217;Atlantique !   <\/span><\/p>\n<p><strong>Inclus :<\/strong><\/p>\n<ul>\n<li>Billet d&#8217;entr\u00e9e \u00e9lectronique.<\/li>\n<li>Rep\u00e9rer les baleines dans leur habitat naturel.<\/li>\n<li>D\u00e9jeuner et boissons.<\/li>\n<li>Guide parlant anglais.<\/li>\n<li>Transfert en bus depuis le sud de l&#8217;\u00eele.<\/li>\n<\/ul>\n<p><strong>Non inclus :<\/strong><\/p>\n<ul>\n<li>Location de transat : 25\u20ac par couple<\/li>\n<li>Photo souvenir : 10\u20ac<\/li>\n<li>Glaces : 3,00\u20ac<\/li>\n<li>Masques et tubas.<\/li>\n<\/ul>\n","protected":false},"excerpt":{"rendered":"<p>Naviguez avec le catamaran Freebird pour une aventure amusante d&#8217;observation des baleines et des dauphins \u00e0 Tenerife et visitez la baie de Masca et Los Gigantes.<\/p>\n","protected":false},"featured_media":3634,"template":"","meta":{"_acf_changed":false,"_joinchat":[]},"product_brand":[],"product_cat":[145],"product_tag":[266],"class_list":{"0":"post-49654","1":"product","2":"type-product","3":"status-publish","4":"has-post-thumbnail","6":"product_cat-observation-des-baleines-a-tenerife","7":"product_tag-cartes-de-visite","8":"pa_depart-from-sud-de-lile","10":"first","11":"instock","12":"virtual","13":"sold-individually","14":"purchasable","15":"product-type-booking"},"acf":[],"_links":{"self":[{"href":"https:\/\/thetenerifechannel.com\/fr\/wp-json\/wp\/v2\/product\/49654","targetHints":{"allow":["GET"]}}],"collection":[{"href":"https:\/\/thetenerifechannel.com\/fr\/wp-json\/wp\/v2\/product"}],"about":[{"href":"https:\/\/thetenerifechannel.com\/fr\/wp-json\/wp\/v2\/types\/product"}],"wp:featuredmedia":[{"embeddable":true,"href":"https:\/\/thetenerifechannel.com\/fr\/wp-json\/wp\/v2\/media\/3634"}],"wp:attachment":[{"href":"https:\/\/thetenerifechannel.com\/fr\/wp-json\/wp\/v2\/media?parent=49654"}],"wp:term":[{"taxonomy":"product_brand","embeddable":true,"href":"https:\/\/thetenerifechannel.com\/fr\/wp-json\/wp\/v2\/product_brand?post=49654"},{"taxonomy":"product_cat","embeddable":true,"href":"https:\/\/thetenerifechannel.com\/fr\/wp-json\/wp\/v2\/product_cat?post=49654"},{"taxonomy":"product_tag","embeddable":true,"href":"https:\/\/thetenerifechannel.com\/fr\/wp-json\/wp\/v2\/product_tag?post=49654"}],"curies":[{"name":"wp","href":"https:\/\/api.w.org\/{rel}","templated":true}]}}