{"id":54216,"date":"2025-05-22T08:14:14","date_gmt":"2025-05-22T08:14:14","guid":{"rendered":"https:\/\/thetenerifechannel.com\/product\/location-de-bateaux\/"},"modified":"2026-02-14T11:07:10","modified_gmt":"2026-02-14T11:07:10","slug":"location-de-bateaux","status":"publish","type":"product","link":"https:\/\/thetenerifechannel.com\/fr\/excursions\/location-de-bateaux\/","title":{"rendered":"Location de bateaux"},"content":{"rendered":"<section class=\"l-section wpb_row height_huge\"><div class=\"l-section-h i-cf\"><div class=\"g-cols vc_row via_grid cols_1 laptops-cols_inherit tablets-cols_inherit mobiles-cols_1 valign_top type_default stacking_default\"><div class=\"wpb_column vc_column_container\"><div class=\"vc_column-inner\"><div class=\"wpb_text_column\"><div class=\"wpb_wrapper\"><p data-start=\"0\" data-end=\"320\">Passez une journ\u00e9e sur l&#8217;eau, au d\u00e9part de Puerto Col\u00f3n (Costa Adeje) ou de Marina del Sur (Las Galletas). Louez l&#8217;un de ces petits bateaux que tout le monde peut conduire &#8211; pas besoin de permis.<br \/>\nIls peuvent contenir jusqu&#8217;\u00e0 cinq personnes, se dirigent comme une voiture et sont accompagn\u00e9s d&#8217;un rapide briefing sur la s\u00e9curit\u00e9 afin que vous soyez pr\u00eat \u00e0 larguer les amarres en quelques minutes.<br \/>\nRestez en mer une heure, une demi-journ\u00e9e ou toute la journ\u00e9e ; c&#8217;est vous qui choisissez. <\/p>\n<p data-start=\"322\" data-end=\"525\">Vous avez besoin de plus d&#8217;espace ou vous n&#8217;avez pas envie de tenir la barre ? R\u00e9servez l&#8217;un de nos plus grands bateaux avec un capitaine local.<br \/>\nVous pouvez vous allonger sur le pont, vous arr\u00eater pour nager ou laisser le capitaine vous montrer des criques cach\u00e9es pendant que vous vous d\u00e9tendez. <\/p>\n<p>\u00c0 l&#8217;arriv\u00e9e, un d\u00e9p\u00f4t de garantie vous sera demand\u00e9 pour couvrir les dommages \u00e9ventuels ou les frais de carburant suppl\u00e9mentaires du bateau.<br \/>\n<span>Vous pouvez verser le d\u00e9p\u00f4t par <\/span>carte de cr\u00e9dit, carte de d\u00e9bit ou en esp\u00e8ces.<span>  &#8211; selon votre pr\u00e9f\u00e9rence. Il vous sera int\u00e9gralement rembours\u00e9 \u00e0 la fin de la location, \u00e0 condition que tout soit en bon \u00e9tat. <\/span><\/p>\n<\/div><\/div><\/div><\/div><\/div><\/div><\/section>\n","protected":false},"excerpt":{"rendered":"<p data-pm-slice=\"1 1 []\">Mise \u00e0 l&#8217;eau depuis Puerto Col\u00f3n (Costa Adeje) ou Marina del Sur (Las Galletas)  <span>dans un bateau sans permis et louez-le aussi longtemps que vous le souhaitez, gr\u00e2ce \u00e0 des commandes simples et \u00e0 un rapide briefing \u00e0 quai. Si vous avez besoin de plus d&#8217;espace ou si vous pr\u00e9f\u00e9rez vous d\u00e9tendre, choisissez l&#8217;un de nos grands bateaux et laissez un capitaine exp\u00e9riment\u00e9 tenir la barre. <\/span><\/p>\n","protected":false},"featured_media":54184,"template":"","meta":{"_acf_changed":false,"_joinchat":[]},"product_brand":[],"product_cat":[196],"product_tag":[],"class_list":{"0":"post-54216","1":"product","2":"type-product","3":"status-publish","4":"has-post-thumbnail","6":"product_cat-location-de-bateaux-tenerife","8":"first","9":"instock","10":"virtual","11":"sold-individually","12":"purchasable","13":"product-type-booking"},"acf":[],"_links":{"self":[{"href":"https:\/\/thetenerifechannel.com\/fr\/wp-json\/wp\/v2\/product\/54216","targetHints":{"allow":["GET"]}}],"collection":[{"href":"https:\/\/thetenerifechannel.com\/fr\/wp-json\/wp\/v2\/product"}],"about":[{"href":"https:\/\/thetenerifechannel.com\/fr\/wp-json\/wp\/v2\/types\/product"}],"wp:featuredmedia":[{"embeddable":true,"href":"https:\/\/thetenerifechannel.com\/fr\/wp-json\/wp\/v2\/media\/54184"}],"wp:attachment":[{"href":"https:\/\/thetenerifechannel.com\/fr\/wp-json\/wp\/v2\/media?parent=54216"}],"wp:term":[{"taxonomy":"product_brand","embeddable":true,"href":"https:\/\/thetenerifechannel.com\/fr\/wp-json\/wp\/v2\/product_brand?post=54216"},{"taxonomy":"product_cat","embeddable":true,"href":"https:\/\/thetenerifechannel.com\/fr\/wp-json\/wp\/v2\/product_cat?post=54216"},{"taxonomy":"product_tag","embeddable":true,"href":"https:\/\/thetenerifechannel.com\/fr\/wp-json\/wp\/v2\/product_tag?post=54216"}],"curies":[{"name":"wp","href":"https:\/\/api.w.org\/{rel}","templated":true}]}}