{"id":58041,"date":"2025-06-05T09:55:26","date_gmt":"2025-06-05T09:55:26","guid":{"rendered":"https:\/\/thetenerifechannel.com\/?post_type=product&#038;p=58041"},"modified":"2026-03-09T14:24:18","modified_gmt":"2026-03-09T14:24:18","slug":"royal-delfin-croisiere-de-3-heures-sur-latlantique-copy","status":"publish","type":"product","link":"https:\/\/thetenerifechannel.com\/fr\/excursions\/royal-delfin-croisiere-de-3-heures-sur-latlantique-copy\/","title":{"rendered":"Croisi\u00e8re de 2 heures sur l&#8217;Atlantique avec le Royal Delfin"},"content":{"rendered":"<p>Rep\u00e9rez les baleines et les dauphins lors de cette croisi\u00e8re de 2 heures sur le catamaran Royal Delfin, avec une vision sous-marine exclusive. Ce circuit part de Puerto Colon, Costa Adeje. <\/p>\n<p><strong style=\"letter-spacing: 0em;\">Inclus :<\/strong><\/p>\n<ul>\n<li>Billet \u00e9lectronique.<\/li>\n<li>Guides sp\u00e9cialis\u00e9s \u00e0 bord.<\/li>\n<\/ul>\n<p><strong>Non inclus :<\/strong><\/p>\n<ul>\n<li>Cr\u00e8me solaire<\/li>\n<li>Serviettes<\/li>\n<li>Masques et tubas<\/li>\n<\/ul>\n<p>&nbsp;<\/p>\n","protected":false},"excerpt":{"rendered":"<p>Profitez d&#8217;une exp\u00e9rience unique en observant les baleines et les dauphins \u00e0 bord d&#8217;un catamaran \u00e0 vision sous-marine exclusive lors de cette croisi\u00e8re de 2 heures dans l&#8217;Atlantique.<\/p>\n","protected":false},"featured_media":3485,"template":"","meta":{"_acf_changed":false,"_joinchat":[]},"product_brand":[],"product_cat":[145],"product_tag":[],"class_list":{"0":"post-58041","1":"product","2":"type-product","3":"status-publish","4":"has-post-thumbnail","6":"product_cat-observation-des-baleines-a-tenerife","7":"pa_depart-from-sud-de-lile","9":"first","10":"instock","11":"virtual","12":"sold-individually","13":"purchasable","14":"product-type-booking"},"acf":[],"_links":{"self":[{"href":"https:\/\/thetenerifechannel.com\/fr\/wp-json\/wp\/v2\/product\/58041","targetHints":{"allow":["GET"]}}],"collection":[{"href":"https:\/\/thetenerifechannel.com\/fr\/wp-json\/wp\/v2\/product"}],"about":[{"href":"https:\/\/thetenerifechannel.com\/fr\/wp-json\/wp\/v2\/types\/product"}],"wp:featuredmedia":[{"embeddable":true,"href":"https:\/\/thetenerifechannel.com\/fr\/wp-json\/wp\/v2\/media\/3485"}],"wp:attachment":[{"href":"https:\/\/thetenerifechannel.com\/fr\/wp-json\/wp\/v2\/media?parent=58041"}],"wp:term":[{"taxonomy":"product_brand","embeddable":true,"href":"https:\/\/thetenerifechannel.com\/fr\/wp-json\/wp\/v2\/product_brand?post=58041"},{"taxonomy":"product_cat","embeddable":true,"href":"https:\/\/thetenerifechannel.com\/fr\/wp-json\/wp\/v2\/product_cat?post=58041"},{"taxonomy":"product_tag","embeddable":true,"href":"https:\/\/thetenerifechannel.com\/fr\/wp-json\/wp\/v2\/product_tag?post=58041"}],"curies":[{"name":"wp","href":"https:\/\/api.w.org\/{rel}","templated":true}]}}