{"id":6062,"date":"2024-02-01T16:35:14","date_gmt":"2024-02-01T16:35:14","guid":{"rendered":"https:\/\/thetenerifechannel.agilewebtemplates.co.uk\/excursions\/non%20class\u00e9\/cheque-cadeau-2\/"},"modified":"2026-03-09T13:53:34","modified_gmt":"2026-03-09T13:53:34","slug":"cheque-cadeau","status":"publish","type":"product","link":"https:\/\/thetenerifechannel.com\/fr\/excursions\/cheque-cadeau\/","title":{"rendered":"Ch\u00e8que-cadeau"},"content":{"rendered":"<p>Vous \u00eates \u00e0 la recherche du cadeau id\u00e9al ? Quoi de mieux que le cadeau d&#8217;une exp\u00e9rience inoubliable !<br \/>\nLes ch\u00e8ques-cadeaux de Tenerife Channel permettent \u00e0 vos destinataires de choisir leur propre aventure et de cr\u00e9er des souvenirs inoubliables.<br \/>\nS\u00e9lectionnez simplement la valeur souhait\u00e9e, personnalisez-la avec un message sinc\u00e8re et envoyez-la directement au destinataire par courrier \u00e9lectronique ou imprimez-la pour lui donner une touche personnelle. <\/p>\n<p>Nos bons sont valables trois ans, ce qui permet aux b\u00e9n\u00e9ficiaires de planifier et de profiter de leur exp\u00e9rience \u00e0 leur convenance. Ils ont la libert\u00e9 de choisir parmi un \u00e9ventail d&#8217;options et peuvent m\u00eame am\u00e9liorer ou personnaliser leur exp\u00e9rience s&#8217;ils le souhaitent. <\/p>\n<p>Offrez des moments inoubliables !<\/p>\n<p>Pour toute question ou assistance, n&#8217;h\u00e9sitez pas \u00e0 contacter notre \u00e9quipe amicale \u00e0 l&#8217;adresse info@thetenerifechannel.com.<\/p>\n","protected":false},"excerpt":{"rendered":"<div class=\"flex-shrink-0 flex flex-col relative items-end\">\n<div>\n<div class=\"pt-0.5\">\n<div class=\"gizmo-shadow-stroke flex h-6 w-6 items-center justify-center overflow-hidden rounded-full\"><\/div>\n<\/div>\n<\/div>\n<\/div>\n<div class=\"relative flex w-full flex-col lg:w-[calc(100%-115px)] agent-turn\">\n<div class=\"flex-col gap-1 md:gap-3\">\n<div class=\"flex flex-grow flex-col max-w-full\">\n<div class=\"min-h-[20px] text-message flex flex-col items-start gap-3 whitespace-pre-wrap break-words [.text-message+&amp;]:mt-5 overflow-x-auto\" data-message-author-role=\"assistant\" data-message-id=\"e1c85dc5-d626-4be4-b24f-d5c50bdae753\">\n<div class=\"markdown prose w-full break-words dark:prose-invert light\">\n<p>Vous \u00eates \u00e0 la recherche du cadeau id\u00e9al ? Quoi de plus sp\u00e9cial que d&#8217;offrir des exp\u00e9riences inoubliables !<br \/>\nLes ch\u00e8ques-cadeaux de Tenerife Channel permettent \u00e0 vos proches de choisir leur propre aventure et de cr\u00e9er des souvenirs inoubliables.<\/p>\n<\/div>\n<\/div>\n<\/div>\n<\/div>\n<\/div>\n","protected":false},"featured_media":5081,"template":"","meta":{"_acf_changed":false,"_joinchat":[]},"product_brand":[],"product_cat":[216],"product_tag":[],"class_list":{"0":"post-6062","1":"product","2":"type-product","3":"status-publish","4":"has-post-thumbnail","6":"product_cat-cheque-cadeau","8":"first","9":"instock","10":"virtual","11":"sold-individually","12":"purchasable","13":"product-type-simple"},"acf":[],"_links":{"self":[{"href":"https:\/\/thetenerifechannel.com\/fr\/wp-json\/wp\/v2\/product\/6062","targetHints":{"allow":["GET"]}}],"collection":[{"href":"https:\/\/thetenerifechannel.com\/fr\/wp-json\/wp\/v2\/product"}],"about":[{"href":"https:\/\/thetenerifechannel.com\/fr\/wp-json\/wp\/v2\/types\/product"}],"wp:featuredmedia":[{"embeddable":true,"href":"https:\/\/thetenerifechannel.com\/fr\/wp-json\/wp\/v2\/media\/5081"}],"wp:attachment":[{"href":"https:\/\/thetenerifechannel.com\/fr\/wp-json\/wp\/v2\/media?parent=6062"}],"wp:term":[{"taxonomy":"product_brand","embeddable":true,"href":"https:\/\/thetenerifechannel.com\/fr\/wp-json\/wp\/v2\/product_brand?post=6062"},{"taxonomy":"product_cat","embeddable":true,"href":"https:\/\/thetenerifechannel.com\/fr\/wp-json\/wp\/v2\/product_cat?post=6062"},{"taxonomy":"product_tag","embeddable":true,"href":"https:\/\/thetenerifechannel.com\/fr\/wp-json\/wp\/v2\/product_tag?post=6062"}],"curies":[{"name":"wp","href":"https:\/\/api.w.org\/{rel}","templated":true}]}}