{"id":6165,"date":"2024-02-12T13:23:25","date_gmt":"2024-02-12T13:23:25","guid":{"rendered":"https:\/\/thetenerifechannel.agilewebtemplates.co.uk\/excursions\/non%20class\u00e9\/catamaran-monte-cristo-3-heures\/"},"modified":"2026-03-09T13:58:08","modified_gmt":"2026-03-09T13:58:08","slug":"catamaran-monte-cristo-3-heures","status":"publish","type":"product","link":"https:\/\/thetenerifechannel.com\/fr\/excursions\/catamaran-monte-cristo-3-heures\/","title":{"rendered":"Catamaran Monte Cristo &#8211; 3 heures"},"content":{"rendered":"<div class=\"flex-shrink-0 flex flex-col relative items-end\">\n<div>\n<div class=\"pt-0.5\">\n<div class=\"gizmo-shadow-stroke flex h-6 w-6 items-center justify-center overflow-hidden rounded-full\"><\/div>\n<\/div>\n<\/div>\n<\/div>\n<div class=\"relative flex w-full flex-col lg:w-[calc(100%-115px)] agent-turn\">\n<div class=\"flex-col gap-1 md:gap-3\">\n<div class=\"flex flex-grow flex-col max-w-full\">\n<div class=\"min-h-[20px] text-message flex flex-col items-start gap-3 whitespace-pre-wrap break-words [.text-message+&amp;]:mt-5 overflow-x-auto\" data-message-author-role=\"assistant\" data-message-id=\"438cac28-43c5-4a9e-9167-cf19b3fb492c\">\n<div class=\"markdown prose w-full break-words dark:prose-invert light\">\n<div class=\"relative flex w-full flex-col lg:w-[calc(100%-115px)] agent-turn\">\n<div class=\"flex-col gap-1 md:gap-3\">\n<div class=\"flex flex-grow flex-col max-w-full\">\n<div class=\"min-h-[20px] text-message flex flex-col items-start gap-3 whitespace-pre-wrap break-words [.text-message+&amp;]:mt-5 overflow-x-auto\" data-message-author-role=\"assistant\" data-message-id=\"452772fb-9ab2-467a-8880-fbf096d105a2\">\n<div class=\"markdown prose w-full break-words dark:prose-invert light\">\n<div class=\"flex-shrink-0 flex flex-col relative items-end\">\n<div>\n<div class=\"pt-0.5\">\n<div class=\"gizmo-shadow-stroke flex h-6 w-6 items-center justify-center overflow-hidden rounded-full\">\n<div class=\"relative p-1 rounded-sm h-9 w-9 text-white flex items-center justify-center\">Embarquez pour une excursion en catamaran avec Monte Cristo, qui vous conduira directement \u00e0 l&#8217;endroit id\u00e9al pour rencontrer des baleines.<\/div>\n<\/div>\n<\/div>\n<\/div>\n<\/div>\n<div class=\"relative flex w-full flex-col lg:w-[calc(100%-115px)] agent-turn\">\n<div class=\"flex-col gap-1 md:gap-3\">\n<div class=\"flex flex-grow flex-col max-w-full\">\n<div class=\"min-h-[20px] text-message flex flex-col items-start gap-3 whitespace-pre-wrap break-words [.text-message+&amp;]:mt-5 overflow-x-auto\" data-message-author-role=\"assistant\" data-message-id=\"388e8325-731f-458a-b520-1f2a2b311292\">\n<div class=\"markdown prose w-full break-words dark:prose-invert light\">\n<p>D\u00e9tendez-vous sur les ponts spacieux tout en d\u00e9gustant des boissons, des en-cas et des tapas. Cette excursion de 3 heures au d\u00e9part de Puerto Col\u00f3n comprend \u00e9galement des arr\u00eats pour nager et faire de la plong\u00e9e avec masque et tuba.<br \/>\nProfitez du confort \u00e9l\u00e9gant du catamaran et admirez les vues magnifiques de la c\u00f4te sud de T\u00e9n\u00e9riffe. <\/p>\n<p><strong>I<\/strong><strong>NCLU :<\/strong><\/p>\n<ul>\n<li>Nourriture et boissons.<\/li>\n<li>\u00c9quipement de plong\u00e9e avec tuba.<\/li>\n<li>Transport du sud.<\/li>\n<li>Gilets de sauvetage.<\/li>\n<li>Petits groupes &#8211; maximum 24 passagers.<\/li>\n<\/ul>\n<p><strong>NON COMPRIS :<\/strong><\/p>\n<ul>\n<li>Serviettes<\/li>\n<li>\u00c9cran solaire<\/li>\n<\/ul>\n<\/div>\n<\/div>\n<\/div>\n<\/div>\n<\/div>\n<\/div>\n<\/div>\n<\/div>\n<\/div>\n<\/div>\n<\/div>\n<\/div>\n<\/div>\n<\/div>\n<\/div>\n","protected":false},"excerpt":{"rendered":"<div class=\"flex-shrink-0 flex flex-col relative items-end\">\n<div>\n<div class=\"pt-0.5\">\n<div class=\"gizmo-shadow-stroke flex h-6 w-6 items-center justify-center overflow-hidden rounded-full\">Participez \u00e0 cette aventure unique d&#8217;observation des baleines avec un petit groupe. Une excursion de trois heures pour observer les baleines et les dauphins, accompagn\u00e9e de tapas et de boissons, et d&#8217;une baignade rafra\u00eechissante dans l&#8217;oc\u00e9an pour compl\u00e9ter votre exp\u00e9rience inoubliable. <\/div>\n<\/div>\n<\/div>\n<\/div>\n","protected":false},"featured_media":5612,"template":"","meta":{"_acf_changed":false,"_joinchat":[]},"product_brand":[],"product_cat":[145],"product_tag":[],"class_list":{"0":"post-6165","1":"product","2":"type-product","3":"status-publish","4":"has-post-thumbnail","6":"product_cat-observation-des-baleines-a-tenerife","7":"pa_depart-from-sud-de-lile","9":"first","10":"instock","11":"virtual","12":"sold-individually","13":"purchasable","14":"product-type-booking"},"acf":[],"_links":{"self":[{"href":"https:\/\/thetenerifechannel.com\/fr\/wp-json\/wp\/v2\/product\/6165","targetHints":{"allow":["GET"]}}],"collection":[{"href":"https:\/\/thetenerifechannel.com\/fr\/wp-json\/wp\/v2\/product"}],"about":[{"href":"https:\/\/thetenerifechannel.com\/fr\/wp-json\/wp\/v2\/types\/product"}],"wp:featuredmedia":[{"embeddable":true,"href":"https:\/\/thetenerifechannel.com\/fr\/wp-json\/wp\/v2\/media\/5612"}],"wp:attachment":[{"href":"https:\/\/thetenerifechannel.com\/fr\/wp-json\/wp\/v2\/media?parent=6165"}],"wp:term":[{"taxonomy":"product_brand","embeddable":true,"href":"https:\/\/thetenerifechannel.com\/fr\/wp-json\/wp\/v2\/product_brand?post=6165"},{"taxonomy":"product_cat","embeddable":true,"href":"https:\/\/thetenerifechannel.com\/fr\/wp-json\/wp\/v2\/product_cat?post=6165"},{"taxonomy":"product_tag","embeddable":true,"href":"https:\/\/thetenerifechannel.com\/fr\/wp-json\/wp\/v2\/product_tag?post=6165"}],"curies":[{"name":"wp","href":"https:\/\/api.w.org\/{rel}","templated":true}]}}