{"id":64778,"date":"2025-07-07T18:27:48","date_gmt":"2025-07-07T18:27:48","guid":{"rendered":"https:\/\/thetenerifechannel.com\/?post_type=product&#038;p=64778"},"modified":"2025-07-07T18:32:48","modified_gmt":"2025-07-07T18:32:48","slug":"safari-en-jet-ski-40-minutes-copy","status":"publish","type":"product","link":"https:\/\/thetenerifechannel.com\/fr\/excursions\/safari-en-jet-ski-40-minutes-copy\/","title":{"rendered":"Jet Ski (20 minutes)"},"content":{"rendered":"<p data-start=\"74\" data-end=\"380\">Le jet ski est une activit\u00e9 passionnante et facile \u00e0 apprendre, parfaite pour tous les \u00e2ges et tous les niveaux d&#8217;exp\u00e9rience.<br data-start=\"171\" data-end=\"174\">Cette balade de 20 minutes se d\u00e9roule sur un circuit contr\u00f4l\u00e9, ce qui en fait une option s\u00fbre et amusante, que vous l&#8217;essayiez pour la premi\u00e8re fois ou que vous souhaitiez simplement une petite pouss\u00e9e d&#8217;adr\u00e9naline.<\/p>\n<p data-start=\"382\" data-end=\"665\" data-is-last-node=\"\" data-is-only-node=\"\">Vous pouvez rouler en solo ou en tandem et partager les sensations avec un ami ou un membre de votre famille.<br data-start=\"460\" data-end=\"463\">Vous n&#8217;avez pas besoin de suivre un itin\u00e9raire, vous \u00eates libre de rouler \u00e0 toute allure sur le circuit et de profiter au maximum de votre temps sur l&#8217;eau.<br data-start=\"598\" data-end=\"601\">Montez \u00e0 bord, sentez l&#8217;excitation et profitez d&#8217;une dose rapide de plaisir \u00e0 grande vitesse !<\/p>\n<p><strong>Inclus :<\/strong><\/p>\n<ul>\n<li>20 minutes de trajet<\/li>\n<li>Rendez-vous sur la plage la plus proche de votre h\u00e9bergement.<\/li>\n<li>Billet \u00e9lectronique.<\/li>\n<li>Gilet de sauvetage (obligatoire)<\/li>\n<\/ul>\n<p><strong>Non inclus :<\/strong><\/p>\n<ul>\n<li>Transport<\/li>\n<li>Photo souvenir<\/li>\n<\/ul>\n<p><strong>Lors de la r\u00e9servation, veuillez nous contacter pour v\u00e9rifier la disponibilit\u00e9.<\/strong><\/p>\n<p>*Age minimum du passager : 10 ans<br \/>\n*Jet ski simple : \u00e2ge minimum : 16 ans (autorisation des parents requise)<br \/>\n*Jet ski double : \u00e2ge minimum 18 ans<br \/>\n*Restriction de poids jet ski double : 150-170 kg.<\/p>\n<p>&nbsp;<\/p>\n","protected":false},"excerpt":{"rendered":"<p><span>Surfez sur les vagues gr\u00e2ce \u00e0 ce circuit de jet-ski de 20 minutes. Vous aurez la libert\u00e9 de vous d\u00e9placer \u00e0 votre rythme dans une zone d\u00e9sign\u00e9e, ce qui est parfait pour une exp\u00e9rience rapide sur l&#8217;eau. <\/span><\/p>\n","protected":false},"featured_media":3971,"template":"","meta":{"_acf_changed":false,"_joinchat":[]},"product_brand":[],"product_cat":[169],"product_tag":[],"class_list":{"0":"post-64778","1":"product","2":"type-product","3":"status-publish","4":"has-post-thumbnail","6":"product_cat-sports-nautiques-tenerife","7":"pa_depart-from-sud-de-lile","9":"first","10":"instock","11":"virtual","12":"sold-individually","13":"purchasable","14":"product-type-booking"},"acf":[],"_links":{"self":[{"href":"https:\/\/thetenerifechannel.com\/fr\/wp-json\/wp\/v2\/product\/64778","targetHints":{"allow":["GET"]}}],"collection":[{"href":"https:\/\/thetenerifechannel.com\/fr\/wp-json\/wp\/v2\/product"}],"about":[{"href":"https:\/\/thetenerifechannel.com\/fr\/wp-json\/wp\/v2\/types\/product"}],"wp:featuredmedia":[{"embeddable":true,"href":"https:\/\/thetenerifechannel.com\/fr\/wp-json\/wp\/v2\/media\/3971"}],"wp:attachment":[{"href":"https:\/\/thetenerifechannel.com\/fr\/wp-json\/wp\/v2\/media?parent=64778"}],"wp:term":[{"taxonomy":"product_brand","embeddable":true,"href":"https:\/\/thetenerifechannel.com\/fr\/wp-json\/wp\/v2\/product_brand?post=64778"},{"taxonomy":"product_cat","embeddable":true,"href":"https:\/\/thetenerifechannel.com\/fr\/wp-json\/wp\/v2\/product_cat?post=64778"},{"taxonomy":"product_tag","embeddable":true,"href":"https:\/\/thetenerifechannel.com\/fr\/wp-json\/wp\/v2\/product_tag?post=64778"}],"curies":[{"name":"wp","href":"https:\/\/api.w.org\/{rel}","templated":true}]}}