{"id":65271,"date":"2025-07-10T04:53:04","date_gmt":"2025-07-10T04:53:04","guid":{"rendered":"https:\/\/thetenerifechannel.com\/excursions\/tournee-du-slingshot\/"},"modified":"2026-02-20T11:39:18","modified_gmt":"2026-02-20T11:39:18","slug":"tournee-du-slingshot","status":"publish","type":"product","link":"https:\/\/thetenerifechannel.com\/fr\/excursions\/tournee-du-slingshot\/","title":{"rendered":"Tourn\u00e9e du Slingshot"},"content":{"rendered":"<p data-start=\"133\" data-end=\"481\">Explorez T\u00e9n\u00e9rife comme jamais auparavant gr\u00e2ce \u00e0 nos circuits guid\u00e9s en Slingshot, con\u00e7us pour ceux qui ont envie d&#8217;aventure avec une touche de luxe.<br data-start=\"262\" data-end=\"265\">Vous serez aux commandes d&#8217;un Polaris Slingshot et suivrez notre guide exp\u00e9riment\u00e9 le long de certaines des routes les plus pittoresques de l&#8217;\u00eele. C&#8217;est le m\u00e9lange parfait d&#8217;excitation, de s\u00e9curit\u00e9 et de vues inoubliables.<br \/>\nUne voiture peut contenir un maximum de 2 passagers. <\/p>\n<p data-start=\"483\" data-end=\"503\"><strong data-start=\"483\" data-end=\"503\">Tours disponibles :<\/strong><\/p>\n<ul data-start=\"505\" data-end=\"944\">\n<li data-start=\"505\" data-end=\"608\">\n<p data-start=\"507\" data-end=\"608\"><strong data-start=\"507\" data-end=\"532\">El M\u00e9dano Tour &#8211; \u20ac180<\/strong><br data-start=\"532\" data-end=\"535\">-09:00 &#8211; 11:00<br \/>\n-D\u00e9couvrez la ville de surf d\u00e9contract\u00e9e et ses superbes paysages c\u00f4tiers et volcaniques.<\/p>\n<\/li>\n<li data-start=\"610\" data-end=\"718\">\n<p data-start=\"612\" data-end=\"718\"><strong data-start=\"612\" data-end=\"632\">Tour de ville &#8211; 180<\/strong><strong data-start=\"612\" data-end=\"632\"><br \/>\n<\/strong><span style=\"letter-spacing: 0em;\">12:00 &#8211; 14:00<br \/>\n-Une croisi\u00e8re d\u00e9tendue dans le sud de T\u00e9n\u00e9rife, avec des points de vue et des lieux historiques.<\/span><\/p>\n<\/li>\n<li data-start=\"720\" data-end=\"827\">\n<p data-start=\"722\" data-end=\"827\"><strong data-start=\"722\" data-end=\"748\">Tour du Pino Gordo &#8211; 180<br \/>\n<\/strong><span style=\"letter-spacing: 0em;\">15:30 &#8211; 17:00<br \/>\n&#8211; Une courte aventure dans la nature int\u00e9rieure de l&#8217;\u00eele, qui se termine au c\u00e9l\u00e8bre &#8220;Pino Gordo&#8221;.<\/span><\/p>\n<\/li>\n<li data-start=\"829\" data-end=\"944\">\n<p data-start=\"831\" data-end=\"944\"><strong data-start=\"831\" data-end=\"853\">Sunset Tour &#8211; \u20ac220<br \/>\n<\/strong>-18:30 &#8211; 21:30<br data-start=\"853\" data-end=\"856\">&#8211; Assistez \u00e0 un coucher de soleil \u00e0 couper le souffle sur les falaises de Los Gigantes &#8211; une fin de journ\u00e9e magique.<\/p>\n<p>Prise en charge incluse<\/p>\n<p>Permis de conduire valide (cat\u00e9gorie B, minimum 2 ans d&#8217;exp\u00e9rience)<br \/>\n-Age minimum du conducteur : 21 ans<br \/>\n-Chaussures ferm\u00e9es (pas de tongs)<br \/>\n-Lunettes de soleil recommand\u00e9es<br \/>\n-Passagers autoris\u00e9s \u00e0 partir de 7 ans<\/li>\n<\/ul>\n","protected":false},"excerpt":{"rendered":"<p>Excursions guid\u00e9es au Slingshot sur les routes les plus pittoresques de T\u00e9n\u00e9rife. Conduisez vous-m\u00eame, suivez notre guide et vivez l&#8217;aventure avec des vues imprenables.<\/p>\n","protected":false},"featured_media":65254,"template":"","meta":{"_acf_changed":false,"_joinchat":[]},"product_brand":[],"product_cat":[152],"product_tag":[],"class_list":{"0":"post-65271","1":"product","2":"type-product","3":"status-publish","4":"has-post-thumbnail","6":"product_cat-circuits-ile-bus-tenerife","8":"first","9":"instock","10":"virtual","11":"sold-individually","12":"purchasable","13":"product-type-booking"},"acf":[],"_links":{"self":[{"href":"https:\/\/thetenerifechannel.com\/fr\/wp-json\/wp\/v2\/product\/65271","targetHints":{"allow":["GET"]}}],"collection":[{"href":"https:\/\/thetenerifechannel.com\/fr\/wp-json\/wp\/v2\/product"}],"about":[{"href":"https:\/\/thetenerifechannel.com\/fr\/wp-json\/wp\/v2\/types\/product"}],"wp:featuredmedia":[{"embeddable":true,"href":"https:\/\/thetenerifechannel.com\/fr\/wp-json\/wp\/v2\/media\/65254"}],"wp:attachment":[{"href":"https:\/\/thetenerifechannel.com\/fr\/wp-json\/wp\/v2\/media?parent=65271"}],"wp:term":[{"taxonomy":"product_brand","embeddable":true,"href":"https:\/\/thetenerifechannel.com\/fr\/wp-json\/wp\/v2\/product_brand?post=65271"},{"taxonomy":"product_cat","embeddable":true,"href":"https:\/\/thetenerifechannel.com\/fr\/wp-json\/wp\/v2\/product_cat?post=65271"},{"taxonomy":"product_tag","embeddable":true,"href":"https:\/\/thetenerifechannel.com\/fr\/wp-json\/wp\/v2\/product_tag?post=65271"}],"curies":[{"name":"wp","href":"https:\/\/api.w.org\/{rel}","templated":true}]}}