{"id":65315,"date":"2025-07-10T05:22:21","date_gmt":"2025-07-10T05:22:21","guid":{"rendered":"https:\/\/thetenerifechannel.com\/excursions\/circuit-en-jeep\/"},"modified":"2026-03-14T11:16:20","modified_gmt":"2026-03-14T11:16:20","slug":"circuit-en-jeep","status":"publish","type":"product","link":"https:\/\/thetenerifechannel.com\/fr\/excursions\/circuit-en-jeep\/","title":{"rendered":"Circuit en Jeep"},"content":{"rendered":"<p>D\u00e9couvrez T\u00e9n\u00e9rife comme jamais auparavant avec un tour en jeep, une visite guid\u00e9e unique en son genre \u00e0 bord de Jeep Wranglers (YJ) classiques personnalis\u00e9es. Traversez des paysages magnifiques en petits groupes de 2 \u00e0 4 personnes par v\u00e9hicule, avec la possibilit\u00e9 de changer de conducteur en cours de route. Si vous aimez l&#8217;aventure, la nature et l&#8217;authenticit\u00e9, cette exp\u00e9rience est faite pour vous.  <\/p>\n<p><strong data-start=\"970\" data-end=\"1018\">Circuits (tous de 3,5 heures &#8211; hors route inclus) :<\/strong><\/p>\n<p data-start=\"1020\" data-end=\"1044\"><strong style=\"letter-spacing: 0em;\" data-start=\"1028\" data-end=\"1044\">Circuit c\u00f4tier<br \/>\n<\/strong>Depuis Costa Adeje, vous emprunterez l&#8217;ancienne route pittoresque jusqu&#8217;\u00e0 Ch\u00edo, o\u00f9 une piste tout-terrain de 20 minutes marquera le d\u00e9but de votre aventure. Ensuite, profitez des vues spectaculaires sur les falaises de Los Gigantes depuis un point de vue rural cach\u00e9. Terminez la journ\u00e9e par une baignade rafra\u00eechissante au port d&#8217;El Balito et un pique-nique compos\u00e9 de sandwichs et de boissons non alcoolis\u00e9es.  <\/p>\n<p data-start=\"1356\" data-end=\"1382\"><strong data-start=\"1364\" data-end=\"1382\">Excursion d&#8217;une journ\u00e9e au Teide<br \/>\n<\/strong>Mont\u00e9e de Costa Adeje au parc national du Teide via Ch\u00edo. D\u00e9couvrez la beaut\u00e9 volcanique du Roque de Garc\u00eda et, sur le chemin du retour, arr\u00eatez-vous dans une grotte traditionnelle guanche \u00e0 1 700 m\u00e8tres d&#8217;altitude. Comprend un pique-nique l\u00e9ger et des boissons, ainsi qu&#8217;un peu de conduite tout-terrain.  <\/p>\n<p data-start=\"1643\" data-end=\"1672\">Teide <strong data-start=\"1651\" data-end=\"1672\">Sunset Tour<br \/>\n<\/strong>Suivez le m\u00eame itin\u00e9raire \u00e9poustouflant que le Teide Day Tour, mais avec la magie du coucher de soleil sur les paysages volcaniques. Alors que la lumi\u00e8re dor\u00e9e frappe les sommets, profitez d&#8217;un pique-nique paisible et d\u00e9couvrez l&#8217;ancien pass\u00e9 de l&#8217;\u00eele \u00e0 la grotte de Guanche. <\/p>\n<p><span>&#8211; Deux chauffeurs sont inclus par v\u00e9hicule (chauffeurs suppl\u00e9mentaires : 30 \u20ac).<br \/>\n<\/span>&#8211; Au moins 2 ans d&#8217;exp\u00e9rience de la conduite et avoir au moins 21 ans pour conduire.<br \/>\n<span>&#8211; Les enfants \u00e0 partir de 2 ans sont les bienvenus, des si\u00e8ges pour enfants appropri\u00e9s \u00e9tant disponibles.<\/span><br data-start=\"780\" data-end=\"783\"><span>&#8211; Nous fournissons des vestes pour les temp\u00e9ratures plus fra\u00eeches de la montagne.<br \/>\n<\/span>&#8211; Photos \u00e0 acheter<br data-start=\"867\" data-end=\"870\"><span>&#8211; Nous vous remboursons jusqu&#8217;\u00e0 10 \u20ac de frais de taxi (sur pr\u00e9sentation d&#8217;un justificatif).<br \/>\n<\/span><\/p>\n<p><span><strong data-start=\"1933\" data-end=\"1951\">Point de rencontre :<\/strong> Costa Adeje &#8211; C.C. AguaMall<br data-start=\"1979\" data-end=\"1982\"><strong data-start=\"1982\" data-end=\"1996\">Langues :<\/strong> Espagnol, anglais, italien<br data-start=\"2022\" data-end=\"2025\"><strong data-start=\"2025\" data-end=\"2038\">V\u00e9hicules :<\/strong> 4 Jeeps (vitesse manuelle, 2500cc-4200cc) + 1 v\u00e9hicule guide<br \/>\n<\/span><\/p>\n","protected":false},"excerpt":{"rendered":"<p><span>D\u00e9couvrez T\u00e9n\u00e9rife en Jeep Wrangler avec Soul Jeep Experience, qui propose trois itin\u00e9raires inoubliables de 3 heures.<\/span><\/p>\n","protected":false},"featured_media":65296,"template":"","meta":{"_acf_changed":false,"_joinchat":[]},"product_brand":[],"product_cat":[274,152,151],"product_tag":[],"class_list":{"0":"post-65315","1":"product","2":"type-product","3":"status-publish","4":"has-post-thumbnail","6":"product_cat-aventure-dans-la-nature","7":"product_cat-circuits-ile-bus-tenerife","8":"product_cat-teide-tenerife-fr","10":"first","11":"instock","12":"virtual","13":"sold-individually","14":"purchasable","15":"product-type-booking"},"acf":[],"_links":{"self":[{"href":"https:\/\/thetenerifechannel.com\/fr\/wp-json\/wp\/v2\/product\/65315","targetHints":{"allow":["GET"]}}],"collection":[{"href":"https:\/\/thetenerifechannel.com\/fr\/wp-json\/wp\/v2\/product"}],"about":[{"href":"https:\/\/thetenerifechannel.com\/fr\/wp-json\/wp\/v2\/types\/product"}],"wp:featuredmedia":[{"embeddable":true,"href":"https:\/\/thetenerifechannel.com\/fr\/wp-json\/wp\/v2\/media\/65296"}],"wp:attachment":[{"href":"https:\/\/thetenerifechannel.com\/fr\/wp-json\/wp\/v2\/media?parent=65315"}],"wp:term":[{"taxonomy":"product_brand","embeddable":true,"href":"https:\/\/thetenerifechannel.com\/fr\/wp-json\/wp\/v2\/product_brand?post=65315"},{"taxonomy":"product_cat","embeddable":true,"href":"https:\/\/thetenerifechannel.com\/fr\/wp-json\/wp\/v2\/product_cat?post=65315"},{"taxonomy":"product_tag","embeddable":true,"href":"https:\/\/thetenerifechannel.com\/fr\/wp-json\/wp\/v2\/product_tag?post=65315"}],"curies":[{"name":"wp","href":"https:\/\/api.w.org\/{rel}","templated":true}]}}