{"id":66428,"date":"2025-07-15T10:12:22","date_gmt":"2025-07-15T10:12:22","guid":{"rendered":"https:\/\/thetenerifechannel.com\/excursions\/sailin-tour-macoyacht-3-heures\/"},"modified":"2025-07-15T10:12:22","modified_gmt":"2025-07-15T10:12:22","slug":"sailin-tour-macoyacht-3-heures","status":"publish","type":"product","link":"https:\/\/thetenerifechannel.com\/fr\/excursions\/sailin-tour-macoyacht-3-heures\/","title":{"rendered":"Sailin Tour Macoyacht (3 heures)"},"content":{"rendered":"<p data-start=\"52\" data-end=\"196\">Montez \u00e0 bord du Maco Yacht et naviguez le long de la magnifique c\u00f4te sud de T\u00e9n\u00e9riffe pour une aventure d\u00e9contract\u00e9e.<br \/>\nNotre excursion partag\u00e9e de 3 heures ne se limite pas \u00e0 l&#8217;observation des baleines, elle vous permet de vous impr\u00e9gner de l&#8217;ambiance de la c\u00f4te. Nous passerons devant des sites et des plages embl\u00e9matiques pendant que vous vous d\u00e9tendrez.<br \/>\nGardez les yeux sur les vagues : cette partie de l&#8217;oc\u00e9an abrite des globic\u00e9phales, des dauphins et parfois m\u00eame des tortues de mer qui passent en glissant. Pr\u00e9parez vos appareils photo !<br \/>\nA mi-parcours, nous jetterons l&#8217;ancre dans une baie o\u00f9 vous pourrez vous baigner ou faire de la plong\u00e9e avec masque et tuba. L&#8217;\u00e9quipement est \u00e0 notre charge &#8211; apportez simplement votre sens de l&#8217;aventure.<br \/>\nConfortable, amical et inoubliable.<br \/>\nPour vous rafra\u00eechir, nous incluons trois boissons et un savoureux sandwich. <\/p>\n<p data-start=\"488\" data-end=\"703\" data-is-last-node=\"\" data-is-only-node=\"\">Avec seulement 11 places sur nos voiliers de 12 \u00e0 14 m\u00e8tres, vous profiterez d&#8217;une atmosph\u00e8re d\u00e9tendue et peu encombr\u00e9e et d&#8217;une attention personnalis\u00e9e du d\u00e9but \u00e0 la fin.<\/p>\n<p data-start=\"399\" data-end=\"543\"><strong>INCLUS :<br \/>\n<\/strong> -Sandwich<span style=\"letter-spacing: 0em;\"> et boissons<\/span><strong><br \/>\n<\/strong>Arr\u00eat de baignade<br \/>\n-Mat\u00e9riel de plong\u00e9e en apn\u00e9e<\/p>\n<p>*Possibilit\u00e9 d&#8217;enl\u00e8vement<\/p>\n","protected":false},"excerpt":{"rendered":"<p>Participez \u00e0 une excursion en voilier de 3 heures avec observation des baleines, baignade, plong\u00e9e avec masque et tuba, d\u00e9couverte de la r\u00e9gion et boissons sur un voilier spacieux ne comptant que 11 personnes.<\/p>\n","protected":false},"featured_media":65496,"template":"","meta":{"_acf_changed":false,"_joinchat":[]},"product_brand":[],"product_cat":[145],"product_tag":[],"class_list":{"0":"post-66428","1":"product","2":"type-product","3":"status-publish","4":"has-post-thumbnail","6":"product_cat-observation-des-baleines-a-tenerife","8":"first","9":"instock","10":"virtual","11":"sold-individually","12":"purchasable","13":"product-type-booking"},"acf":[],"_links":{"self":[{"href":"https:\/\/thetenerifechannel.com\/fr\/wp-json\/wp\/v2\/product\/66428","targetHints":{"allow":["GET"]}}],"collection":[{"href":"https:\/\/thetenerifechannel.com\/fr\/wp-json\/wp\/v2\/product"}],"about":[{"href":"https:\/\/thetenerifechannel.com\/fr\/wp-json\/wp\/v2\/types\/product"}],"wp:featuredmedia":[{"embeddable":true,"href":"https:\/\/thetenerifechannel.com\/fr\/wp-json\/wp\/v2\/media\/65496"}],"wp:attachment":[{"href":"https:\/\/thetenerifechannel.com\/fr\/wp-json\/wp\/v2\/media?parent=66428"}],"wp:term":[{"taxonomy":"product_brand","embeddable":true,"href":"https:\/\/thetenerifechannel.com\/fr\/wp-json\/wp\/v2\/product_brand?post=66428"},{"taxonomy":"product_cat","embeddable":true,"href":"https:\/\/thetenerifechannel.com\/fr\/wp-json\/wp\/v2\/product_cat?post=66428"},{"taxonomy":"product_tag","embeddable":true,"href":"https:\/\/thetenerifechannel.com\/fr\/wp-json\/wp\/v2\/product_tag?post=66428"}],"curies":[{"name":"wp","href":"https:\/\/api.w.org\/{rel}","templated":true}]}}