{"id":7120,"date":"2024-03-04T12:51:45","date_gmt":"2024-03-04T12:51:45","guid":{"rendered":"https:\/\/thetenerifechannel.com\/excursions\/non%20class\u00e9\/mht-diner-spectacle-comique\/"},"modified":"2026-04-06T12:36:26","modified_gmt":"2026-04-06T12:36:26","slug":"mht-diner-spectacle-comique","status":"publish","type":"product","link":"https:\/\/thetenerifechannel.com\/fr\/excursions\/mht-diner-spectacle-comique\/","title":{"rendered":"MHT &#8211; D\u00eener-spectacle comique"},"content":{"rendered":"<section class=\"l-section wpb_row height_huge\"><div class=\"l-section-h i-cf\"><div class=\"g-cols vc_row via_grid cols_1 laptops-cols_inherit tablets-cols_inherit mobiles-cols_1 valign_top type_default stacking_default\"><div class=\"wpb_column vc_column_container\"><div class=\"vc_column-inner\"><div class=\"wpb_text_column\"><div class=\"wpb_wrapper\"><p data-start=\"120\" data-end=\"390\"><strong data-start=\"120\" data-end=\"181\">La nuit la plus dr\u00f4le de vos vacances &#8211; r\u00e9imagin\u00e9e pour 2026 !<\/strong><br data-start=\"181\" data-end=\"184\">Vivez une exp\u00e9rience inoubliable en assistant \u00e0 un d\u00eener de com\u00e9die drag, avec une toute nouvelle production de 2026. Attendez-vous \u00e0 des chants en direct, des costumes \u00e9blouissants, une com\u00e9die hilarante et une distribution professionnelle compl\u00e8te de reines et de danseurs. <\/p>\n<p data-pm-slice=\"1 1 &#091;&#093;\">La soir\u00e9e comprend un d\u00eener de trois plats avec service \u00e0 table, une com\u00e9die avant le spectacle, un spectacle principal tr\u00e8s \u00e9nergique et un final interactif. Jou\u00e9 en anglais et adapt\u00e9 aux familles, c&#8217;est la soir\u00e9e id\u00e9ale pour les couples, les amis et les familles. <\/p>\n<p><span class=\"x1rg5ohu x16dsc37 x19la9d6 x1fc57z9 x6ikm8r x10wlt62 x19co3pv x11tp94h xw4jnvo x1qx5ct2 xfibh0p xiy17q3 x1xsqp64 x1lkfr7t xexx8yu xyri2b x18d9i69 x1c1uobl\"><span class=\"xrtxmta x1bhl96m\">\ud83d\udccdPlaya de Las Americas<\/span><\/span><\/p>\n<p>&nbsp;<\/p>\n<p><strong>Horaires approximatifs :<br \/>\n<\/strong>Ouverture des portes 19.00<br \/>\nMHT Avant le spectacle 19.30<br \/>\nLe repas est servi 19.45<br \/>\nMHT Spectacle principal 20.45<br \/>\nLe spectacle se termine 23.00<br \/>\n(pause de 15 minutes incluse).<\/p>\n<div><\/div>\n<\/div><\/div><\/div><\/div><\/div><\/div><\/section>\n","protected":false},"excerpt":{"rendered":"<p>Ne vous contentez pas d&#8217;assister \u00e0 un spectacle de Drag, faites l&#8217;exp\u00e9rience d&#8217;un d\u00eener-spectacle comique \u00e0 grande \u00e9chelle !<br \/>\nDes chants en direct, des costumes \u00e9blouissants, une com\u00e9die hilarante et un repas de trois plats en une nuit inoubliable.<\/p>\n","protected":false},"featured_media":108146,"template":"","meta":{"_acf_changed":false,"_joinchat":[]},"product_brand":[],"product_cat":[172],"product_tag":[343],"class_list":{"0":"post-7120","1":"product","2":"type-product","3":"status-publish","4":"has-post-thumbnail","6":"product_cat-spectacles-en-soiree-tenerife","7":"product_tag-a-vibe-nightlife","9":"first","10":"instock","11":"virtual","12":"sold-individually","13":"purchasable","14":"product-type-booking"},"acf":[],"_links":{"self":[{"href":"https:\/\/thetenerifechannel.com\/fr\/wp-json\/wp\/v2\/product\/7120","targetHints":{"allow":["GET"]}}],"collection":[{"href":"https:\/\/thetenerifechannel.com\/fr\/wp-json\/wp\/v2\/product"}],"about":[{"href":"https:\/\/thetenerifechannel.com\/fr\/wp-json\/wp\/v2\/types\/product"}],"wp:featuredmedia":[{"embeddable":true,"href":"https:\/\/thetenerifechannel.com\/fr\/wp-json\/wp\/v2\/media\/108146"}],"wp:attachment":[{"href":"https:\/\/thetenerifechannel.com\/fr\/wp-json\/wp\/v2\/media?parent=7120"}],"wp:term":[{"taxonomy":"product_brand","embeddable":true,"href":"https:\/\/thetenerifechannel.com\/fr\/wp-json\/wp\/v2\/product_brand?post=7120"},{"taxonomy":"product_cat","embeddable":true,"href":"https:\/\/thetenerifechannel.com\/fr\/wp-json\/wp\/v2\/product_cat?post=7120"},{"taxonomy":"product_tag","embeddable":true,"href":"https:\/\/thetenerifechannel.com\/fr\/wp-json\/wp\/v2\/product_tag?post=7120"}],"curies":[{"name":"wp","href":"https:\/\/api.w.org\/{rel}","templated":true}]}}