{"id":71959,"date":"2025-08-04T18:00:12","date_gmt":"2025-08-04T18:00:12","guid":{"rendered":"https:\/\/thetenerifechannel.com\/excursions\/seatrek\/"},"modified":"2025-08-04T18:00:12","modified_gmt":"2025-08-04T18:00:12","slug":"seatrek","status":"publish","type":"product","link":"https:\/\/thetenerifechannel.com\/fr\/excursions\/seatrek\/","title":{"rendered":"SeaTREK"},"content":{"rendered":"<p data-start=\"141\" data-end=\"341\">D\u00e9couvrez le monde sous-marin de Tenerife sans \u00e9quipement de plong\u00e9e ! Notre casque de plong\u00e9e SeaTREK vous permet de marcher sur le fond de l&#8217;oc\u00e9an, de respirer naturellement et de profiter de la beaut\u00e9 marine &#8211; aucune comp\u00e9tence en natation n&#8217;est requise. <\/p>\n<p data-start=\"343\" data-end=\"578\">Parfaites pour les d\u00e9butants, les familles et les aventuriers plus \u00e2g\u00e9s, nos excursions sont s\u00fbres, faciles et guid\u00e9es par des instructeurs exp\u00e9riment\u00e9s. Au d\u00e9part de la plage de Las Vistas, en petits groupes et dans une atmosph\u00e8re amicale, vous vivrez une exp\u00e9rience d\u00e9tendue et inoubliable sous les vagues. L&#8217;exp\u00e9rience dure environ 20-25 minutes.  <\/p>\n<ul>\n<li data-start=\"691\" data-end=\"727\">Respirez normalement par le nez<\/li>\n<li data-start=\"691\" data-end=\"727\">Gardez vos cheveux, votre maquillage et vos lunettes parfaitement intacts<\/li>\n<li data-start=\"785\" data-end=\"856\">\n<p data-start=\"787\" data-end=\"856\">Marchez comme si vous \u00e9tiez sur la terre ferme, mais immerg\u00e9 dans un monde marin surr\u00e9aliste.<br \/>\n*Chaque visite est limit\u00e9e \u00e0 4 personnes maximum. Deux personnes vont sous l&#8217;eau pendant que les deux autres attendent, puis changent de place. <\/p>\n<\/li>\n<\/ul>\n","protected":false},"excerpt":{"rendered":"<p data-start=\"160\" data-end=\"441\">Une promenade sous-marine avec un casque futuriste qui vous donne l&#8217;impression de marcher dans l&#8217;espace&#8230; mais sous la mer.<\/p>\n","protected":false},"featured_media":71944,"template":"","meta":{"_acf_changed":false,"_joinchat":[]},"product_brand":[],"product_cat":[274,169],"product_tag":[],"class_list":{"0":"post-71959","1":"product","2":"type-product","3":"status-publish","4":"has-post-thumbnail","6":"product_cat-aventure-dans-la-nature","7":"product_cat-sports-nautiques-tenerife","9":"first","10":"instock","11":"virtual","12":"sold-individually","13":"purchasable","14":"product-type-booking"},"acf":[],"_links":{"self":[{"href":"https:\/\/thetenerifechannel.com\/fr\/wp-json\/wp\/v2\/product\/71959","targetHints":{"allow":["GET"]}}],"collection":[{"href":"https:\/\/thetenerifechannel.com\/fr\/wp-json\/wp\/v2\/product"}],"about":[{"href":"https:\/\/thetenerifechannel.com\/fr\/wp-json\/wp\/v2\/types\/product"}],"wp:featuredmedia":[{"embeddable":true,"href":"https:\/\/thetenerifechannel.com\/fr\/wp-json\/wp\/v2\/media\/71944"}],"wp:attachment":[{"href":"https:\/\/thetenerifechannel.com\/fr\/wp-json\/wp\/v2\/media?parent=71959"}],"wp:term":[{"taxonomy":"product_brand","embeddable":true,"href":"https:\/\/thetenerifechannel.com\/fr\/wp-json\/wp\/v2\/product_brand?post=71959"},{"taxonomy":"product_cat","embeddable":true,"href":"https:\/\/thetenerifechannel.com\/fr\/wp-json\/wp\/v2\/product_cat?post=71959"},{"taxonomy":"product_tag","embeddable":true,"href":"https:\/\/thetenerifechannel.com\/fr\/wp-json\/wp\/v2\/product_tag?post=71959"}],"curies":[{"name":"wp","href":"https:\/\/api.w.org\/{rel}","templated":true}]}}