{"id":8554,"date":"2024-05-21T10:53:47","date_gmt":"2024-05-21T10:53:47","guid":{"rendered":"https:\/\/thetenerifechannel.com\/?post_type=product&#038;p=8554"},"modified":"2026-03-09T13:57:57","modified_gmt":"2026-03-09T13:57:57","slug":"catamaran-monte-cristo-3-heures-copy","status":"publish","type":"product","link":"https:\/\/thetenerifechannel.com\/fr\/excursions\/catamaran-monte-cristo-3-heures-copy\/","title":{"rendered":"3 heures de charter priv\u00e9 Monte Cristo Catamaran."},"content":{"rendered":"<div class=\"flex-shrink-0 flex flex-col relative items-end\">\n<div>\n<div class=\"pt-0.5\">\n<div class=\"gizmo-shadow-stroke flex h-6 w-6 items-center justify-center overflow-hidden rounded-full\"><span style=\"letter-spacing: 0em;\">Profitez d&#8217;une excursion priv\u00e9e de trois heures en catamaran pour des groupes de 24 passagers maximum, avec un d\u00e9licieux d\u00e9jeuner et des boissons alcoolis\u00e9es inclus. <\/span><\/div>\n<div class=\"gizmo-shadow-stroke flex h-6 w-6 items-center justify-center overflow-hidden rounded-full\"><span style=\"letter-spacing: 0em;\">Rep\u00e9rez la vie marine locale comme les baleines, les tortues de mer et les dauphins, et profitez de l&#8217;\u00e9quipement de plong\u00e9e avec tuba inclus. <\/span><\/div>\n<div class=\"gizmo-shadow-stroke flex h-6 w-6 items-center justify-center overflow-hidden rounded-full\"><span style=\"letter-spacing: 0em;\">D\u00e9tendez-vous avec la prise en charge et la d\u00e9pose \u00e0 l&#8217;h\u00f4tel, vous n&#8217;avez donc pas \u00e0 vous soucier des transferts.<\/span><\/div>\n<div><\/div>\n<div class=\"gizmo-shadow-stroke flex h-6 w-6 items-center justify-center overflow-hidden rounded-full\"><strong>I<\/strong><strong>NCLU :<\/strong><\/div>\n<\/div>\n<\/div>\n<\/div>\n<div class=\"relative flex w-full flex-col lg:w-[calc(100%-115px)] agent-turn\">\n<div class=\"flex-col gap-1 md:gap-3\">\n<div class=\"flex flex-grow flex-col max-w-full\">\n<div class=\"min-h-[20px] text-message flex flex-col items-start gap-3 whitespace-pre-wrap break-words [.text-message+&amp;]:mt-5 overflow-x-auto\" data-message-author-role=\"assistant\" data-message-id=\"438cac28-43c5-4a9e-9167-cf19b3fb492c\">\n<div class=\"markdown prose w-full break-words dark:prose-invert light\">\n<div class=\"relative flex w-full flex-col lg:w-[calc(100%-115px)] agent-turn\">\n<div class=\"flex-col gap-1 md:gap-3\">\n<div class=\"flex flex-grow flex-col max-w-full\">\n<div class=\"min-h-[20px] text-message flex flex-col items-start gap-3 whitespace-pre-wrap break-words [.text-message+&amp;]:mt-5 overflow-x-auto\" data-message-author-role=\"assistant\" data-message-id=\"452772fb-9ab2-467a-8880-fbf096d105a2\">\n<div class=\"markdown prose w-full break-words dark:prose-invert light\">\n<div class=\"relative flex w-full flex-col lg:w-[calc(100%-115px)] agent-turn\">\n<div class=\"flex-col gap-1 md:gap-3\">\n<div class=\"flex flex-grow flex-col max-w-full\">\n<div class=\"min-h-[20px] text-message flex flex-col items-start gap-3 whitespace-pre-wrap break-words [.text-message+&amp;]:mt-5 overflow-x-auto\" data-message-author-role=\"assistant\" data-message-id=\"388e8325-731f-458a-b520-1f2a2b311292\">\n<div class=\"markdown prose w-full break-words dark:prose-invert light\">\n<ul>\n<li>Nourriture et boissons.<\/li>\n<li>Boissons alcoolis\u00e9es<\/li>\n<li>Eau en bouteille<\/li>\n<li>\u00c9quipement de plong\u00e9e avec tuba.<\/li>\n<li>Transport du sud.<\/li>\n<li>Gilets de sauvetage.<\/li>\n<li>Petits groupes &#8211; maximum 24 passagers.<\/li>\n<\/ul>\n<p><strong>NON COMPRIS :<\/strong><\/p>\n<ul>\n<li>Serviettes<\/li>\n<li>\u00c9cran solaire<\/li>\n<\/ul>\n<\/div>\n<\/div>\n<\/div>\n<\/div>\n<\/div>\n<\/div>\n<\/div>\n<\/div>\n<\/div>\n<\/div>\n<\/div>\n<\/div>\n<\/div>\n<\/div>\n<\/div>\n","protected":false},"excerpt":{"rendered":"<div class=\"flex-shrink-0 flex flex-col relative items-end\">\n<div class=\"pt-0.5\">\n<div class=\"gizmo-shadow-stroke flex h-6 w-6 items-center justify-center overflow-hidden rounded-full\">Faites l&#8217;exp\u00e9rience du luxe ultime sur ce catamaran priv\u00e9 exclusif. D\u00e9couvrez les baleines et les dauphins dans leur habitat naturel, profitez d&#8217;un savoureux buffet \u00e0 bord et explorez le monde sous-marin en faisant de la plong\u00e9e avec masque et tuba. Parfait pour les familles, les amis ou les couples \u00e0 la recherche d&#8217;une journ\u00e9e sp\u00e9ciale sur l&#8217;eau.  <\/div>\n<\/div>\n<\/div>\n","protected":false},"featured_media":5612,"template":"","meta":{"_acf_changed":false,"_joinchat":[]},"product_brand":[],"product_cat":[229,145],"product_tag":[],"class_list":{"0":"post-8554","1":"product","2":"type-product","3":"status-publish","4":"has-post-thumbnail","6":"product_cat-charters-prives-tenerife","7":"product_cat-observation-des-baleines-a-tenerife","8":"pa_depart-from-sud-de-lile","10":"first","11":"instock","12":"virtual","13":"sold-individually","14":"purchasable","15":"product-type-booking"},"acf":[],"_links":{"self":[{"href":"https:\/\/thetenerifechannel.com\/fr\/wp-json\/wp\/v2\/product\/8554","targetHints":{"allow":["GET"]}}],"collection":[{"href":"https:\/\/thetenerifechannel.com\/fr\/wp-json\/wp\/v2\/product"}],"about":[{"href":"https:\/\/thetenerifechannel.com\/fr\/wp-json\/wp\/v2\/types\/product"}],"wp:featuredmedia":[{"embeddable":true,"href":"https:\/\/thetenerifechannel.com\/fr\/wp-json\/wp\/v2\/media\/5612"}],"wp:attachment":[{"href":"https:\/\/thetenerifechannel.com\/fr\/wp-json\/wp\/v2\/media?parent=8554"}],"wp:term":[{"taxonomy":"product_brand","embeddable":true,"href":"https:\/\/thetenerifechannel.com\/fr\/wp-json\/wp\/v2\/product_brand?post=8554"},{"taxonomy":"product_cat","embeddable":true,"href":"https:\/\/thetenerifechannel.com\/fr\/wp-json\/wp\/v2\/product_cat?post=8554"},{"taxonomy":"product_tag","embeddable":true,"href":"https:\/\/thetenerifechannel.com\/fr\/wp-json\/wp\/v2\/product_tag?post=8554"}],"curies":[{"name":"wp","href":"https:\/\/api.w.org\/{rel}","templated":true}]}}