{"id":8676,"date":"2024-05-22T16:36:21","date_gmt":"2024-05-22T16:36:21","guid":{"rendered":"https:\/\/thetenerifechannel.com\/excursions\/non%20class\u00e9\/opera-60-luxury-charter\/"},"modified":"2026-03-09T13:57:47","modified_gmt":"2026-03-09T13:57:47","slug":"opera-60-luxury-charter","status":"publish","type":"product","link":"https:\/\/thetenerifechannel.com\/fr\/excursions\/opera-60-luxury-charter\/","title":{"rendered":"Opera 60 Luxury Charter"},"content":{"rendered":"<p>Transformez votre journ\u00e9e en une aventure inoubliable en participant \u00e0 cette \u00e9l\u00e9gante excursion de 3 heures en bateau \u00e0 moteur. Au d\u00e9part de Puerto Colon \u00e0 Las Am\u00e9ricas, nous naviguons le long de la c\u00f4te occidentale de T\u00e9n\u00e9riffe. En chemin, vous aurez l&#8217;occasion d&#8217;observer des baleines et des dauphins dans leur environnement naturel. Nous jetterons l&#8217;ancre pr\u00e8s du Puertito de Arme\u00f1ime pour un arr\u00eat prolong\u00e9 de baignade, o\u00f9 vous pourrez faire du snorkeling avec l&#8217;\u00e9quipement fourni \u00e0 bord.<br \/>\nL&#8217;excursion est accompagn\u00e9e d&#8217;un buffet chaud compos\u00e9 de d\u00e9licieuses sp\u00e9cialit\u00e9s espagnoles, et d&#8217;un bar gratuit disponible pendant toute la dur\u00e9e du voyage. Rejoignez-nous et rendez votre journ\u00e9e extraordinaire !    <\/p>\n<p><strong>INCLUS :<\/strong><\/p>\n<ul>\n<li>Groupe r\u00e9duit : jusqu&#8217;\u00e0 12 passagers.<\/li>\n<li>Repas chaud et boissons inclus.<\/li>\n<li>Arr\u00eat natation.<\/li>\n<li>Mat\u00e9riel de plong\u00e9e avec tuba.<\/li>\n<\/ul>\n<p><strong>NON COMPRIS :<br \/>\n<\/strong><\/p>\n<ul>\n<li>Serviettes<\/li>\n<\/ul>\n","protected":false},"excerpt":{"rendered":"<p>Offrez-vous un luxueux voyage de 3 heures \u00e0 bord de l&#8217;\u00e9l\u00e9gante vedette Opera 60.<br \/>\nPartez \u00e0 la recherche des baleines et des dauphins, et profitez d&#8217;une belle journ\u00e9e lors de cette excursion inoubliable.<\/p>\n","protected":false},"featured_media":8664,"template":"","meta":{"_acf_changed":false,"_joinchat":[]},"product_brand":[],"product_cat":[145],"product_tag":[266],"class_list":{"0":"post-8676","1":"product","2":"type-product","3":"status-publish","4":"has-post-thumbnail","6":"product_cat-observation-des-baleines-a-tenerife","7":"product_tag-cartes-de-visite","8":"pa_depart-from-sud-de-lile","10":"first","11":"instock","12":"virtual","13":"sold-individually","14":"purchasable","15":"product-type-booking"},"acf":[],"_links":{"self":[{"href":"https:\/\/thetenerifechannel.com\/fr\/wp-json\/wp\/v2\/product\/8676","targetHints":{"allow":["GET"]}}],"collection":[{"href":"https:\/\/thetenerifechannel.com\/fr\/wp-json\/wp\/v2\/product"}],"about":[{"href":"https:\/\/thetenerifechannel.com\/fr\/wp-json\/wp\/v2\/types\/product"}],"wp:featuredmedia":[{"embeddable":true,"href":"https:\/\/thetenerifechannel.com\/fr\/wp-json\/wp\/v2\/media\/8664"}],"wp:attachment":[{"href":"https:\/\/thetenerifechannel.com\/fr\/wp-json\/wp\/v2\/media?parent=8676"}],"wp:term":[{"taxonomy":"product_brand","embeddable":true,"href":"https:\/\/thetenerifechannel.com\/fr\/wp-json\/wp\/v2\/product_brand?post=8676"},{"taxonomy":"product_cat","embeddable":true,"href":"https:\/\/thetenerifechannel.com\/fr\/wp-json\/wp\/v2\/product_cat?post=8676"},{"taxonomy":"product_tag","embeddable":true,"href":"https:\/\/thetenerifechannel.com\/fr\/wp-json\/wp\/v2\/product_tag?post=8676"}],"curies":[{"name":"wp","href":"https:\/\/api.w.org\/{rel}","templated":true}]}}